{"id":979,"date":"2024-03-18T14:07:39","date_gmt":"2024-03-18T11:07:39","guid":{"rendered":"https:\/\/peronmedya.com\/fenis\/?page_id=979"},"modified":"2024-09-19T15:52:08","modified_gmt":"2024-09-19T12:52:08","slug":"fn-320-portatif-kesim-makinesi-o300mm-yatarli","status":"publish","type":"page","link":"https:\/\/fenismakina.com\/en\/urunler\/fn-320-portatif-kesim-makinesi-o300mm-yatarli\/","title":{"rendered":"FN 320 Portable Mitre Saw Machine \u00d8 300mm \n(tilting head)"},"content":{"rendered":"<div data-elementor-type=\"wp-page\" data-elementor-id=\"979\" class=\"elementor elementor-979\" data-elementor-post-type=\"page\">\n\t\t\t\t<div class=\"elementor-element elementor-element-2a2e237 e-flex e-con-boxed e-con e-parent\" data-id=\"2a2e237\" data-element_type=\"container\" data-settings=\"{&quot;background_background&quot;:&quot;classic&quot;}\">\n\t\t\t\t\t<div class=\"e-con-inner\">\n\t\t\t\t<div class=\"elementor-element elementor-element-a0ed36c elementor-widget elementor-widget-heading\" data-id=\"a0ed36c\" data-element_type=\"widget\" data-settings=\"{&quot;motion_fx_motion_fx_scrolling&quot;:&quot;yes&quot;,&quot;motion_fx_scale_effect&quot;:&quot;yes&quot;,&quot;motion_fx_scale_range&quot;:{&quot;unit&quot;:&quot;%&quot;,&quot;size&quot;:&quot;&quot;,&quot;sizes&quot;:{&quot;start&quot;:50,&quot;end&quot;:100}},&quot;motion_fx_scale_direction&quot;:&quot;out-in&quot;,&quot;motion_fx_scale_speed&quot;:{&quot;unit&quot;:&quot;px&quot;,&quot;size&quot;:4,&quot;sizes&quot;:[]},&quot;motion_fx_devices&quot;:[&quot;desktop&quot;,&quot;tablet&quot;,&quot;mobile&quot;]}\" data-widget_type=\"heading.default\">\n\t\t\t\t<div class=\"elementor-widget-container\">\n\t\t\t\t\t<h2 class=\"elementor-heading-title elementor-size-default\">FN 320<\/h2>\t\t\t\t<\/div>\n\t\t\t\t<\/div>\n\t\t\t\t<div class=\"elementor-element elementor-element-30b7146 elementor-widget elementor-widget-image\" data-id=\"30b7146\" data-element_type=\"widget\" data-settings=\"{&quot;motion_fx_motion_fx_scrolling&quot;:&quot;yes&quot;,&quot;motion_fx_scale_effect&quot;:&quot;yes&quot;,&quot;motion_fx_scale_direction&quot;:&quot;out-in&quot;,&quot;motion_fx_scale_speed&quot;:{&quot;unit&quot;:&quot;px&quot;,&quot;size&quot;:4,&quot;sizes&quot;:[]},&quot;motion_fx_scale_range&quot;:{&quot;unit&quot;:&quot;%&quot;,&quot;size&quot;:&quot;&quot;,&quot;sizes&quot;:{&quot;start&quot;:20,&quot;end&quot;:80}},&quot;motion_fx_devices&quot;:[&quot;desktop&quot;,&quot;tablet&quot;,&quot;mobile&quot;]}\" data-widget_type=\"image.default\">\n\t\t\t\t<div class=\"elementor-widget-container\">\n\t\t\t\t\t\t\t\t\t\t\t\t\t\t\t<img fetchpriority=\"high\" decoding=\"async\" width=\"800\" height=\"573\" src=\"https:\/\/fenismakina.com\/wp-content\/uploads\/2024\/03\/FN-320-1024x734.png\" class=\"attachment-large size-large wp-image-1042\" alt=\"\" srcset=\"https:\/\/fenismakina.com\/wp-content\/uploads\/2024\/03\/FN-320-1024x734.png 1024w, https:\/\/fenismakina.com\/wp-content\/uploads\/2024\/03\/FN-320-300x215.png 300w, https:\/\/fenismakina.com\/wp-content\/uploads\/2024\/03\/FN-320-768x550.png 768w, https:\/\/fenismakina.com\/wp-content\/uploads\/2024\/03\/FN-320-600x430.png 600w, https:\/\/fenismakina.com\/wp-content\/uploads\/2024\/03\/FN-320.png 1377w\" sizes=\"(max-width: 800px) 100vw, 800px\" \/>\t\t\t\t\t\t\t\t\t\t\t\t\t\t\t<\/div>\n\t\t\t\t<\/div>\n\t\t\t\t<div class=\"elementor-element elementor-element-a93cbaf elementor-widget__width-initial elementor-widget-mobile__width-inherit elementor-widget elementor-widget-text-editor\" data-id=\"a93cbaf\" data-element_type=\"widget\" data-widget_type=\"text-editor.default\">\n\t\t\t\t<div class=\"elementor-widget-container\">\n\t\t\t\t\t\t\t\t\t<p>\u2013 FN320 Portable Mitre Saw Machine is used for \n straight and angular cutting processes of aluminum, wooden and plastic materials.<\/p>\t\t\t\t\t\t\t\t<\/div>\n\t\t\t\t<\/div>\n\t\t\t\t\t<\/div>\n\t\t\t\t<\/div>\n\t\t<div class=\"elementor-element elementor-element-97535ce e-flex e-con-boxed e-con e-parent\" data-id=\"97535ce\" data-element_type=\"container\" data-settings=\"{&quot;background_background&quot;:&quot;classic&quot;}\">\n\t\t\t\t\t<div class=\"e-con-inner\">\n\t\t<div class=\"elementor-element elementor-element-b1de1bf e-con-full e-flex e-con e-child\" data-id=\"b1de1bf\" data-element_type=\"container\">\n\t\t\t\t<div class=\"elementor-element elementor-element-2f9f7c0 elementor-widget elementor-widget-heading\" data-id=\"2f9f7c0\" data-element_type=\"widget\" data-widget_type=\"heading.default\">\n\t\t\t\t<div class=\"elementor-widget-container\">\n\t\t\t\t\t<h3 class=\"elementor-heading-title elementor-size-default\">Features<\/h3>\t\t\t\t<\/div>\n\t\t\t\t<\/div>\n\t\t\t\t<div class=\"elementor-element elementor-element-ab60a67 elementor-widget-divider--view-line elementor-widget elementor-widget-divider\" data-id=\"ab60a67\" data-element_type=\"widget\" data-widget_type=\"divider.default\">\n\t\t\t\t<div class=\"elementor-widget-container\">\n\t\t\t\t\t\t\t<div class=\"elementor-divider\">\n\t\t\t<span class=\"elementor-divider-separator\">\n\t\t\t\t\t\t<\/span>\n\t\t<\/div>\n\t\t\t\t\t\t<\/div>\n\t\t\t\t<\/div>\n\t\t\t\t<div class=\"elementor-element elementor-element-c896dd6 elementor-widget elementor-widget-text-editor\" data-id=\"c896dd6\" data-element_type=\"widget\" data-widget_type=\"text-editor.default\">\n\t\t\t\t<div class=\"elementor-widget-container\">\n\t\t\t\t\t\t\t\t\t<p>\u2022 Cutting at any desired angle between -45\u00b0, +45\u00b0 \n and 0\u00b0, 15\u00b0, 22.5\u00b0, 30\u00b0, 45\u00b0 right and left angle \n fixing<br \/>\u2022 Head with ability to tilt left between 0\u00b0 and 45\u00b0<br \/>\u2022 Ability to cut on the upper table<br \/>\u2022 Safe cutting with saw barrier and strong spring \n system<br \/>\u2022 Strong and precision cutting operations with 1.5hp electric motor<br \/>\u2022Machine body made of special aluminum alloy<br \/>\u2022 Durable electrostatic paint<\/p>\t\t\t\t\t\t\t\t<\/div>\n\t\t\t\t<\/div>\n\t\t\t\t<\/div>\n\t\t<div class=\"elementor-element elementor-element-f0abd7a e-con-full e-flex e-con e-child\" data-id=\"f0abd7a\" data-element_type=\"container\">\n\t\t\t\t<div class=\"elementor-element elementor-element-762d25a elementor-widget elementor-widget-heading\" data-id=\"762d25a\" data-element_type=\"widget\" data-widget_type=\"heading.default\">\n\t\t\t\t<div class=\"elementor-widget-container\">\n\t\t\t\t\t<h3 class=\"elementor-heading-title elementor-size-default\">Standard Equipments<\/h3>\t\t\t\t<\/div>\n\t\t\t\t<\/div>\n\t\t\t\t<div class=\"elementor-element elementor-element-853f5da elementor-widget-divider--view-line elementor-widget elementor-widget-divider\" data-id=\"853f5da\" data-element_type=\"widget\" data-widget_type=\"divider.default\">\n\t\t\t\t<div class=\"elementor-widget-container\">\n\t\t\t\t\t\t\t<div class=\"elementor-divider\">\n\t\t\t<span class=\"elementor-divider-separator\">\n\t\t\t\t\t\t<\/span>\n\t\t<\/div>\n\t\t\t\t\t\t<\/div>\n\t\t\t\t<\/div>\n\t\t\t\t<div class=\"elementor-element elementor-element-f82677a elementor-widget elementor-widget-text-editor\" data-id=\"f82677a\" data-element_type=\"widget\" data-widget_type=\"text-editor.default\">\n\t\t\t\t<div class=\"elementor-widget-container\">\n\t\t\t\t\t\t\t\t\t<div class=\"page\" title=\"\u2022 \u00d8250 mm saw blade\"><div class=\"section\"><div class=\"layoutArea\"><div class=\"column\"><p>\u2022 Profile support<br \/>\u2022 1x horizontal clamp<\/p><\/div><\/div><\/div><\/div>\t\t\t\t\t\t\t\t<\/div>\n\t\t\t\t<\/div>\n\t\t\t\t<div class=\"elementor-element elementor-element-744f6ff elementor-widget elementor-widget-heading\" data-id=\"744f6ff\" data-element_type=\"widget\" data-widget_type=\"heading.default\">\n\t\t\t\t<div class=\"elementor-widget-container\">\n\t\t\t\t\t<h3 class=\"elementor-heading-title elementor-size-default\">Optional Equipments<\/h3>\t\t\t\t<\/div>\n\t\t\t\t<\/div>\n\t\t\t\t<div class=\"elementor-element elementor-element-19385b5 elementor-widget-divider--view-line elementor-widget elementor-widget-divider\" data-id=\"19385b5\" data-element_type=\"widget\" data-widget_type=\"divider.default\">\n\t\t\t\t<div class=\"elementor-widget-container\">\n\t\t\t\t\t\t\t<div class=\"elementor-divider\">\n\t\t\t<span class=\"elementor-divider-separator\">\n\t\t\t\t\t\t<\/span>\n\t\t<\/div>\n\t\t\t\t\t\t<\/div>\n\t\t\t\t<\/div>\n\t\t\t\t<div class=\"elementor-element elementor-element-d273239 elementor-widget elementor-widget-text-editor\" data-id=\"d273239\" data-element_type=\"widget\" data-widget_type=\"text-editor.default\">\n\t\t\t\t<div class=\"elementor-widget-container\">\n\t\t\t\t\t\t\t\t\t<div class=\"page\" title=\"\u2022 \u00d8250 mm saw blade\"><div class=\"section\"><div class=\"layoutArea\"><div class=\"column\"><p>\u2022 \u00d8 300 mm saw blade<br \/>\u2022 FN ST300 Machine cabinet<br \/>\u2022 Motor brake unit<br \/>\u2022 Three-phase system<br \/>\u2022 Second clamp<\/p><\/div><\/div><\/div><\/div>\t\t\t\t\t\t\t\t<\/div>\n\t\t\t\t<\/div>\n\t\t\t\t<\/div>\n\t\t\t\t\t<\/div>\n\t\t\t\t<\/div>\n\t\t<div class=\"elementor-element elementor-element-8a71cf0 e-flex e-con-boxed e-con e-parent\" data-id=\"8a71cf0\" data-element_type=\"container\" data-settings=\"{&quot;background_background&quot;:&quot;classic&quot;}\">\n\t\t\t\t\t<div class=\"e-con-inner\">\n\t\t\t\t<div class=\"elementor-element elementor-element-0594775 elementor-widget elementor-widget-html\" data-id=\"0594775\" data-element_type=\"widget\" data-widget_type=\"html.default\">\n\t\t\t\t<div class=\"elementor-widget-container\">\n\t\t\t\t\t<script> $('#lightbox-video-trigger').click(function() { setTimeout(function() { $('#elementor-lightbox video').attr('controls', 'true'); }, 2000); }); <\/script>\n\n\n\n\t\t\t\t<\/div>\n\t\t\t\t<\/div>\n\t\t\t\t<div class=\"elementor-element elementor-element-a84355d elementor-position-left elementor-view-default elementor-mobile-position-top elementor-invisible elementor-widget elementor-widget-icon-box\" data-id=\"a84355d\" data-element_type=\"widget\" data-settings=\"{&quot;_animation&quot;:&quot;pulse&quot;}\" data-widget_type=\"icon-box.default\">\n\t\t\t\t<div class=\"elementor-widget-container\">\n\t\t\t\t\t\t\t<div class=\"elementor-icon-box-wrapper\">\n\n\t\t\t\t\t\t<div class=\"elementor-icon-box-icon\">\n\t\t\t\t<span  class=\"elementor-icon\">\n\t\t\t\t<svg xmlns=\"http:\/\/www.w3.org\/2000\/svg\" id=\"Layer_1\" data-name=\"Layer 1\" viewbox=\"0 0 24 24\" width=\"512\" height=\"512\"><path d=\"M12,20c-.534,0-1.036-.208-1.414-.586l-5.281-5.281,1.414-1.414,5.281,5.281,5.281-5.281,1.414,1.414-5.281,5.281c-.378,.378-.88,.586-1.414,.586Zm.825-7.001l5.871-5.871-1.414-1.414-5.281,5.282L6.719,5.714l-1.414,1.414,5.873,5.874c.227,.225,.523,.337,.821,.337s.598-.113,.826-.34Z\"><\/path><\/svg>\t\t\t\t<\/span>\n\t\t\t<\/div>\n\t\t\t\n\t\t\t\t\t\t<div class=\"elementor-icon-box-content\">\n\n\t\t\t\t\t\t\t\t\t<h3 class=\"elementor-icon-box-title\">\n\t\t\t\t\t\t<span  >\n\t\t\t\t\t\t\tClick to watch the video\t\t\t\t\t\t<\/span>\n\t\t\t\t\t<\/h3>\n\t\t\t\t\n\t\t\t\t\n\t\t\t<\/div>\n\t\t\t\n\t\t<\/div>\n\t\t\t\t\t\t<\/div>\n\t\t\t\t<\/div>\n\t\t\t\t\t<\/div>\n\t\t\t\t<\/div>\n\t\t<div class=\"elementor-element elementor-element-c1b8711 e-con-full e-flex e-con e-parent\" data-id=\"c1b8711\" data-element_type=\"container\" data-settings=\"{&quot;background_background&quot;:&quot;classic&quot;}\">\n\t\t\t\t<div class=\"elementor-element elementor-element-d4bfb4c elementor-view-default elementor-widget elementor-widget-icon\" data-id=\"d4bfb4c\" data-element_type=\"widget\" data-widget_type=\"icon.default\">\n\t\t\t\t<div class=\"elementor-widget-container\">\n\t\t\t\t\t\t\t<div class=\"elementor-icon-wrapper\">\n\t\t\t<a class=\"elementor-icon\" href=\"#elementor-action%3Aaction%3Dlightbox%26settings%3DeyJ0eXBlIjoidmlkZW8iLCJ2aWRlb1R5cGUiOiJob3N0ZWQiLCJ1cmwiOiJodHRwczpcL1wvZmVuaXNtYWtpbmEuY29tXC93cC1jb250ZW50XC91cGxvYWRzXC8yMDI0XC8wOVwveTJtYXRlLmNvbS1GTi0zMjAtUG9ydGFibGUtTWl0cmUtU2F3LU1hY2hpbmUtMzAwbW0tdGlsdGluZy1oZWFkLUZlbmlzLU1hY2hpbmVyeV8zNjBQLm1wNCJ9\">\n\t\t\t<svg aria-hidden=\"true\" class=\"e-font-icon-svg e-fas-play-circle\" viewbox=\"0 0 512 512\" xmlns=\"http:\/\/www.w3.org\/2000\/svg\"><path d=\"M256 8C119 8 8 119 8 256s111 248 248 248 248-111 248-248S393 8 256 8zm115.7 272l-176 101c-15.8 8.8-35.7-2.5-35.7-21V152c0-18.4 19.8-29.8 35.7-21l176 107c16.4 9.2 16.4 32.9 0 42z\"><\/path><\/svg>\t\t\t<\/a>\n\t\t<\/div>\n\t\t\t\t\t\t<\/div>\n\t\t\t\t<\/div>\n\t\t\t\t<\/div>\n\t\t<div class=\"elementor-element elementor-element-1b98418 e-flex e-con-boxed e-con e-parent\" data-id=\"1b98418\" data-element_type=\"container\" data-settings=\"{&quot;background_background&quot;:&quot;classic&quot;}\">\n\t\t\t\t\t<div class=\"e-con-inner\">\n\t\t\t\t<div class=\"elementor-element elementor-element-63f86dd elementor-widget elementor-widget-heading\" data-id=\"63f86dd\" data-element_type=\"widget\" data-widget_type=\"heading.default\">\n\t\t\t\t<div class=\"elementor-widget-container\">\n\t\t\t\t\t<h2 class=\"elementor-heading-title elementor-size-default\">Technical Specifications<\/h2>\t\t\t\t<\/div>\n\t\t\t\t<\/div>\n\t\t\t\t\t<\/div>\n\t\t\t\t<\/div>\n\t\t<div class=\"elementor-element elementor-element-e7e751b e-grid e-con-boxed e-con e-parent\" data-id=\"e7e751b\" data-element_type=\"container\" data-settings=\"{&quot;background_background&quot;:&quot;classic&quot;}\">\n\t\t\t\t\t<div class=\"e-con-inner\">\n\t\t<div class=\"elementor-element elementor-element-1490c2b e-flex e-con-boxed e-con e-child\" data-id=\"1490c2b\" data-element_type=\"container\" data-settings=\"{&quot;background_background&quot;:&quot;classic&quot;}\">\n\t\t\t\t\t<div class=\"e-con-inner\">\n\t\t\t\t<div class=\"elementor-element elementor-element-08aa393 elementor-widget-mobile__width-inherit elementor-widget elementor-widget-image\" data-id=\"08aa393\" data-element_type=\"widget\" data-widget_type=\"image.default\">\n\t\t\t\t<div class=\"elementor-widget-container\">\n\t\t\t\t\t\t\t\t\t\t\t\t\t\t\t<img decoding=\"async\" width=\"300\" height=\"219\" src=\"https:\/\/fenismakina.com\/wp-content\/uploads\/2024\/03\/Varlik-2-3-300x219.png\" class=\"attachment-medium size-medium wp-image-831\" alt=\"\" srcset=\"https:\/\/fenismakina.com\/wp-content\/uploads\/2024\/03\/Varlik-2-3-300x219.png 300w, https:\/\/fenismakina.com\/wp-content\/uploads\/2024\/03\/Varlik-2-3.png 313w\" sizes=\"(max-width: 300px) 100vw, 300px\" \/>\t\t\t\t\t\t\t\t\t\t\t\t\t\t\t<\/div>\n\t\t\t\t<\/div>\n\t\t\t\t<div class=\"elementor-element elementor-element-08d9431 elementor-widget elementor-widget-text-editor\" data-id=\"08d9431\" data-element_type=\"widget\" data-widget_type=\"text-editor.default\">\n\t\t\t\t<div class=\"elementor-widget-container\">\n\t\t\t\t\t\t\t\t\t<div class=\"page\" title=\"\u2022 \u00d8250 mm saw blade\"><div class=\"section\"><div class=\"layoutArea\"><div class=\"column\"><p>HP 1.5<br \/>kW 1.1<br \/>n 3.000 r.p.m<br \/>V 220-240<br \/>Hz 50-60<br \/>A 3<\/p><\/div><\/div><\/div><\/div>\t\t\t\t\t\t\t\t<\/div>\n\t\t\t\t<\/div>\n\t\t\t\t\t<\/div>\n\t\t\t\t<\/div>\n\t\t<div class=\"elementor-element elementor-element-a360786 e-flex e-con-boxed e-con e-child\" data-id=\"a360786\" data-element_type=\"container\" data-settings=\"{&quot;background_background&quot;:&quot;classic&quot;}\">\n\t\t\t\t\t<div class=\"e-con-inner\">\n\t\t\t\t<div class=\"elementor-element elementor-element-d8c2002 elementor-widget elementor-widget-image\" data-id=\"d8c2002\" data-element_type=\"widget\" data-widget_type=\"image.default\">\n\t\t\t\t<div class=\"elementor-widget-container\">\n\t\t\t\t\t\t\t\t\t\t\t\t\t\t\t<img decoding=\"async\" width=\"300\" height=\"273\" src=\"https:\/\/fenismakina.com\/wp-content\/uploads\/2024\/03\/Varlik-1-2.png\" class=\"attachment-medium size-medium wp-image-830\" alt=\"\" \/>\t\t\t\t\t\t\t\t\t\t\t\t\t\t\t<\/div>\n\t\t\t\t<\/div>\n\t\t\t\t<div class=\"elementor-element elementor-element-591a424 elementor-widget elementor-widget-text-editor\" data-id=\"591a424\" data-element_type=\"widget\" data-widget_type=\"text-editor.default\">\n\t\t\t\t<div class=\"elementor-widget-container\">\n\t\t\t\t\t\t\t\t\t<div class=\"page\" title=\"\u2022 \u00d8250 mm saw blade\"><div class=\"section\"><div class=\"layoutArea\"><div class=\"column\"><p>\u00d8D 300 mm<br \/>\u00d8d 30-32 mm<br \/>S 3.2 mm<br \/>n 3000 r.p.m<\/p><\/div><\/div><\/div><\/div>\t\t\t\t\t\t\t\t<\/div>\n\t\t\t\t<\/div>\n\t\t\t\t\t<\/div>\n\t\t\t\t<\/div>\n\t\t<div class=\"elementor-element elementor-element-4dc41fa e-flex e-con-boxed e-con e-child\" data-id=\"4dc41fa\" data-element_type=\"container\" data-settings=\"{&quot;background_background&quot;:&quot;classic&quot;}\">\n\t\t\t\t\t<div class=\"e-con-inner\">\n\t\t\t\t<div class=\"elementor-element elementor-element-7359392 elementor-widget-mobile__width-inherit elementor-widget elementor-widget-image\" data-id=\"7359392\" data-element_type=\"widget\" data-widget_type=\"image.default\">\n\t\t\t\t<div class=\"elementor-widget-container\">\n\t\t\t\t\t\t\t\t\t\t\t\t\t\t\t<img loading=\"lazy\" decoding=\"async\" width=\"267\" height=\"300\" src=\"https:\/\/fenismakina.com\/wp-content\/uploads\/2024\/03\/Varlik-5-267x300.png\" class=\"attachment-medium size-medium wp-image-834\" alt=\"\" \/>\t\t\t\t\t\t\t\t\t\t\t\t\t\t\t<\/div>\n\t\t\t\t<\/div>\n\t\t\t\t<div class=\"elementor-element elementor-element-fa8003e elementor-widget elementor-widget-text-editor\" data-id=\"fa8003e\" data-element_type=\"widget\" data-widget_type=\"text-editor.default\">\n\t\t\t\t<div class=\"elementor-widget-container\">\n\t\t\t\t\t\t\t\t\t<div class=\"page\" title=\"\u2022 \u00d8250 mm saw blade\"><div class=\"section\"><div class=\"layoutArea\"><div class=\"column\"><p>600 x 460 x 370mm<\/p><\/div><\/div><\/div><\/div>\t\t\t\t\t\t\t\t<\/div>\n\t\t\t\t<\/div>\n\t\t\t\t\t<\/div>\n\t\t\t\t<\/div>\n\t\t<div class=\"elementor-element elementor-element-863cb49 e-flex e-con-boxed e-con e-child\" data-id=\"863cb49\" data-element_type=\"container\" data-settings=\"{&quot;background_background&quot;:&quot;classic&quot;}\">\n\t\t\t\t\t<div class=\"e-con-inner\">\n\t\t\t\t<div class=\"elementor-element elementor-element-4525af2 elementor-widget-mobile__width-inherit elementor-widget elementor-widget-image\" data-id=\"4525af2\" data-element_type=\"widget\" data-widget_type=\"image.default\">\n\t\t\t\t<div class=\"elementor-widget-container\">\n\t\t\t\t\t\t\t\t\t\t\t\t\t\t\t<img loading=\"lazy\" decoding=\"async\" width=\"151\" height=\"140\" src=\"https:\/\/fenismakina.com\/wp-content\/uploads\/2024\/03\/Varlik-4-2.png\" class=\"attachment-medium size-medium wp-image-927\" alt=\"\" \/>\t\t\t\t\t\t\t\t\t\t\t\t\t\t\t<\/div>\n\t\t\t\t<\/div>\n\t\t\t\t<div class=\"elementor-element elementor-element-0444b1e elementor-widget elementor-widget-text-editor\" data-id=\"0444b1e\" data-element_type=\"widget\" data-widget_type=\"text-editor.default\">\n\t\t\t\t<div class=\"elementor-widget-container\">\n\t\t\t\t\t\t\t\t\t<div class=\"page\" title=\"\u2022 \u00d8250 mm saw blade\"><div class=\"section\"><div class=\"layoutArea\"><div class=\"column\"><p>27 kg \/ 29 kg<\/p><\/div><\/div><\/div><\/div>\t\t\t\t\t\t\t\t<\/div>\n\t\t\t\t<\/div>\n\t\t\t\t\t<\/div>\n\t\t\t\t<\/div>\n\t\t\t\t\t<\/div>\n\t\t\t\t<\/div>\n\t\t<div class=\"elementor-element elementor-element-8f68104 e-flex e-con-boxed e-con e-parent\" data-id=\"8f68104\" data-element_type=\"container\" data-settings=\"{&quot;background_background&quot;:&quot;classic&quot;}\">\n\t\t\t\t\t<div class=\"e-con-inner\">\n\t\t<div class=\"elementor-element elementor-element-b9e7a12 e-con-full e-flex e-con e-child\" data-id=\"b9e7a12\" data-element_type=\"container\">\n\t\t\t\t<div class=\"elementor-element elementor-element-bd759cc elementor-widget-mobile__width-initial elementor-widget elementor-widget-image\" data-id=\"bd759cc\" data-element_type=\"widget\" data-widget_type=\"image.default\">\n\t\t\t\t<div class=\"elementor-widget-container\">\n\t\t\t\t\t\t\t\t\t\t\t\t\t\t\t<img loading=\"lazy\" decoding=\"async\" width=\"361\" height=\"301\" src=\"https:\/\/fenismakina.com\/wp-content\/uploads\/2024\/03\/Varlik-5-2.png\" class=\"attachment-large size-large wp-image-1056\" alt=\"\" srcset=\"https:\/\/fenismakina.com\/wp-content\/uploads\/2024\/03\/Varlik-5-2.png 361w, https:\/\/fenismakina.com\/wp-content\/uploads\/2024\/03\/Varlik-5-2-300x250.png 300w\" sizes=\"(max-width: 361px) 100vw, 361px\" \/>\t\t\t\t\t\t\t\t\t\t\t\t\t\t\t<\/div>\n\t\t\t\t<\/div>\n\t\t\t\t<\/div>\n\t\t<div class=\"elementor-element elementor-element-189d0e5 e-con-full e-flex e-con e-child\" data-id=\"189d0e5\" data-element_type=\"container\">\n\t\t\t\t<div class=\"elementor-element elementor-element-aeef4f6 elementor-widget elementor-widget-image\" data-id=\"aeef4f6\" data-element_type=\"widget\" data-widget_type=\"image.default\">\n\t\t\t\t<div class=\"elementor-widget-container\">\n\t\t\t\t\t\t\t\t\t\t\t\t\t\t\t<img loading=\"lazy\" decoding=\"async\" width=\"416\" height=\"301\" src=\"https:\/\/fenismakina.com\/wp-content\/uploads\/2024\/03\/Varlik-3-7.png\" class=\"attachment-large size-large wp-image-1054\" alt=\"\" srcset=\"https:\/\/fenismakina.com\/wp-content\/uploads\/2024\/03\/Varlik-3-7.png 416w, https:\/\/fenismakina.com\/wp-content\/uploads\/2024\/03\/Varlik-3-7-300x217.png 300w\" sizes=\"(max-width: 416px) 100vw, 416px\" \/>\t\t\t\t\t\t\t\t\t\t\t\t\t\t\t<\/div>\n\t\t\t\t<\/div>\n\t\t\t\t<\/div>\n\t\t<div class=\"elementor-element elementor-element-13d3016 e-con-full e-flex e-con e-child\" data-id=\"13d3016\" data-element_type=\"container\">\n\t\t\t\t<div class=\"elementor-element elementor-element-4b7efc1 elementor-widget elementor-widget-image\" data-id=\"4b7efc1\" data-element_type=\"widget\" data-widget_type=\"image.default\">\n\t\t\t\t<div class=\"elementor-widget-container\">\n\t\t\t\t\t\t\t\t\t\t\t\t\t\t\t<img loading=\"lazy\" decoding=\"async\" width=\"301\" height=\"334\" src=\"https:\/\/fenismakina.com\/wp-content\/uploads\/2024\/03\/Varlik-4-4.png\" class=\"attachment-large size-large wp-image-1055\" alt=\"\" srcset=\"https:\/\/fenismakina.com\/wp-content\/uploads\/2024\/03\/Varlik-4-4.png 301w, https:\/\/fenismakina.com\/wp-content\/uploads\/2024\/03\/Varlik-4-4-270x300.png 270w\" sizes=\"(max-width: 301px) 100vw, 301px\" \/>\t\t\t\t\t\t\t\t\t\t\t\t\t\t\t<\/div>\n\t\t\t\t<\/div>\n\t\t\t\t<\/div>\n\t\t<div class=\"elementor-element elementor-element-79a216e e-con-full e-flex e-con e-child\" data-id=\"79a216e\" data-element_type=\"container\">\n\t\t\t\t<div class=\"elementor-element elementor-element-b3d46d0 elementor-widget elementor-widget-image\" data-id=\"b3d46d0\" data-element_type=\"widget\" data-widget_type=\"image.default\">\n\t\t\t\t<div class=\"elementor-widget-container\">\n\t\t\t\t\t\t\t\t\t\t\t\t\t\t\t<img loading=\"lazy\" decoding=\"async\" width=\"501\" height=\"194\" src=\"https:\/\/fenismakina.com\/wp-content\/uploads\/2024\/03\/Varlik-2-8.png\" class=\"attachment-large size-large wp-image-1009\" alt=\"\" srcset=\"https:\/\/fenismakina.com\/wp-content\/uploads\/2024\/03\/Varlik-2-8.png 501w, https:\/\/fenismakina.com\/wp-content\/uploads\/2024\/03\/Varlik-2-8-300x116.png 300w\" sizes=\"(max-width: 501px) 100vw, 501px\" \/>\t\t\t\t\t\t\t\t\t\t\t\t\t\t\t<\/div>\n\t\t\t\t<\/div>\n\t\t\t\t<\/div>\n\t\t\t\t\t<\/div>\n\t\t\t\t<\/div>\n\t\t\t\t<\/div>","protected":false},"excerpt":{"rendered":"<p>FN 320 FN 320 al\u00fcminyum, ah\u015fap ve plastik profillerin d\u00fcz ve dereceli kesim i\u015flemleri i\u00e7in kullan\u0131l\u0131r. \u00d6zellikler \u2022 -45\u00b0 ve +45\u00b0 aras\u0131nda istenen t\u00fcm a\u00e7\u0131larda kesim, sa\u011fa ve sola 15\u00b0, 22,5\u00b0, 30\u00b0, 45\u00b0,90\u00b0 sabit a\u00e7\u0131da kesim imkan\u0131\u2022 0-45\u00b0 aral\u0131\u011f\u0131nda sol tarafa yatarl\u0131 kesim imkan\u0131\u2022 \u00dcst tablada kesim\u2022 Testere muhafazas\u0131 ve sa\u011flam yay sistemi ile emniyetli [&hellip;]<\/p>","protected":false},"author":1,"featured_media":0,"parent":671,"menu_order":0,"comment_status":"closed","ping_status":"closed","template":"","meta":{"footnotes":""},"class_list":["post-979","page","type-page","status-publish","hentry"],"_links":{"self":[{"href":"https:\/\/fenismakina.com\/en\/wp-json\/wp\/v2\/pages\/979","targetHints":{"allow":["GET"]}}],"collection":[{"href":"https:\/\/fenismakina.com\/en\/wp-json\/wp\/v2\/pages"}],"about":[{"href":"https:\/\/fenismakina.com\/en\/wp-json\/wp\/v2\/types\/page"}],"author":[{"embeddable":true,"href":"https:\/\/fenismakina.com\/en\/wp-json\/wp\/v2\/users\/1"}],"replies":[{"embeddable":true,"href":"https:\/\/fenismakina.com\/en\/wp-json\/wp\/v2\/comments?post=979"}],"version-history":[{"count":38,"href":"https:\/\/fenismakina.com\/en\/wp-json\/wp\/v2\/pages\/979\/revisions"}],"predecessor-version":[{"id":4033,"href":"https:\/\/fenismakina.com\/en\/wp-json\/wp\/v2\/pages\/979\/revisions\/4033"}],"up":[{"embeddable":true,"href":"https:\/\/fenismakina.com\/en\/wp-json\/wp\/v2\/pages\/671"}],"wp:attachment":[{"href":"https:\/\/fenismakina.com\/en\/wp-json\/wp\/v2\/media?parent=979"}],"curies":[{"name":"wp","href":"https:\/\/api.w.org\/{rel}","templated":true}]}}