{"id":946,"date":"2024-03-18T13:49:14","date_gmt":"2024-03-18T10:49:14","guid":{"rendered":"https:\/\/peronmedya.com\/fenis\/?page_id=946"},"modified":"2024-09-13T15:31:23","modified_gmt":"2024-09-13T12:31:23","slug":"fn-950-plus-pnomatik-tas-mentese-yeri-acma-makinesi","status":"publish","type":"page","link":"https:\/\/fenismakina.com\/en\/urunler\/fn-950-plus-pnomatik-tas-mentese-yeri-acma-makinesi\/","title":{"rendered":"FN 950 Plus Pn\u00f6matik Tas Mente\u015fe Yeri A\u00e7ma Makinesi"},"content":{"rendered":"<div data-elementor-type=\"wp-page\" data-elementor-id=\"946\" class=\"elementor elementor-946\" data-elementor-post-type=\"page\">\n\t\t\t\t<div class=\"elementor-element elementor-element-2a2e237 e-flex e-con-boxed e-con e-parent\" data-id=\"2a2e237\" data-element_type=\"container\" data-settings=\"{&quot;background_background&quot;:&quot;classic&quot;}\">\n\t\t\t\t\t<div class=\"e-con-inner\">\n\t\t\t\t<div class=\"elementor-element elementor-element-a0ed36c elementor-widget elementor-widget-heading\" data-id=\"a0ed36c\" data-element_type=\"widget\" data-settings=\"{&quot;motion_fx_motion_fx_scrolling&quot;:&quot;yes&quot;,&quot;motion_fx_scale_effect&quot;:&quot;yes&quot;,&quot;motion_fx_scale_range&quot;:{&quot;unit&quot;:&quot;%&quot;,&quot;size&quot;:&quot;&quot;,&quot;sizes&quot;:{&quot;start&quot;:50,&quot;end&quot;:100}},&quot;motion_fx_scale_direction&quot;:&quot;out-in&quot;,&quot;motion_fx_scale_speed&quot;:{&quot;unit&quot;:&quot;px&quot;,&quot;size&quot;:4,&quot;sizes&quot;:[]},&quot;motion_fx_devices&quot;:[&quot;desktop&quot;,&quot;tablet&quot;,&quot;mobile&quot;]}\" data-widget_type=\"heading.default\">\n\t\t\t\t<div class=\"elementor-widget-container\">\n\t\t\t\t\t<h2 class=\"elementor-heading-title elementor-size-default\">FN 950Plus<\/h2>\t\t\t\t<\/div>\n\t\t\t\t<\/div>\n\t\t\t\t<div class=\"elementor-element elementor-element-30b7146 elementor-widget elementor-widget-image\" data-id=\"30b7146\" data-element_type=\"widget\" data-settings=\"{&quot;motion_fx_motion_fx_scrolling&quot;:&quot;yes&quot;,&quot;motion_fx_scale_effect&quot;:&quot;yes&quot;,&quot;motion_fx_scale_direction&quot;:&quot;out-in&quot;,&quot;motion_fx_scale_speed&quot;:{&quot;unit&quot;:&quot;px&quot;,&quot;size&quot;:4,&quot;sizes&quot;:[]},&quot;motion_fx_scale_range&quot;:{&quot;unit&quot;:&quot;%&quot;,&quot;size&quot;:&quot;&quot;,&quot;sizes&quot;:{&quot;start&quot;:20,&quot;end&quot;:80}},&quot;motion_fx_devices&quot;:[&quot;desktop&quot;,&quot;tablet&quot;,&quot;mobile&quot;]}\" data-widget_type=\"image.default\">\n\t\t\t\t<div class=\"elementor-widget-container\">\n\t\t\t\t\t\t\t\t\t\t\t\t\t\t\t<img fetchpriority=\"high\" decoding=\"async\" width=\"800\" height=\"602\" src=\"https:\/\/fenismakina.com\/wp-content\/uploads\/2024\/03\/FN-950PLUS-1-1024x770.png\" class=\"attachment-large size-large wp-image-1204\" alt=\"\" srcset=\"https:\/\/fenismakina.com\/wp-content\/uploads\/2024\/03\/FN-950PLUS-1-1024x770.png 1024w, https:\/\/fenismakina.com\/wp-content\/uploads\/2024\/03\/FN-950PLUS-1-300x225.png 300w, https:\/\/fenismakina.com\/wp-content\/uploads\/2024\/03\/FN-950PLUS-1-768x577.png 768w, https:\/\/fenismakina.com\/wp-content\/uploads\/2024\/03\/FN-950PLUS-1-600x451.png 600w, https:\/\/fenismakina.com\/wp-content\/uploads\/2024\/03\/FN-950PLUS-1.png 1284w\" sizes=\"(max-width: 800px) 100vw, 800px\" \/>\t\t\t\t\t\t\t\t\t\t\t\t\t\t\t<\/div>\n\t\t\t\t<\/div>\n\t\t\t\t<div class=\"elementor-element elementor-element-a9a09b1 elementor-widget__width-initial elementor-widget-mobile__width-inherit elementor-widget elementor-widget-text-editor\" data-id=\"a9a09b1\" data-element_type=\"widget\" data-widget_type=\"text-editor.default\">\n\t\t\t\t<div class=\"elementor-widget-container\">\n\t\t\t\t\t\t\t\t\t<p>FN 950Plus, used for drilling 35mm hinge slot with \nthe pneumatic motion in the manner standard and \nprecisely, drilling operations for variable reference \nholes axis distance of 45,48,52mm (Blum, Samet, \nHettich) thanks to the replaceable heads.<\/p>\t\t\t\t\t\t\t\t<\/div>\n\t\t\t\t<\/div>\n\t\t\t\t\t<\/div>\n\t\t\t\t<\/div>\n\t\t<div class=\"elementor-element elementor-element-97535ce e-flex e-con-boxed e-con e-parent\" data-id=\"97535ce\" data-element_type=\"container\" data-settings=\"{&quot;background_background&quot;:&quot;classic&quot;}\">\n\t\t\t\t\t<div class=\"e-con-inner\">\n\t\t<div class=\"elementor-element elementor-element-b1de1bf e-con-full e-flex e-con e-child\" data-id=\"b1de1bf\" data-element_type=\"container\">\n\t\t\t\t<div class=\"elementor-element elementor-element-3edb7ad elementor-widget elementor-widget-heading\" data-id=\"3edb7ad\" data-element_type=\"widget\" data-widget_type=\"heading.default\">\n\t\t\t\t<div class=\"elementor-widget-container\">\n\t\t\t\t\t<h3 class=\"elementor-heading-title elementor-size-default\">Features<\/h3>\t\t\t\t<\/div>\n\t\t\t\t<\/div>\n\t\t\t\t<div class=\"elementor-element elementor-element-f60823c elementor-widget-divider--view-line elementor-widget elementor-widget-divider\" data-id=\"f60823c\" data-element_type=\"widget\" data-widget_type=\"divider.default\">\n\t\t\t\t<div class=\"elementor-widget-container\">\n\t\t\t\t\t\t\t<div class=\"elementor-divider\">\n\t\t\t<span class=\"elementor-divider-separator\">\n\t\t\t\t\t\t<\/span>\n\t\t<\/div>\n\t\t\t\t\t\t<\/div>\n\t\t\t\t<\/div>\n\t\t\t\t<div class=\"elementor-element elementor-element-c896dd6 elementor-widget elementor-widget-text-editor\" data-id=\"c896dd6\" data-element_type=\"widget\" data-widget_type=\"text-editor.default\">\n\t\t\t\t<div class=\"elementor-widget-container\">\n\t\t\t\t\t\t\t\t\t<p>\u2022 High quality hinge drilling operations thanks to the pneumatic motion provided by the pedal<br \/>\u2022 Drills hinge slot in desired size<br \/>\u2022 Compatible with optional heads for drilling variable reference holes of various hinge brands.<br \/>\u2022 Ease head replacement<br \/>\u2022 Practically allows adjustment of slot depth<br \/>\u2022 Drills reference holes in order to screw in the hinge<br \/>\u2022 Ease of use and secure operation by ergonomic\n design<br \/>\u2022 Strong spring system<br \/>\u2022 Durable electrostatic paint<\/p>\t\t\t\t\t\t\t\t<\/div>\n\t\t\t\t<\/div>\n\t\t\t\t<\/div>\n\t\t<div class=\"elementor-element elementor-element-f0abd7a e-con-full e-flex e-con e-child\" data-id=\"f0abd7a\" data-element_type=\"container\">\n\t\t\t\t<div class=\"elementor-element elementor-element-762d25a elementor-widget elementor-widget-heading\" data-id=\"762d25a\" data-element_type=\"widget\" data-widget_type=\"heading.default\">\n\t\t\t\t<div class=\"elementor-widget-container\">\n\t\t\t\t\t<h3 class=\"elementor-heading-title elementor-size-default\">Standard Equipments<\/h3>\t\t\t\t<\/div>\n\t\t\t\t<\/div>\n\t\t\t\t<div class=\"elementor-element elementor-element-41624ff elementor-widget-divider--view-line elementor-widget elementor-widget-divider\" data-id=\"41624ff\" data-element_type=\"widget\" data-widget_type=\"divider.default\">\n\t\t\t\t<div class=\"elementor-widget-container\">\n\t\t\t\t\t\t\t<div class=\"elementor-divider\">\n\t\t\t<span class=\"elementor-divider-separator\">\n\t\t\t\t\t\t<\/span>\n\t\t<\/div>\n\t\t\t\t\t\t<\/div>\n\t\t\t\t<\/div>\n\t\t\t\t<div class=\"elementor-element elementor-element-f82677a elementor-widget elementor-widget-text-editor\" data-id=\"f82677a\" data-element_type=\"widget\" data-widget_type=\"text-editor.default\">\n\t\t\t\t<div class=\"elementor-widget-container\">\n\t\t\t\t\t\t\t\t\t<div class=\"page\" title=\"\u2022 \u00d8250 mm saw blade\"><div class=\"section\"><div class=\"layoutArea\"><div class=\"column\"><p>\u2022 Punching blade<br \/>\u2022 2mm drill bits (2 pcs)<br \/>\u2022 2x pneumatic vertical clamps<\/p><\/div><\/div><\/div><\/div>\t\t\t\t\t\t\t\t<\/div>\n\t\t\t\t<\/div>\n\t\t\t\t<div class=\"elementor-element elementor-element-98dd16f elementor-widget elementor-widget-heading\" data-id=\"98dd16f\" data-element_type=\"widget\" data-widget_type=\"heading.default\">\n\t\t\t\t<div class=\"elementor-widget-container\">\n\t\t\t\t\t<h3 class=\"elementor-heading-title elementor-size-default\">Optional Equipments<\/h3>\t\t\t\t<\/div>\n\t\t\t\t<\/div>\n\t\t\t\t<div class=\"elementor-element elementor-element-853f5da elementor-widget-divider--view-line elementor-widget elementor-widget-divider\" data-id=\"853f5da\" data-element_type=\"widget\" data-widget_type=\"divider.default\">\n\t\t\t\t<div class=\"elementor-widget-container\">\n\t\t\t\t\t\t\t<div class=\"elementor-divider\">\n\t\t\t<span class=\"elementor-divider-separator\">\n\t\t\t\t\t\t<\/span>\n\t\t<\/div>\n\t\t\t\t\t\t<\/div>\n\t\t\t\t<\/div>\n\t\t\t\t<div class=\"elementor-element elementor-element-6715e94 elementor-widget elementor-widget-text-editor\" data-id=\"6715e94\" data-element_type=\"widget\" data-widget_type=\"text-editor.default\">\n\t\t\t\t<div class=\"elementor-widget-container\">\n\t\t\t\t\t\t\t\t\t<div class=\"page\" title=\"\u2022 \u00d8250 mm saw blade\"><div class=\"section\"><div class=\"layoutArea\"><div class=\"column\"><p>\u2022 FN ST900 Machine cabinet<br \/>\u2022 FN BLM \u2013 FN HTC Replaceable head<\/p><\/div><\/div><\/div><\/div>\t\t\t\t\t\t\t\t<\/div>\n\t\t\t\t<\/div>\n\t\t\t\t<\/div>\n\t\t\t\t\t<\/div>\n\t\t\t\t<\/div>\n\t\t<div class=\"elementor-element elementor-element-8a71cf0 e-flex e-con-boxed e-con e-parent\" data-id=\"8a71cf0\" data-element_type=\"container\" data-settings=\"{&quot;background_background&quot;:&quot;classic&quot;}\">\n\t\t\t\t\t<div class=\"e-con-inner\">\n\t\t\t\t<div class=\"elementor-element elementor-element-a84355d elementor-position-left elementor-view-default elementor-mobile-position-top elementor-invisible elementor-widget elementor-widget-icon-box\" data-id=\"a84355d\" data-element_type=\"widget\" data-settings=\"{&quot;_animation&quot;:&quot;pulse&quot;}\" data-widget_type=\"icon-box.default\">\n\t\t\t\t<div class=\"elementor-widget-container\">\n\t\t\t\t\t\t\t<div class=\"elementor-icon-box-wrapper\">\n\n\t\t\t\t\t\t<div class=\"elementor-icon-box-icon\">\n\t\t\t\t<span  class=\"elementor-icon\">\n\t\t\t\t<svg xmlns=\"http:\/\/www.w3.org\/2000\/svg\" id=\"Layer_1\" data-name=\"Layer 1\" viewbox=\"0 0 24 24\" width=\"512\" height=\"512\"><path d=\"M12,20c-.534,0-1.036-.208-1.414-.586l-5.281-5.281,1.414-1.414,5.281,5.281,5.281-5.281,1.414,1.414-5.281,5.281c-.378,.378-.88,.586-1.414,.586Zm.825-7.001l5.871-5.871-1.414-1.414-5.281,5.282L6.719,5.714l-1.414,1.414,5.873,5.874c.227,.225,.523,.337,.821,.337s.598-.113,.826-.34Z\"><\/path><\/svg>\t\t\t\t<\/span>\n\t\t\t<\/div>\n\t\t\t\n\t\t\t\t\t\t<div class=\"elementor-icon-box-content\">\n\n\t\t\t\t\t\t\t\t\t<h3 class=\"elementor-icon-box-title\">\n\t\t\t\t\t\t<span  >\n\t\t\t\t\t\t\tSee product features\t\t\t\t\t\t<\/span>\n\t\t\t\t\t<\/h3>\n\t\t\t\t\n\t\t\t\t\n\t\t\t<\/div>\n\t\t\t\n\t\t<\/div>\n\t\t\t\t\t\t<\/div>\n\t\t\t\t<\/div>\n\t\t\t\t\t<\/div>\n\t\t\t\t<\/div>\n\t\t<div class=\"elementor-element elementor-element-c1b8711 e-con-full e-flex e-con e-parent\" data-id=\"c1b8711\" data-element_type=\"container\" data-settings=\"{&quot;background_background&quot;:&quot;classic&quot;}\">\n\t\t\t\t<div class=\"elementor-element elementor-element-b18e4b2 elementor-view-default elementor-widget elementor-widget-icon\" data-id=\"b18e4b2\" data-element_type=\"widget\" data-widget_type=\"icon.default\">\n\t\t\t\t<div class=\"elementor-widget-container\">\n\t\t\t\t\t\t\t<div class=\"elementor-icon-wrapper\">\n\t\t\t<a class=\"elementor-icon\" href=\"#elementor-action%3Aaction%3Dlightbox%26settings%3DeyJ0eXBlIjoidmlkZW8iLCJ2aWRlb1R5cGUiOiJob3N0ZWQiLCJ1cmwiOiJodHRwczpcL1wvZmVuaXNtYWtpbmEuY29tXC93cC1jb250ZW50XC91cGxvYWRzXC8yMDI0XC8wN1wvdXRvbXAzLmNvbS1GTi05NTAtUGx1cy1IaW5nZS1TbG90LURyaWxsaW5nLU1hY2hpbmUtcG5ldW1hdGljLXJlcGxhY2VhYmxlLWhlYWQtRmVuaXMtTWFjaGluZXJ5X3Y3MjBQLm1wNCJ9\">\n\t\t\t<svg aria-hidden=\"true\" class=\"e-font-icon-svg e-fas-play-circle\" viewbox=\"0 0 512 512\" xmlns=\"http:\/\/www.w3.org\/2000\/svg\"><path d=\"M256 8C119 8 8 119 8 256s111 248 248 248 248-111 248-248S393 8 256 8zm115.7 272l-176 101c-15.8 8.8-35.7-2.5-35.7-21V152c0-18.4 19.8-29.8 35.7-21l176 107c16.4 9.2 16.4 32.9 0 42z\"><\/path><\/svg>\t\t\t<\/a>\n\t\t<\/div>\n\t\t\t\t\t\t<\/div>\n\t\t\t\t<\/div>\n\t\t\t\t<\/div>\n\t\t<div class=\"elementor-element elementor-element-1b98418 e-flex e-con-boxed e-con e-parent\" data-id=\"1b98418\" data-element_type=\"container\" data-settings=\"{&quot;background_background&quot;:&quot;classic&quot;}\">\n\t\t\t\t\t<div class=\"e-con-inner\">\n\t\t\t\t<div class=\"elementor-element elementor-element-63f86dd elementor-widget elementor-widget-heading\" data-id=\"63f86dd\" data-element_type=\"widget\" data-widget_type=\"heading.default\">\n\t\t\t\t<div class=\"elementor-widget-container\">\n\t\t\t\t\t<h2 class=\"elementor-heading-title elementor-size-default\">Technical Specifications<\/h2>\t\t\t\t<\/div>\n\t\t\t\t<\/div>\n\t\t\t\t\t<\/div>\n\t\t\t\t<\/div>\n\t\t<div class=\"elementor-element elementor-element-e7e751b e-grid e-con-boxed e-con e-parent\" data-id=\"e7e751b\" data-element_type=\"container\" data-settings=\"{&quot;background_background&quot;:&quot;classic&quot;}\">\n\t\t\t\t\t<div class=\"e-con-inner\">\n\t\t<div class=\"elementor-element elementor-element-1490c2b e-flex e-con-boxed e-con e-child\" data-id=\"1490c2b\" data-element_type=\"container\" data-settings=\"{&quot;background_background&quot;:&quot;classic&quot;}\">\n\t\t\t\t\t<div class=\"e-con-inner\">\n\t\t\t\t<div class=\"elementor-element elementor-element-08aa393 elementor-widget-mobile__width-inherit elementor-widget elementor-widget-image\" data-id=\"08aa393\" data-element_type=\"widget\" data-widget_type=\"image.default\">\n\t\t\t\t<div class=\"elementor-widget-container\">\n\t\t\t\t\t\t\t\t\t\t\t\t\t\t\t<img decoding=\"async\" width=\"128\" height=\"128\" src=\"https:\/\/fenismakina.com\/wp-content\/uploads\/2024\/09\/Adsiz-tasarim-7.png\" class=\"attachment-medium size-medium wp-image-3462\" alt=\"\" srcset=\"https:\/\/fenismakina.com\/wp-content\/uploads\/2024\/09\/Adsiz-tasarim-7.png 128w, https:\/\/fenismakina.com\/wp-content\/uploads\/2024\/09\/Adsiz-tasarim-7-12x12.png 12w\" sizes=\"(max-width: 128px) 100vw, 128px\" \/>\t\t\t\t\t\t\t\t\t\t\t\t\t\t\t<\/div>\n\t\t\t\t<\/div>\n\t\t\t\t<div class=\"elementor-element elementor-element-08d9431 elementor-widget elementor-widget-text-editor\" data-id=\"08d9431\" data-element_type=\"widget\" data-widget_type=\"text-editor.default\">\n\t\t\t\t<div class=\"elementor-widget-container\">\n\t\t\t\t\t\t\t\t\t<div class=\"page\" title=\"\u2022 \u00d8250 mm saw blade\"><div class=\"section\"><div class=\"layoutArea\"><div class=\"column\"><p>HP 1.5<br \/>kW 1.1<br \/>n 3000 r.p.m<br \/>V 220-240<br \/>Hz 50-60<br \/>A 3<\/p><\/div><\/div><\/div><\/div>\t\t\t\t\t\t\t\t<\/div>\n\t\t\t\t<\/div>\n\t\t\t\t\t<\/div>\n\t\t\t\t<\/div>\n\t\t<div class=\"elementor-element elementor-element-a360786 e-flex e-con-boxed e-con e-child\" data-id=\"a360786\" data-element_type=\"container\" data-settings=\"{&quot;background_background&quot;:&quot;classic&quot;}\">\n\t\t\t\t\t<div class=\"e-con-inner\">\n\t\t<div class=\"elementor-element elementor-element-4f99e78 e-flex e-con-boxed e-con e-child\" data-id=\"4f99e78\" data-element_type=\"container\">\n\t\t\t\t\t<div class=\"e-con-inner\">\n\t\t\t\t<div class=\"elementor-element elementor-element-d8c2002 elementor-widget-mobile__width-inherit elementor-widget elementor-widget-image\" data-id=\"d8c2002\" data-element_type=\"widget\" data-widget_type=\"image.default\">\n\t\t\t\t<div class=\"elementor-widget-container\">\n\t\t\t\t\t\t\t\t\t\t\t\t\t\t\t<img decoding=\"async\" width=\"213\" height=\"224\" src=\"https:\/\/fenismakina.com\/wp-content\/uploads\/2024\/03\/Varlik-1-4.png\" class=\"attachment-medium size-medium wp-image-924\" alt=\"\" \/>\t\t\t\t\t\t\t\t\t\t\t\t\t\t\t<\/div>\n\t\t\t\t<\/div>\n\t\t\t\t<div class=\"elementor-element elementor-element-5b70023 elementor-widget-mobile__width-inherit elementor-widget elementor-widget-image\" data-id=\"5b70023\" data-element_type=\"widget\" data-widget_type=\"image.default\">\n\t\t\t\t<div class=\"elementor-widget-container\">\n\t\t\t\t\t\t\t\t\t\t\t\t\t\t\t<img loading=\"lazy\" decoding=\"async\" width=\"263\" height=\"277\" src=\"https:\/\/fenismakina.com\/wp-content\/uploads\/2024\/03\/Varlik-2-5.png\" class=\"attachment-medium size-medium wp-image-925\" alt=\"\" \/>\t\t\t\t\t\t\t\t\t\t\t\t\t\t\t<\/div>\n\t\t\t\t<\/div>\n\t\t\t\t\t<\/div>\n\t\t\t\t<\/div>\n\t\t\t\t<div class=\"elementor-element elementor-element-591a424 elementor-widget elementor-widget-text-editor\" data-id=\"591a424\" data-element_type=\"widget\" data-widget_type=\"text-editor.default\">\n\t\t\t\t<div class=\"elementor-widget-container\">\n\t\t\t\t\t\t\t\t\t<div class=\"page\" title=\"\u2022 \u00d8250 mm saw blade\"><div class=\"section\"><div class=\"layoutArea\"><div class=\"column\"><p>\u00d8D1 35 mm<br \/>\u00d8D2 2-8mm<\/p><\/div><\/div><\/div><\/div>\t\t\t\t\t\t\t\t<\/div>\n\t\t\t\t<\/div>\n\t\t\t\t\t<\/div>\n\t\t\t\t<\/div>\n\t\t<div class=\"elementor-element elementor-element-4dc41fa e-flex e-con-boxed e-con e-child\" data-id=\"4dc41fa\" data-element_type=\"container\" data-settings=\"{&quot;background_background&quot;:&quot;classic&quot;}\">\n\t\t\t\t\t<div class=\"e-con-inner\">\n\t\t\t\t<div class=\"elementor-element elementor-element-4525af2 elementor-widget-mobile__width-inherit elementor-widget elementor-widget-image\" data-id=\"4525af2\" data-element_type=\"widget\" data-widget_type=\"image.default\">\n\t\t\t\t<div class=\"elementor-widget-container\">\n\t\t\t\t\t\t\t\t\t\t\t\t\t\t\t<img loading=\"lazy\" decoding=\"async\" width=\"128\" height=\"128\" src=\"https:\/\/fenismakina.com\/wp-content\/uploads\/2024\/09\/Adsiz-tasarim-10.png\" class=\"attachment-medium size-medium wp-image-3465\" alt=\"\" srcset=\"https:\/\/fenismakina.com\/wp-content\/uploads\/2024\/09\/Adsiz-tasarim-10.png 128w, https:\/\/fenismakina.com\/wp-content\/uploads\/2024\/09\/Adsiz-tasarim-10-12x12.png 12w\" sizes=\"(max-width: 128px) 100vw, 128px\" \/>\t\t\t\t\t\t\t\t\t\t\t\t\t\t\t<\/div>\n\t\t\t\t<\/div>\n\t\t\t\t<div class=\"elementor-element elementor-element-fa8003e elementor-widget elementor-widget-text-editor\" data-id=\"fa8003e\" data-element_type=\"widget\" data-widget_type=\"text-editor.default\">\n\t\t\t\t<div class=\"elementor-widget-container\">\n\t\t\t\t\t\t\t\t\t<div class=\"page\" title=\"\u2022 \u00d8250 mm saw blade\"><div class=\"section\"><div class=\"layoutArea\"><div class=\"column\"><p>6 &#8211; 8 BAR<\/p><\/div><\/div><\/div><\/div>\t\t\t\t\t\t\t\t<\/div>\n\t\t\t\t<\/div>\n\t\t\t\t\t<\/div>\n\t\t\t\t<\/div>\n\t\t<div class=\"elementor-element elementor-element-863cb49 e-flex e-con-boxed e-con e-child\" data-id=\"863cb49\" data-element_type=\"container\" data-settings=\"{&quot;background_background&quot;:&quot;classic&quot;}\">\n\t\t\t\t\t<div class=\"e-con-inner\">\n\t\t\t\t<div class=\"elementor-element elementor-element-7359392 elementor-widget-mobile__width-inherit elementor-widget elementor-widget-image\" data-id=\"7359392\" data-element_type=\"widget\" data-widget_type=\"image.default\">\n\t\t\t\t<div class=\"elementor-widget-container\">\n\t\t\t\t\t\t\t\t\t\t\t\t\t\t\t<img loading=\"lazy\" decoding=\"async\" width=\"267\" height=\"300\" src=\"https:\/\/fenismakina.com\/wp-content\/uploads\/2024\/03\/Varlik-5-267x300.png\" class=\"attachment-medium size-medium wp-image-834\" alt=\"\" \/>\t\t\t\t\t\t\t\t\t\t\t\t\t\t\t<\/div>\n\t\t\t\t<\/div>\n\t\t\t\t<div class=\"elementor-element elementor-element-0444b1e elementor-widget elementor-widget-text-editor\" data-id=\"0444b1e\" data-element_type=\"widget\" data-widget_type=\"text-editor.default\">\n\t\t\t\t<div class=\"elementor-widget-container\">\n\t\t\t\t\t\t\t\t\t<div class=\"page\" title=\"\u2022 \u00d8250 mm saw blade\"><div class=\"section\"><div class=\"layoutArea\"><div class=\"column\"><p>600x540x440mm<\/p><\/div><\/div><\/div><\/div>\t\t\t\t\t\t\t\t<\/div>\n\t\t\t\t<\/div>\n\t\t\t\t\t<\/div>\n\t\t\t\t<\/div>\n\t\t<div class=\"elementor-element elementor-element-1a679e1 e-flex e-con-boxed e-con e-child\" data-id=\"1a679e1\" data-element_type=\"container\" data-settings=\"{&quot;background_background&quot;:&quot;classic&quot;}\">\n\t\t\t\t\t<div class=\"e-con-inner\">\n\t\t\t\t<div class=\"elementor-element elementor-element-4cf2149 elementor-widget-mobile__width-inherit elementor-widget elementor-widget-image\" data-id=\"4cf2149\" data-element_type=\"widget\" data-widget_type=\"image.default\">\n\t\t\t\t<div class=\"elementor-widget-container\">\n\t\t\t\t\t\t\t\t\t\t\t\t\t\t\t<img loading=\"lazy\" decoding=\"async\" width=\"128\" height=\"128\" src=\"https:\/\/fenismakina.com\/wp-content\/uploads\/2024\/09\/Adsiz-tasarim-8.png\" class=\"attachment-medium size-medium wp-image-3463\" alt=\"\" srcset=\"https:\/\/fenismakina.com\/wp-content\/uploads\/2024\/09\/Adsiz-tasarim-8.png 128w, https:\/\/fenismakina.com\/wp-content\/uploads\/2024\/09\/Adsiz-tasarim-8-12x12.png 12w\" sizes=\"(max-width: 128px) 100vw, 128px\" \/>\t\t\t\t\t\t\t\t\t\t\t\t\t\t\t<\/div>\n\t\t\t\t<\/div>\n\t\t\t\t<div class=\"elementor-element elementor-element-af37c9f elementor-widget elementor-widget-text-editor\" data-id=\"af37c9f\" data-element_type=\"widget\" data-widget_type=\"text-editor.default\">\n\t\t\t\t<div class=\"elementor-widget-container\">\n\t\t\t\t\t\t\t\t\t<div class=\"page\" title=\"\u2022 \u00d8250 mm saw blade\"><div class=\"section\"><div class=\"layoutArea\"><div class=\"column\"><p>22 kg\/ 24 kg<\/p><\/div><\/div><\/div><\/div>\t\t\t\t\t\t\t\t<\/div>\n\t\t\t\t<\/div>\n\t\t\t\t\t<\/div>\n\t\t\t\t<\/div>\n\t\t\t\t\t<\/div>\n\t\t\t\t<\/div>\n\t\t\t\t<\/div>","protected":false},"excerpt":{"rendered":"<p>FN 950Plus FN 950Plus, ah\u015fap malzemelerin pn\u00f6matik hareketle hassas \u015fekilde 35mm mente\u015fe yuvas\u0131 ve 45,48,52mm (Blum, Samet, Hettich) de\u011fi\u015fken referans delik ekseni mesafeleri i\u00e7in de\u011fi\u015ftirilebilir opsiyonel red\u00fckt\u00f6rler sayesinde ba\u011flant\u0131 deliklerini delme operasyonlar\u0131 i\u00e7in kullan\u0131l\u0131r. \u00d6zellikler \u2022 Pedal ile verilen pn\u00f6matik hareket sayesinde kaliteli mente\u015fe delme operasyonlar\u0131\u2022 \u0130stenen \u00f6l\u00e7\u00fcde tas mente\u015fe yuvas\u0131 a\u00e7ma imkan\u0131\u2022 \u00c7e\u015fitli mente\u015fe [&hellip;]<\/p>","protected":false},"author":1,"featured_media":0,"parent":671,"menu_order":0,"comment_status":"closed","ping_status":"closed","template":"","meta":{"footnotes":""},"class_list":["post-946","page","type-page","status-publish","hentry"],"_links":{"self":[{"href":"https:\/\/fenismakina.com\/en\/wp-json\/wp\/v2\/pages\/946","targetHints":{"allow":["GET"]}}],"collection":[{"href":"https:\/\/fenismakina.com\/en\/wp-json\/wp\/v2\/pages"}],"about":[{"href":"https:\/\/fenismakina.com\/en\/wp-json\/wp\/v2\/types\/page"}],"author":[{"embeddable":true,"href":"https:\/\/fenismakina.com\/en\/wp-json\/wp\/v2\/users\/1"}],"replies":[{"embeddable":true,"href":"https:\/\/fenismakina.com\/en\/wp-json\/wp\/v2\/comments?post=946"}],"version-history":[{"count":31,"href":"https:\/\/fenismakina.com\/en\/wp-json\/wp\/v2\/pages\/946\/revisions"}],"predecessor-version":[{"id":3847,"href":"https:\/\/fenismakina.com\/en\/wp-json\/wp\/v2\/pages\/946\/revisions\/3847"}],"up":[{"embeddable":true,"href":"https:\/\/fenismakina.com\/en\/wp-json\/wp\/v2\/pages\/671"}],"wp:attachment":[{"href":"https:\/\/fenismakina.com\/en\/wp-json\/wp\/v2\/media?parent=946"}],"curies":[{"name":"wp","href":"https:\/\/api.w.org\/{rel}","templated":true}]}}