{"id":608,"date":"2024-03-01T08:09:33","date_gmt":"2024-03-01T08:09:33","guid":{"rendered":"https:\/\/peronmedya.com\/fenis\/?page_id=608"},"modified":"2024-09-19T11:25:52","modified_gmt":"2024-09-19T08:25:52","slug":"satis-sonrasi-destek","status":"publish","type":"page","link":"https:\/\/fenismakina.com\/en\/satis-sonrasi-destek\/","title":{"rendered":"After Sales Support"},"content":{"rendered":"<div data-elementor-type=\"wp-page\" data-elementor-id=\"608\" class=\"elementor elementor-608\" data-elementor-post-type=\"page\">\n\t\t\t\t<div class=\"elementor-element elementor-element-85a6c7e e-flex e-con-boxed e-con e-parent\" data-id=\"85a6c7e\" data-element_type=\"container\" data-settings=\"{&quot;background_background&quot;:&quot;classic&quot;}\">\n\t\t\t\t\t<div class=\"e-con-inner\">\n\t\t\t\t<div class=\"elementor-element elementor-element-ae1fb17 elementor-widget elementor-widget-heading\" data-id=\"ae1fb17\" data-element_type=\"widget\" data-widget_type=\"heading.default\">\n\t\t\t\t<div class=\"elementor-widget-container\">\n\t\t\t\t\t<h2 class=\"elementor-heading-title elementor-size-default\">Because We Care<\/h2>\t\t\t\t<\/div>\n\t\t\t\t<\/div>\n\t\t\t\t\t<\/div>\n\t\t\t\t<\/div>\n\t\t<div class=\"elementor-element elementor-element-5bf66d6 e-flex e-con-boxed e-con e-parent\" data-id=\"5bf66d6\" data-element_type=\"container\">\n\t\t\t\t\t<div class=\"e-con-inner\">\n\t\t<div class=\"elementor-element elementor-element-e475fc2 e-con-full e-flex e-con e-child\" data-id=\"e475fc2\" data-element_type=\"container\">\n\t\t\t\t<div class=\"elementor-element elementor-element-7ec398c elementor-widget elementor-widget-heading\" data-id=\"7ec398c\" data-element_type=\"widget\" data-widget_type=\"heading.default\">\n\t\t\t\t<div class=\"elementor-widget-container\">\n\t\t\t\t\t<h2 class=\"elementor-heading-title elementor-size-default\">Contact information<\/h2>\t\t\t\t<\/div>\n\t\t\t\t<\/div>\n\t\t\t\t<div class=\"elementor-element elementor-element-b104ffc elementor-align-left elementor-icon-list--layout-traditional elementor-list-item-link-full_width elementor-widget elementor-widget-icon-list\" data-id=\"b104ffc\" data-element_type=\"widget\" data-widget_type=\"icon-list.default\">\n\t\t\t\t<div class=\"elementor-widget-container\">\n\t\t\t\t\t\t\t<ul class=\"elementor-icon-list-items\">\n\t\t\t\t\t\t\t<li class=\"elementor-icon-list-item\">\n\t\t\t\t\t\t\t\t\t\t\t<span class=\"elementor-icon-list-icon\">\n\t\t\t\t\t\t\t<svg xmlns=\"http:\/\/www.w3.org\/2000\/svg\" id=\"Layer_1\" data-name=\"Layer 1\" viewbox=\"0 0 24 24\" width=\"512\" height=\"512\"><path d=\"M24,10v9c0,2.76-2.24,5-5,5H5c-2.76,0-5-2.24-5-5V8C0,5.24,2.24,3,5,3H13c.55,0,1,.45,1,1s-.45,1-1,1H5c-1.15,0-2.14,.65-2.65,1.59l7.53,7.53c1.17,1.17,3.07,1.17,4.24,0l3.82-3.82c.39-.39,1.02-.39,1.41,0s.39,1.02,0,1.41l-3.82,3.82c-.97,.97-2.26,1.46-3.54,1.46s-2.56-.49-3.54-1.46L2,9.07v9.93c0,1.65,1.35,3,3,3h14c1.65,0,3-1.35,3-3V10c0-.55,.45-1,1-1s1,.45,1,1Zm-8-6c0-2.21,1.79-4,4-4s4,1.79,4,4-1.79,4-4,4-4-1.79-4-4Zm2,0c0,1.1,.9,2,2,2s2-.9,2-2-.9-2-2-2-2,.9-2,2Z\"><\/path><\/svg>\t\t\t\t\t\t<\/span>\n\t\t\t\t\t\t\t\t\t\t<span class=\"elementor-icon-list-text\">info@fenismakina.com<\/span>\n\t\t\t\t\t\t\t\t\t<\/li>\n\t\t\t\t\t\t\t\t<li class=\"elementor-icon-list-item\">\n\t\t\t\t\t\t\t\t\t\t\t<span class=\"elementor-icon-list-icon\">\n\t\t\t\t\t\t\t<svg xmlns=\"http:\/\/www.w3.org\/2000\/svg\" id=\"Layer_1\" data-name=\"Layer 1\" viewbox=\"0 0 24 24\"><path d=\"m8.5,9.5c0,.551.128,1.073.356,1.537-.49.628-.795,1.407-.836,2.256-.941-.988-1.52-2.324-1.52-3.792,0-3.411,3.122-6.107,6.659-5.381,2.082.428,3.769,2.105,4.213,4.184.134.628.159,1.243.091,1.831-.058.498-.495.866-.997.866h-.045c-.592,0-1.008-.527-.943-1.115.044-.395.021-.81-.08-1.233-.298-1.253-1.32-2.268-2.575-2.557-2.286-.525-4.324,1.207-4.324,3.405Zm-3.89-1.295c.274-1.593,1.053-3.045,2.261-4.178,1.529-1.433,3.531-2.141,5.63-2.011,3.953.256,7.044,3.719,6.998,7.865-.019,1.736-1.473,3.118-3.208,3.118h-2.406c-.244-.829-1.002-1.439-1.91-1.439-1.105,0-2,.895-2,2s.895,2,2,2c.538,0,1.025-.215,1.384-.561h2.932c2.819,0,5.168-2.245,5.208-5.063C21.573,4.715,17.651.345,12.63.021c-2.664-.173-5.191.732-7.126,2.548-1.499,1.405-2.496,3.265-2.855,5.266-.109.608.372,1.166.989,1.166.472,0,.893-.329.972-.795Zm7.39,8.795c-3.695,0-6.892,2.292-7.955,5.702-.165.527.13,1.088.657,1.253.526.159,1.087-.131,1.252-.657.351-1.127,1.052-2.089,1.952-2.825l1.401,2.101c.355.532,1.136.532,1.491,0l1.254-1.882,1.254,1.882c.355.532,1.136.532,1.491,0l1.363-2.044c.867.729,1.542,1.67,1.884,2.768.134.428.528.702.955.702.099,0,.198-.015.298-.045.527-.165.821-.726.657-1.253-1.063-3.41-4.26-5.702-7.955-5.702Z\"><\/path><\/svg>\t\t\t\t\t\t<\/span>\n\t\t\t\t\t\t\t\t\t\t<span class=\"elementor-icon-list-text\">+90 256 244 02 47<\/span>\n\t\t\t\t\t\t\t\t\t<\/li>\n\t\t\t\t\t\t\t\t<li class=\"elementor-icon-list-item\">\n\t\t\t\t\t\t\t\t\t\t\t<span class=\"elementor-icon-list-icon\">\n\t\t\t\t\t\t\t<svg aria-hidden=\"true\" class=\"e-font-icon-svg e-fab-whatsapp\" viewbox=\"0 0 448 512\" xmlns=\"http:\/\/www.w3.org\/2000\/svg\"><path d=\"M380.9 97.1C339 55.1 283.2 32 223.9 32c-122.4 0-222 99.6-222 222 0 39.1 10.2 77.3 29.6 111L0 480l117.7-30.9c32.4 17.7 68.9 27 106.1 27h.1c122.3 0 224.1-99.6 224.1-222 0-59.3-25.2-115-67.1-157zm-157 341.6c-33.2 0-65.7-8.9-94-25.7l-6.7-4-69.8 18.3L72 359.2l-4.4-7c-18.5-29.4-28.2-63.3-28.2-98.2 0-101.7 82.8-184.5 184.6-184.5 49.3 0 95.6 19.2 130.4 54.1 34.8 34.9 56.2 81.2 56.1 130.5 0 101.8-84.9 184.6-186.6 184.6zm101.2-138.2c-5.5-2.8-32.8-16.2-37.9-18-5.1-1.9-8.8-2.8-12.5 2.8-3.7 5.6-14.3 18-17.6 21.8-3.2 3.7-6.5 4.2-12 1.4-32.6-16.3-54-29.1-75.5-66-5.7-9.8 5.7-9.1 16.3-30.3 1.8-3.7.9-6.9-.5-9.7-1.4-2.8-12.5-30.1-17.1-41.2-4.5-10.8-9.1-9.3-12.5-9.5-3.2-.2-6.9-.2-10.6-.2-3.7 0-9.7 1.4-14.8 6.9-5.1 5.6-19.4 19-19.4 46.3 0 27.3 19.9 53.7 22.6 57.4 2.8 3.7 39.1 59.7 94.8 83.8 35.2 15.2 49 16.5 66.6 13.9 10.7-1.6 32.8-13.4 37.4-26.4 4.6-13 4.6-24.1 3.2-26.4-1.3-2.5-5-3.9-10.5-6.6z\"><\/path><\/svg>\t\t\t\t\t\t<\/span>\n\t\t\t\t\t\t\t\t\t\t<span class=\"elementor-icon-list-text\">+90 545 588 77 92 (Whatsapp Support Line)<\/span>\n\t\t\t\t\t\t\t\t\t<\/li>\n\t\t\t\t\t\t\t\t<li class=\"elementor-icon-list-item\">\n\t\t\t\t\t\t\t\t\t\t\t<span class=\"elementor-icon-list-icon\">\n\t\t\t\t\t\t\t<svg aria-hidden=\"true\" class=\"e-font-icon-svg e-fas-map-marker-alt\" viewbox=\"0 0 384 512\" xmlns=\"http:\/\/www.w3.org\/2000\/svg\"><path d=\"M172.268 501.67C26.97 291.031 0 269.413 0 192 0 85.961 85.961 0 192 0s192 85.961 192 192c0 77.413-26.97 99.031-172.268 309.67-9.535 13.774-29.93 13.773-39.464 0zM192 272c44.183 0 80-35.817 80-80s-35.817-80-80-80-80 35.817-80 80 35.817 80 80 80z\"><\/path><\/svg>\t\t\t\t\t\t<\/span>\n\t\t\t\t\t\t\t\t\t\t<span class=\"elementor-icon-list-text\">Ayd\u0131n-\u0130zmir Karayolu \u00dczeri Karde\u015fk\u00f6y EFELER\/AYDIN<\/span>\n\t\t\t\t\t\t\t\t\t<\/li>\n\t\t\t\t\t\t<\/ul>\n\t\t\t\t\t\t<\/div>\n\t\t\t\t<\/div>\n\t\t\t\t<\/div>\n\t\t<div class=\"elementor-element elementor-element-25beab3 e-con-full e-flex e-con e-child\" data-id=\"25beab3\" data-element_type=\"container\">\n\t\t\t\t<div class=\"elementor-element elementor-element-9e46abd elementor-button-align-stretch elementor-widget elementor-widget-form\" data-id=\"9e46abd\" data-element_type=\"widget\" data-settings=\"{&quot;step_next_label&quot;:&quot;Next&quot;,&quot;step_previous_label&quot;:&quot;Previous&quot;,&quot;button_width&quot;:&quot;100&quot;,&quot;step_type&quot;:&quot;number_text&quot;,&quot;step_icon_shape&quot;:&quot;circle&quot;}\" data-widget_type=\"form.default\">\n\t\t\t\t<div class=\"elementor-widget-container\">\n\t\t\t\t\t\t\t<form class=\"elementor-form\" method=\"post\" name=\"New Form\" aria-label=\"New Form\" action=\"\">\n\t\t\t<input type=\"hidden\" name=\"post_id\" value=\"608\"\/>\n\t\t\t<input type=\"hidden\" name=\"form_id\" value=\"9e46abd\"\/>\n\t\t\t<input type=\"hidden\" name=\"referer_title\" value=\"Sat\u0131\u015f Sonras\u0131 Destek - Fen \u0130\u015f\" \/>\n\n\t\t\t\t\t\t\t<input type=\"hidden\" name=\"queried_id\" value=\"608\"\/>\n\t\t\t\n\t\t\t<div class=\"elementor-form-fields-wrapper elementor-labels-above\">\n\t\t\t\t\t\t\t\t<div class=\"elementor-field-type-text elementor-field-group elementor-column elementor-field-group-name elementor-col-100\">\n\t\t\t\t\t\t\t\t\t\t\t\t<label for=\"form-field-name\" class=\"elementor-field-label\">\n\t\t\t\t\t\t\t\tCompany name\t\t\t\t\t\t\t<\/label>\n\t\t\t\t\t\t\t\t\t\t\t\t\t\t<input size=\"1\" type=\"text\" name=\"form_fields[name]\" id=\"form-field-name\" class=\"elementor-field elementor-size-sm  elementor-field-textual\" placeholder=\"Company name\">\n\t\t\t\t\t\t\t\t\t\t\t<\/div>\n\t\t\t\t\t\t\t\t<div class=\"elementor-field-type-email elementor-field-group elementor-column elementor-field-group-email elementor-col-100 elementor-field-required\">\n\t\t\t\t\t\t\t\t\t\t\t\t<label for=\"form-field-email\" class=\"elementor-field-label\">\n\t\t\t\t\t\t\t\tE-mail address\t\t\t\t\t\t\t<\/label>\n\t\t\t\t\t\t\t\t\t\t\t\t\t\t<input size=\"1\" type=\"email\" name=\"form_fields[email]\" id=\"form-field-email\" class=\"elementor-field elementor-size-sm  elementor-field-textual\" placeholder=\"E-mail address\" required=\"required\">\n\t\t\t\t\t\t\t\t\t\t\t<\/div>\n\t\t\t\t\t\t\t\t<div class=\"elementor-field-type-tel elementor-field-group elementor-column elementor-field-group-field_cadf6a7 elementor-col-100 elementor-field-required\">\n\t\t\t\t\t\t\t\t\t\t\t\t<label for=\"form-field-field_cadf6a7\" class=\"elementor-field-label\">\n\t\t\t\t\t\t\t\tYour phone number\t\t\t\t\t\t\t<\/label>\n\t\t\t\t\t\t\t\t<input size=\"1\" type=\"tel\" name=\"form_fields[field_cadf6a7]\" id=\"form-field-field_cadf6a7\" class=\"elementor-field elementor-size-sm  elementor-field-textual\" placeholder=\"Your phone number\" required=\"required\" pattern=\"[0-9()#&amp;+*-=.]+\" title=\"Phone Number\">\n\n\t\t\t\t\t\t<\/div>\n\t\t\t\t\t\t\t\t<div class=\"elementor-field-type-text elementor-field-group elementor-column elementor-field-group-field_a95ea8a elementor-col-100 elementor-field-required\">\n\t\t\t\t\t\t\t\t\t\t\t\t<label for=\"form-field-field_a95ea8a\" class=\"elementor-field-label\">\n\t\t\t\t\t\t\t\tYour Company Address\t\t\t\t\t\t\t<\/label>\n\t\t\t\t\t\t\t\t\t\t\t\t\t\t<input size=\"1\" type=\"text\" name=\"form_fields[field_a95ea8a]\" id=\"form-field-field_a95ea8a\" class=\"elementor-field elementor-size-sm  elementor-field-textual\" placeholder=\"Your Company Address\" required=\"required\">\n\t\t\t\t\t\t\t\t\t\t\t<\/div>\n\t\t\t\t\t\t\t\t<div class=\"elementor-field-type-select elementor-field-group elementor-column elementor-field-group-field_efe6f11 elementor-col-100\">\n\t\t\t\t\t\t\t\t\t\t\t\t<label for=\"form-field-field_efe6f11\" class=\"elementor-field-label\">\n\t\t\t\t\t\t\t\tProduct information\t\t\t\t\t\t\t<\/label>\n\t\t\t\t\t\t\t\t<div class=\"elementor-field elementor-select-wrapper remove-before\">\n\t\t\t<div class=\"select-caret-down-wrapper\">\n\t\t\t\t<svg aria-hidden=\"true\" class=\"e-font-icon-svg e-eicon-caret-down\" viewbox=\"0 0 571.4 571.4\" xmlns=\"http:\/\/www.w3.org\/2000\/svg\"><path d=\"M571 393Q571 407 561 418L311 668Q300 679 286 679T261 668L11 418Q0 407 0 393T11 368 36 357H536Q550 357 561 368T571 393Z\"><\/path><\/svg>\t\t\t<\/div>\n\t\t\t<select name=\"form_fields[field_efe6f11]\" id=\"form-field-field_efe6f11\" class=\"elementor-field-textual elementor-size-sm\">\n\t\t\t\t\t\t\t\t\t<option value=\"FN 300\">FN 300<\/option>\n\t\t\t\t\t\t\t\t\t<option value=\"FN 320\">FN 320<\/option>\n\t\t\t\t\t\t\t\t\t<option value=\"FN 400M\">FN 400M<\/option>\n\t\t\t\t\t\t\t\t\t<option value=\"FN 400S\">FN 400S<\/option>\n\t\t\t\t\t\t\t\t\t<option value=\"FN 400P\">FN 400P<\/option>\n\t\t\t\t\t\t\t\t\t<option value=\"FN 400HP\">FN 400HP<\/option>\n\t\t\t\t\t\t\t\t\t<option value=\"FN 350AC\">FN 350AC<\/option>\n\t\t\t\t\t\t\t\t\t<option value=\"FN 420AC\">FN 420AC<\/option>\n\t\t\t\t\t\t\t\t\t<option value=\"FN 200CK\">FN 200CK<\/option>\n\t\t\t\t\t\t\t\t\t<option value=\"FN 710FR\">FN 710FR<\/option>\n\t\t\t\t\t\t\t\t\t<option value=\"FN 700FR\">FN 700FR<\/option>\n\t\t\t\t\t\t\t\t\t<option value=\"FN 720FR\">FN 720FR<\/option>\n\t\t\t\t\t\t\t\t\t<option value=\"FN 730FR\">FN 730FR<\/option>\n\t\t\t\t\t\t\t\t\t<option value=\"FN 770FR\">FN 770FR<\/option>\n\t\t\t\t\t\t\t\t\t<option value=\"FN 180HP\">FN 180HP<\/option>\n\t\t\t\t\t\t\t\t\t<option value=\"FN 880KM\">FN 880KM<\/option>\n\t\t\t\t\t\t\t\t\t<option value=\"FN 800KM\">FN 800KM<\/option>\n\t\t\t\t\t\t\t\t\t<option value=\"FN 2500\">FN 2500<\/option>\n\t\t\t\t\t\t\t\t\t<option value=\"FN 900PLUS\">FN 900PLUS<\/option>\n\t\t\t\t\t\t\t\t\t<option value=\"FN 950PLUS\">FN 950PLUS<\/option>\n\t\t\t\t\t\t\t\t\t<option value=\"FN 2450\">FN 2450<\/option>\n\t\t\t\t\t\t\t\t\t<option value=\"FN 1850\">FN 1850<\/option>\n\t\t\t\t\t\t\t\t\t<option value=\"FN 1250\">FN 1250<\/option>\n\t\t\t\t\t\t\t\t\t<option value=\"FN 1000\">FN 1000<\/option>\n\t\t\t\t\t\t\t\t\t<option value=\"FN 1100\">FN 1100<\/option>\n\t\t\t\t\t\t\t\t\t<option value=\"FN 500\">FN 500<\/option>\n\t\t\t\t\t\t\t\t\t<option value=\"FN 600\">FN 600<\/option>\n\t\t\t\t\t\t\t\t\t<option value=\"FN 250\">FN 250<\/option>\n\t\t\t\t\t\t\t\t\t<option value=\"FN 220\">FN 220<\/option>\n\t\t\t\t\t\t\t\t\t<option value=\"FN 380\">FN 380<\/option>\n\t\t\t\t\t\t\t\t\t<option value=\"FN 3000K\">FN 3000K<\/option>\n\t\t\t\t\t\t\t\t\t<option value=\"FN 3000DK\">FN 3000DK<\/option>\n\t\t\t\t\t\t\t\t\t<option value=\"FN ST300\">FN ST300<\/option>\n\t\t\t\t\t\t\t<\/select>\n\t\t<\/div>\n\t\t\t\t\t\t<\/div>\n\t\t\t\t\t\t\t\t<div class=\"elementor-field-type-upload elementor-field-group elementor-column elementor-field-group-field_817a5b2 elementor-col-100\">\n\t\t\t\t\t\t\t\t\t\t\t\t<label for=\"form-field-field_817a5b2\" class=\"elementor-field-label\">\n\t\t\t\t\t\t\t\tVisual related to the problem (optional)\t\t\t\t\t\t\t<\/label>\n\t\t\t\t\t\t\t\t<input type=\"file\" name=\"form_fields[field_817a5b2][]\" id=\"form-field-field_817a5b2\" class=\"elementor-field elementor-size-sm  elementor-upload-field\" multiple=\"multiple\" data-maxsize=\"8\" data-maxsize-message=\"This file exceeds the maximum allowed size.\">\n\n\t\t\t\t\t\t<\/div>\n\t\t\t\t\t\t\t\t<div class=\"elementor-field-type-textarea elementor-field-group elementor-column elementor-field-group-message elementor-col-100\">\n\t\t\t\t\t\t\t\t\t\t\t\t<label for=\"form-field-message\" class=\"elementor-field-label\">\n\t\t\t\t\t\t\t\tYour message\t\t\t\t\t\t\t<\/label>\n\t\t\t\t\t\t<textarea class=\"elementor-field-textual elementor-field  elementor-size-sm\" name=\"form_fields[message]\" id=\"form-field-message\" rows=\"4\" placeholder=\"Send your message regarding the problem.\"><\/textarea>\t\t\t\t<\/div>\n\t\t\t\t\t\t\t\t<div class=\"elementor-field-group elementor-column elementor-field-type-submit elementor-col-100 e-form__buttons\">\n\t\t\t\t\t<button class=\"elementor-button elementor-size-sm\" type=\"submit\">\n\t\t\t\t\t\t<span class=\"elementor-button-content-wrapper\">\n\t\t\t\t\t\t\t\t\t\t\t\t\t\t\t\t\t\t\t\t\t\t<span class=\"elementor-button-text\">Send<\/span>\n\t\t\t\t\t\t\t\t\t\t\t\t\t<\/span>\n\t\t\t\t\t<\/button>\n\t\t\t\t<\/div>\n\t\t\t<\/div>\n\t\t<input type=\"hidden\" name=\"trp-form-language\" value=\"en\"\/><\/form>\n\t\t\t\t\t\t<\/div>\n\t\t\t\t<\/div>\n\t\t\t\t<\/div>\n\t\t\t\t\t<\/div>\n\t\t\t\t<\/div>\n\t\t\t\t<\/div>","protected":false},"excerpt":{"rendered":"<p>\u00c7\u00fcnk\u00fc Biz \u0130lgileniyoruz \u0130leti\u015fim Bilgileri info@fenismakina.com +90 256 244 02 47 +90 545 588 77 92 (Whatsapp Destek Hatt\u0131) Ayd\u0131n-\u0130zmir Karayolu \u00dczeri Karde\u015fk\u00f6y EFELER\/AYDIN<\/p>","protected":false},"author":1,"featured_media":0,"parent":0,"menu_order":0,"comment_status":"closed","ping_status":"closed","template":"","meta":{"footnotes":""},"class_list":["post-608","page","type-page","status-publish","hentry"],"_links":{"self":[{"href":"https:\/\/fenismakina.com\/en\/wp-json\/wp\/v2\/pages\/608","targetHints":{"allow":["GET"]}}],"collection":[{"href":"https:\/\/fenismakina.com\/en\/wp-json\/wp\/v2\/pages"}],"about":[{"href":"https:\/\/fenismakina.com\/en\/wp-json\/wp\/v2\/types\/page"}],"author":[{"embeddable":true,"href":"https:\/\/fenismakina.com\/en\/wp-json\/wp\/v2\/users\/1"}],"replies":[{"embeddable":true,"href":"https:\/\/fenismakina.com\/en\/wp-json\/wp\/v2\/comments?post=608"}],"version-history":[{"count":37,"href":"https:\/\/fenismakina.com\/en\/wp-json\/wp\/v2\/pages\/608\/revisions"}],"predecessor-version":[{"id":3998,"href":"https:\/\/fenismakina.com\/en\/wp-json\/wp\/v2\/pages\/608\/revisions\/3998"}],"wp:attachment":[{"href":"https:\/\/fenismakina.com\/en\/wp-json\/wp\/v2\/media?parent=608"}],"curies":[{"name":"wp","href":"https:\/\/api.w.org\/{rel}","templated":true}]}}