{"id":3963,"date":"2024-09-17T08:37:17","date_gmt":"2024-09-17T05:37:17","guid":{"rendered":"https:\/\/peronmedya.com\/fenis\/?page_id=3963"},"modified":"2025-06-23T14:25:58","modified_gmt":"2025-06-23T11:25:58","slug":"teklif-formu","status":"publish","type":"page","link":"https:\/\/fenismakina.com\/en\/teklif-formu\/","title":{"rendered":"Offer Form"},"content":{"rendered":"<div data-elementor-type=\"wp-page\" data-elementor-id=\"3963\" class=\"elementor elementor-3963\" data-elementor-post-type=\"page\">\n\t\t\t\t<div class=\"elementor-element elementor-element-202046c e-flex e-con-boxed e-con e-parent\" data-id=\"202046c\" data-element_type=\"container\">\n\t\t\t\t\t<div class=\"e-con-inner\">\n\t\t\t\t<div class=\"elementor-element elementor-element-7ebda3b elementor-widget elementor-widget-text-editor\" data-id=\"7ebda3b\" data-element_type=\"widget\" data-widget_type=\"text-editor.default\">\n\t\t\t\t<div class=\"elementor-widget-container\">\n\t\t\t\t\t\t\t\t\t<p>A\u015fa\u011f\u0131daki teklif formunu doldurun, sizi en yak\u0131n s\u00fcrede arayal\u0131m.<\/p>\t\t\t\t\t\t\t\t<\/div>\n\t\t\t\t<\/div>\n\t\t\t\t<div class=\"elementor-element elementor-element-4c9437a elementor-widget__width-initial elementor-widget-mobile__width-inherit elementor-button-align-stretch elementor-widget elementor-widget-form\" data-id=\"4c9437a\" data-element_type=\"widget\" data-settings=\"{&quot;step_next_label&quot;:&quot;Next&quot;,&quot;step_previous_label&quot;:&quot;Previous&quot;,&quot;button_width&quot;:&quot;100&quot;,&quot;step_type&quot;:&quot;number_text&quot;,&quot;step_icon_shape&quot;:&quot;circle&quot;}\" data-widget_type=\"form.default\">\n\t\t\t\t<div class=\"elementor-widget-container\">\n\t\t\t\t\t\t\t<form class=\"elementor-form\" method=\"post\" name=\"New Form\" aria-label=\"New Form\" action=\"\">\n\t\t\t<input type=\"hidden\" name=\"post_id\" value=\"3963\"\/>\n\t\t\t<input type=\"hidden\" name=\"form_id\" value=\"4c9437a\"\/>\n\t\t\t<input type=\"hidden\" name=\"referer_title\" value=\"Teklif Formu - Fen \u0130\u015f\" \/>\n\n\t\t\t\t\t\t\t<input type=\"hidden\" name=\"queried_id\" value=\"3963\"\/>\n\t\t\t\n\t\t\t<div class=\"elementor-form-fields-wrapper elementor-labels-above\">\n\t\t\t\t\t\t\t\t<div class=\"elementor-field-type-text elementor-field-group elementor-column elementor-field-group-name elementor-col-100\">\n\t\t\t\t\t\t\t\t\t\t\t\t<label for=\"form-field-name\" class=\"elementor-field-label\">\n\t\t\t\t\t\t\t\tAd Soyad\t\t\t\t\t\t\t<\/label>\n\t\t\t\t\t\t\t\t\t\t\t\t\t\t<input size=\"1\" type=\"text\" name=\"form_fields[name]\" id=\"form-field-name\" class=\"elementor-field elementor-size-sm  elementor-field-textual\" placeholder=\"Ad\u0131n\u0131z\u0131 giriniz...\">\n\t\t\t\t\t\t\t\t\t\t\t<\/div>\n\t\t\t\t\t\t\t\t<div class=\"elementor-field-type-email elementor-field-group elementor-column elementor-field-group-email elementor-col-100 elementor-field-required\">\n\t\t\t\t\t\t\t\t\t\t\t\t<label for=\"form-field-email\" class=\"elementor-field-label\">\n\t\t\t\t\t\t\t\tE-Posta \t\t\t\t\t\t\t<\/label>\n\t\t\t\t\t\t\t\t\t\t\t\t\t\t<input size=\"1\" type=\"email\" name=\"form_fields[email]\" id=\"form-field-email\" class=\"elementor-field elementor-size-sm  elementor-field-textual\" placeholder=\"E-Posta adresinizi giriniz...\" required=\"required\">\n\t\t\t\t\t\t\t\t\t\t\t<\/div>\n\t\t\t\t\t\t\t\t<div class=\"elementor-field-type-tel elementor-field-group elementor-column elementor-field-group-field_e852b61 elementor-col-100\">\n\t\t\t\t\t\t\t\t\t\t\t\t<label for=\"form-field-field_e852b61\" class=\"elementor-field-label\">\n\t\t\t\t\t\t\t\tTelefon\t\t\t\t\t\t\t<\/label>\n\t\t\t\t\t\t\t\t<input size=\"1\" type=\"tel\" name=\"form_fields[field_e852b61]\" id=\"form-field-field_e852b61\" class=\"elementor-field elementor-size-sm  elementor-field-textual\" placeholder=\"Telefon numaran\u0131z\u0131 giriniz...\" pattern=\"[0-9()#&amp;+*-=.]+\" title=\"Phone Number\">\n\n\t\t\t\t\t\t<\/div>\n\t\t\t\t\t\t\t\t<div class=\"elementor-field-type-text elementor-field-group elementor-column elementor-field-group-field_257f6fc elementor-col-100\">\n\t\t\t\t\t\t\t\t\t\t\t\t<label for=\"form-field-field_257f6fc\" class=\"elementor-field-label\">\n\t\t\t\t\t\t\t\tCompany name\t\t\t\t\t\t\t<\/label>\n\t\t\t\t\t\t\t\t\t\t\t\t\t\t<input size=\"1\" type=\"text\" name=\"form_fields[field_257f6fc]\" id=\"form-field-field_257f6fc\" class=\"elementor-field elementor-size-sm  elementor-field-textual\" placeholder=\"\u015eirket ad\u0131n\u0131 giriniz...\">\n\t\t\t\t\t\t\t\t\t\t\t<\/div>\n\t\t\t\t\t\t\t\t<div class=\"elementor-field-type-select elementor-field-group elementor-column elementor-field-group-field_b6044b3 elementor-col-100\">\n\t\t\t\t\t\t\t\t\t\t\t\t<label for=\"form-field-field_b6044b3\" class=\"elementor-field-label\">\n\t\t\t\t\t\t\t\tProduct information\t\t\t\t\t\t\t<\/label>\n\t\t\t\t\t\t\t\t<div class=\"elementor-field elementor-select-wrapper remove-before\">\n\t\t\t<div class=\"select-caret-down-wrapper\">\n\t\t\t\t<svg aria-hidden=\"true\" class=\"e-font-icon-svg e-eicon-caret-down\" viewbox=\"0 0 571.4 571.4\" xmlns=\"http:\/\/www.w3.org\/2000\/svg\"><path d=\"M571 393Q571 407 561 418L311 668Q300 679 286 679T261 668L11 418Q0 407 0 393T11 368 36 357H536Q550 357 561 368T571 393Z\"><\/path><\/svg>\t\t\t<\/div>\n\t\t\t<select name=\"form_fields[field_b6044b3]\" id=\"form-field-field_b6044b3\" class=\"elementor-field-textual elementor-size-sm\">\n\t\t\t\t\t\t\t\t\t<option value=\"L\u00fctfen \u00fcr\u00fcn se\u00e7iniz.\">L\u00fctfen \u00fcr\u00fcn se\u00e7iniz.<\/option>\n\t\t\t\t\t\t\t\t\t<option value=\"FN 300\">FN 300<\/option>\n\t\t\t\t\t\t\t\t\t<option value=\"FN 320\">FN 320<\/option>\n\t\t\t\t\t\t\t\t\t<option value=\"FN 400M\">FN 400M<\/option>\n\t\t\t\t\t\t\t\t\t<option value=\"FN 400S\">FN 400S<\/option>\n\t\t\t\t\t\t\t\t\t<option value=\"FN 400P\">FN 400P<\/option>\n\t\t\t\t\t\t\t\t\t<option value=\"FN 400HP\">FN 400HP<\/option>\n\t\t\t\t\t\t\t\t\t<option value=\"FN 350AC\">FN 350AC<\/option>\n\t\t\t\t\t\t\t\t\t<option value=\"FN 420AC\">FN 420AC<\/option>\n\t\t\t\t\t\t\t\t\t<option value=\"FN 300CK\">FN 300CK<\/option>\n\t\t\t\t\t\t\t\t\t<option value=\"FN 710FR\">FN 710FR<\/option>\n\t\t\t\t\t\t\t\t\t<option value=\"FN 700FR\">FN 700FR<\/option>\n\t\t\t\t\t\t\t\t\t<option value=\"FN 720FR\">FN 720FR<\/option>\n\t\t\t\t\t\t\t\t\t<option value=\"FN 730FR\">FN 730FR<\/option>\n\t\t\t\t\t\t\t\t\t<option value=\"FN 770FR\">FN 770FR<\/option>\n\t\t\t\t\t\t\t\t\t<option value=\"FN 770NC\">FN 770NC<\/option>\n\t\t\t\t\t\t\t\t\t<option value=\"FN 180HP\">FN 180HP<\/option>\n\t\t\t\t\t\t\t\t\t<option value=\"FN 880KM\">FN 880KM<\/option>\n\t\t\t\t\t\t\t\t\t<option value=\"FN 800KM\">FN 800KM<\/option>\n\t\t\t\t\t\t\t\t\t<option value=\"FN 2500\">FN 2500<\/option>\n\t\t\t\t\t\t\t\t\t<option value=\"FN 900PLUS\">FN 900PLUS<\/option>\n\t\t\t\t\t\t\t\t\t<option value=\"FN 950PLUS\">FN 950PLUS<\/option>\n\t\t\t\t\t\t\t\t\t<option value=\"FN 2450\">FN 2450<\/option>\n\t\t\t\t\t\t\t\t\t<option value=\"FN 1850\">FN 1850<\/option>\n\t\t\t\t\t\t\t\t\t<option value=\"FN 1250\">FN 1250<\/option>\n\t\t\t\t\t\t\t\t\t<option value=\"FN 1000\">FN 1000<\/option>\n\t\t\t\t\t\t\t\t\t<option value=\"FN 1100\">FN 1100<\/option>\n\t\t\t\t\t\t\t\t\t<option value=\"FN 500\">FN 500<\/option>\n\t\t\t\t\t\t\t\t\t<option value=\"FN 600\">FN 600<\/option>\n\t\t\t\t\t\t\t\t\t<option value=\"FN 250\">FN 250<\/option>\n\t\t\t\t\t\t\t\t\t<option value=\"FN 220\">FN 220<\/option>\n\t\t\t\t\t\t\t\t\t<option value=\"FN 380\">FN 380<\/option>\n\t\t\t\t\t\t\t\t\t<option value=\"FN 3000K\">FN 3000K<\/option>\n\t\t\t\t\t\t\t\t\t<option value=\"FN 3000DK\">FN 3000DK<\/option>\n\t\t\t\t\t\t\t\t\t<option value=\"FN ST300\">FN ST300<\/option>\n\t\t\t\t\t\t\t<\/select>\n\t\t<\/div>\n\t\t\t\t\t\t<\/div>\n\t\t\t\t\t\t\t\t<div class=\"elementor-field-type-textarea elementor-field-group elementor-column elementor-field-group-message elementor-col-100\">\n\t\t\t\t\t\t\t\t\t\t\t\t<label for=\"form-field-message\" class=\"elementor-field-label\">\n\t\t\t\t\t\t\t\tYour message\t\t\t\t\t\t\t<\/label>\n\t\t\t\t\t\t<textarea class=\"elementor-field-textual elementor-field  elementor-size-sm\" name=\"form_fields[message]\" id=\"form-field-message\" rows=\"4\" placeholder=\"Mesaj\u0131n\u0131z\u0131 yaz\u0131n\u0131z...\"><\/textarea>\t\t\t\t<\/div>\n\t\t\t\t\t\t\t\t<div class=\"elementor-field-group elementor-column elementor-field-type-submit elementor-col-100 e-form__buttons\">\n\t\t\t\t\t<button class=\"elementor-button elementor-size-sm\" type=\"submit\">\n\t\t\t\t\t\t<span class=\"elementor-button-content-wrapper\">\n\t\t\t\t\t\t\t\t\t\t\t\t\t\t\t\t\t\t\t\t\t\t<span class=\"elementor-button-text\">Send<\/span>\n\t\t\t\t\t\t\t\t\t\t\t\t\t<\/span>\n\t\t\t\t\t<\/button>\n\t\t\t\t<\/div>\n\t\t\t<\/div>\n\t\t<input type=\"hidden\" name=\"trp-form-language\" value=\"en\"\/><\/form>\n\t\t\t\t\t\t<\/div>\n\t\t\t\t<\/div>\n\t\t\t\t\t<\/div>\n\t\t\t\t<\/div>\n\t\t\t\t<\/div>","protected":false},"excerpt":{"rendered":"<p>A\u015fa\u011f\u0131daki teklif formunu doldurun, sizi en yak\u0131n s\u00fcrede arayal\u0131m.<\/p>","protected":false},"author":1,"featured_media":0,"parent":0,"menu_order":0,"comment_status":"closed","ping_status":"closed","template":"","meta":{"footnotes":""},"class_list":["post-3963","page","type-page","status-publish","hentry"],"_links":{"self":[{"href":"https:\/\/fenismakina.com\/en\/wp-json\/wp\/v2\/pages\/3963","targetHints":{"allow":["GET"]}}],"collection":[{"href":"https:\/\/fenismakina.com\/en\/wp-json\/wp\/v2\/pages"}],"about":[{"href":"https:\/\/fenismakina.com\/en\/wp-json\/wp\/v2\/types\/page"}],"author":[{"embeddable":true,"href":"https:\/\/fenismakina.com\/en\/wp-json\/wp\/v2\/users\/1"}],"replies":[{"embeddable":true,"href":"https:\/\/fenismakina.com\/en\/wp-json\/wp\/v2\/comments?post=3963"}],"version-history":[{"count":16,"href":"https:\/\/fenismakina.com\/en\/wp-json\/wp\/v2\/pages\/3963\/revisions"}],"predecessor-version":[{"id":4993,"href":"https:\/\/fenismakina.com\/en\/wp-json\/wp\/v2\/pages\/3963\/revisions\/4993"}],"wp:attachment":[{"href":"https:\/\/fenismakina.com\/en\/wp-json\/wp\/v2\/media?parent=3963"}],"curies":[{"name":"wp","href":"https:\/\/api.w.org\/{rel}","templated":true}]}}