{"id":188,"date":"2024-02-12T11:35:49","date_gmt":"2024-02-12T11:35:49","guid":{"rendered":"https:\/\/peronmedya.com\/fenis\/?page_id=188"},"modified":"2024-03-04T06:47:47","modified_gmt":"2024-03-04T06:47:47","slug":"misyon-ve-vizyon","status":"publish","type":"page","link":"https:\/\/fenismakina.com\/en\/misyon-ve-vizyon\/","title":{"rendered":"Mission and Vision"},"content":{"rendered":"<div data-elementor-type=\"wp-page\" data-elementor-id=\"188\" class=\"elementor elementor-188\" data-elementor-post-type=\"page\">\n\t\t\t\t<div class=\"elementor-element elementor-element-a2d0cb6 e-flex e-con-boxed e-con e-parent\" data-id=\"a2d0cb6\" data-element_type=\"container\">\n\t\t\t\t\t<div class=\"e-con-inner\">\n\t\t<div class=\"elementor-element elementor-element-064a681 e-con-full e-flex e-con e-child\" data-id=\"064a681\" data-element_type=\"container\">\n\t\t\t\t<div class=\"elementor-element elementor-element-9eeb187 elementor-widget__width-inherit elementor-widget-mobile__width-inherit elementor-widget elementor-widget-heading\" data-id=\"9eeb187\" data-element_type=\"widget\" data-widget_type=\"heading.default\">\n\t\t\t\t<div class=\"elementor-widget-container\">\n\t\t\t\t\t<h1 class=\"elementor-heading-title elementor-size-default\">Our Mission and Vision<\/h1>\t\t\t\t<\/div>\n\t\t\t\t<\/div>\n\t\t\t\t<\/div>\n\t\t<div class=\"elementor-element elementor-element-ffd8923 e-con-full e-flex e-con e-child\" data-id=\"ffd8923\" data-element_type=\"container\">\n\t\t\t\t<div class=\"elementor-element elementor-element-095bf61 elementor-widget elementor-widget-text-editor\" data-id=\"095bf61\" data-element_type=\"widget\" data-widget_type=\"text-editor.default\">\n\t\t\t\t<div class=\"elementor-widget-container\">\n\t\t\t\t\t\t\t\t\tQuality, economy and ease of use will always be taken into consideration in the products we produce and will produce, taking into account our customers' expectations and new emerging requirements.\n\n\t\t\t\t\t\t\t\t<\/div>\n\t\t\t\t<\/div>\n\t\t\t\t<\/div>\n\t\t\t\t\t<\/div>\n\t\t\t\t<\/div>\n\t\t<div class=\"elementor-element elementor-element-00e3c19 e-flex e-con-boxed e-con e-parent\" data-id=\"00e3c19\" data-element_type=\"container\">\n\t\t\t\t\t<div class=\"e-con-inner\">\n\t\t<div class=\"elementor-element elementor-element-10e9a9d e-con-full e-flex e-con e-child\" data-id=\"10e9a9d\" data-element_type=\"container\">\n\t\t\t\t<div class=\"elementor-element elementor-element-274d840 elementor-widget-mobile__width-inherit elementor-view-default elementor-position-top elementor-mobile-position-top elementor-widget elementor-widget-icon-box\" data-id=\"274d840\" data-element_type=\"widget\" data-widget_type=\"icon-box.default\">\n\t\t\t\t<div class=\"elementor-widget-container\">\n\t\t\t\t\t\t\t<div class=\"elementor-icon-box-wrapper\">\n\n\t\t\t\t\t\t<div class=\"elementor-icon-box-icon\">\n\t\t\t\t<span  class=\"elementor-icon\">\n\t\t\t\t<svg xmlns=\"http:\/\/www.w3.org\/2000\/svg\" id=\"Layer_1\" data-name=\"Layer 1\" viewbox=\"0 0 24 24\"><path d=\"m8.5,9.5c0,.551.128,1.073.356,1.537-.49.628-.795,1.407-.836,2.256-.941-.988-1.52-2.324-1.52-3.792,0-3.411,3.122-6.107,6.659-5.381,2.082.428,3.769,2.105,4.213,4.184.134.628.159,1.243.091,1.831-.058.498-.495.866-.997.866h-.045c-.592,0-1.008-.527-.943-1.115.044-.395.021-.81-.08-1.233-.298-1.253-1.32-2.268-2.575-2.557-2.286-.525-4.324,1.207-4.324,3.405Zm-3.89-1.295c.274-1.593,1.053-3.045,2.261-4.178,1.529-1.433,3.531-2.141,5.63-2.011,3.953.256,7.044,3.719,6.998,7.865-.019,1.736-1.473,3.118-3.208,3.118h-2.406c-.244-.829-1.002-1.439-1.91-1.439-1.105,0-2,.895-2,2s.895,2,2,2c.538,0,1.025-.215,1.384-.561h2.932c2.819,0,5.168-2.245,5.208-5.063C21.573,4.715,17.651.345,12.63.021c-2.664-.173-5.191.732-7.126,2.548-1.499,1.405-2.496,3.265-2.855,5.266-.109.608.372,1.166.989,1.166.472,0,.893-.329.972-.795Zm7.39,8.795c-3.695,0-6.892,2.292-7.955,5.702-.165.527.13,1.088.657,1.253.526.159,1.087-.131,1.252-.657.351-1.127,1.052-2.089,1.952-2.825l1.401,2.101c.355.532,1.136.532,1.491,0l1.254-1.882,1.254,1.882c.355.532,1.136.532,1.491,0l1.363-2.044c.867.729,1.542,1.67,1.884,2.768.134.428.528.702.955.702.099,0,.198-.015.298-.045.527-.165.821-.726.657-1.253-1.063-3.41-4.26-5.702-7.955-5.702Z\"><\/path><\/svg>\t\t\t\t<\/span>\n\t\t\t<\/div>\n\t\t\t\n\t\t\t\t\t\t<div class=\"elementor-icon-box-content\">\n\n\t\t\t\t\t\t\t\t\t<h3 class=\"elementor-icon-box-title\">\n\t\t\t\t\t\t<span  >\n\t\t\t\t\t\t\tOur Mission\t\t\t\t\t\t<\/span>\n\t\t\t\t\t<\/h3>\n\t\t\t\t\n\t\t\t\t\t\t\t\t\t<p class=\"elementor-icon-box-description\">\n\t\t\t\t\t\tFEN-\u0130\u015e always takes these principles into consideration in the training of all its employees, sales and after-sales customer relations, and services to be provided in order to achieve its goals. <br>\n\n<br>Complete and timely delivery of production and after-sales services is carried out through systematic work.<br>\n\n<br>SUMMARY\n\n<br>- Our existence will continue to constantly renew and develop in line with the trust and needs of our customers.\n\n<br>- Our goal is to always be the best in the industry by producing machines in the most economical and useful way without compromising on quality.\n\n<br>- Our aim is to constantly improve by keeping up with the changing and developing technology and taking into account the needs of the future with trained and qualified personnel.\t\t\t\t\t<\/p>\n\t\t\t\t\n\t\t\t<\/div>\n\t\t\t\n\t\t<\/div>\n\t\t\t\t\t\t<\/div>\n\t\t\t\t<\/div>\n\t\t\t\t<\/div>\n\t\t<div class=\"elementor-element elementor-element-743ffec e-con-full e-flex e-con e-child\" data-id=\"743ffec\" data-element_type=\"container\">\n\t\t\t\t<div class=\"elementor-element elementor-element-e569d74 elementor-widget-mobile__width-inherit elementor-view-default elementor-position-top elementor-mobile-position-top elementor-widget elementor-widget-icon-box\" data-id=\"e569d74\" data-element_type=\"widget\" data-widget_type=\"icon-box.default\">\n\t\t\t\t<div class=\"elementor-widget-container\">\n\t\t\t\t\t\t\t<div class=\"elementor-icon-box-wrapper\">\n\n\t\t\t\t\t\t<div class=\"elementor-icon-box-icon\">\n\t\t\t\t<span  class=\"elementor-icon\">\n\t\t\t\t<svg xmlns=\"http:\/\/www.w3.org\/2000\/svg\" viewbox=\"0 0 24 24\" width=\"512\" height=\"512\"><g id=\"_01_align_center\" data-name=\"01 align center\"><path d=\"M11.948,24.009l-.354-.157C11.2,23.679,2,19.524,2,12V5.476A2.983,2.983,0,0,1,4.051,2.644L12,.009l7.949,2.635A2.983,2.983,0,0,1,22,5.476V12c0,8.577-9.288,11.755-9.684,11.887ZM12,2.106,4.684,4.532A.992.992,0,0,0,4,5.476V12c0,5.494,6.44,9.058,8.047,9.861C13.651,21.216,20,18.263,20,12V5.476a.992.992,0,0,0-.684-.944Z\"><\/path><path d=\"M11.111,14.542h-.033a1.872,1.872,0,0,1-1.345-.6l-2.306-2.4L8.868,10.16,11.112,12.5l5.181-5.181,1.414,1.414-5.261,5.261A1.873,1.873,0,0,1,11.111,14.542Z\"><\/path><\/g><\/svg>\t\t\t\t<\/span>\n\t\t\t<\/div>\n\t\t\t\n\t\t\t\t\t\t<div class=\"elementor-icon-box-content\">\n\n\t\t\t\t\t\t\t\t\t<h3 class=\"elementor-icon-box-title\">\n\t\t\t\t\t\t<span  >\n\t\t\t\t\t\t\tOur Vision\t\t\t\t\t\t<\/span>\n\t\t\t\t\t<\/h3>\n\t\t\t\t\n\t\t\t\t\t\t\t\t\t<p class=\"elementor-icon-box-description\">\n\t\t\t\t\t\tFEN-\u0130\u015e aims to serve the highest expectations of its customers, from the design to production of its products, sales and after-sales service.\n\n<br><br>Our aim is to provide the best quality products and services to the most affordable prices at the right time, by accurately detecting their wishes and expectations, so that organizations purchasing goods or services always choose our company.\n\n<br><br>FEN-\u0130\u015e's goal is to create a solution partner for big ideas with innovation and innovation, with a vision that can see the needs of the future today.\n\n<br><br>Quality, economy and ease of use will always be taken into consideration in the products we produce and will produce, taking into account our customers' expectations and new emerging requirements.\t\t\t\t\t<\/p>\n\t\t\t\t\n\t\t\t<\/div>\n\t\t\t\n\t\t<\/div>\n\t\t\t\t\t\t<\/div>\n\t\t\t\t<\/div>\n\t\t\t\t<\/div>\n\t\t\t\t\t<\/div>\n\t\t\t\t<\/div>\n\t\t\t\t<\/div>","protected":false},"excerpt":{"rendered":"<p>Misyon ve Vizyonumuz M\u00fc\u015fterilerimizin beklentisi ve yeni do\u011facak gereksinimler de dikkate al\u0131narak \u00fcretti\u011fimiz ve \u00fcretece\u011fimiz \u00fcr\u00fcnlerde her zaman kalite, ekonomiklik ve kullan\u0131m kolayl\u0131\u011f\u0131 g\u00f6z \u00f6n\u00fcnde bulundurulacakt\u0131r. Misyonumuz FEN-\u0130\u015e hedeflerin yerine getirilmesi i\u00e7in t\u00fcm \u00e7al\u0131\u015fanlar\u0131n\u0131n e\u011fitimlerine, sat\u0131\u015f ve sat\u0131\u015f sonras\u0131 m\u00fc\u015fteri ili\u015fkilerine ve yerine getirilecek hizmetlerde bu ilkeleri her zaman g\u00f6z \u00f6n\u00fcnde bulundurmaktad\u0131r. \u00dcretimlerin ve sat\u0131\u015f [&hellip;]<\/p>","protected":false},"author":1,"featured_media":0,"parent":0,"menu_order":0,"comment_status":"closed","ping_status":"closed","template":"","meta":{"footnotes":""},"class_list":["post-188","page","type-page","status-publish","hentry"],"_links":{"self":[{"href":"https:\/\/fenismakina.com\/en\/wp-json\/wp\/v2\/pages\/188","targetHints":{"allow":["GET"]}}],"collection":[{"href":"https:\/\/fenismakina.com\/en\/wp-json\/wp\/v2\/pages"}],"about":[{"href":"https:\/\/fenismakina.com\/en\/wp-json\/wp\/v2\/types\/page"}],"author":[{"embeddable":true,"href":"https:\/\/fenismakina.com\/en\/wp-json\/wp\/v2\/users\/1"}],"replies":[{"embeddable":true,"href":"https:\/\/fenismakina.com\/en\/wp-json\/wp\/v2\/comments?post=188"}],"version-history":[{"count":19,"href":"https:\/\/fenismakina.com\/en\/wp-json\/wp\/v2\/pages\/188\/revisions"}],"predecessor-version":[{"id":620,"href":"https:\/\/fenismakina.com\/en\/wp-json\/wp\/v2\/pages\/188\/revisions\/620"}],"wp:attachment":[{"href":"https:\/\/fenismakina.com\/en\/wp-json\/wp\/v2\/media?parent=188"}],"curies":[{"name":"wp","href":"https:\/\/api.w.org\/{rel}","templated":true}]}}