{"id":1441,"date":"2024-03-21T14:29:44","date_gmt":"2024-03-21T11:29:44","guid":{"rendered":"https:\/\/peronmedya.com\/fenis\/?page_id=1441"},"modified":"2024-07-05T09:17:21","modified_gmt":"2024-07-05T06:17:21","slug":"diger-ekipmanlar","status":"publish","type":"page","link":"https:\/\/fenismakina.com\/en\/diger-ekipmanlar\/","title":{"rendered":"Other Equipment"},"content":{"rendered":"<div data-elementor-type=\"wp-page\" data-elementor-id=\"1441\" class=\"elementor elementor-1441\" data-elementor-post-type=\"page\">\n\t\t\t\t<div class=\"elementor-element elementor-element-b173d24 e-flex e-con-boxed e-con e-parent\" data-id=\"b173d24\" data-element_type=\"container\" data-settings=\"{&quot;background_background&quot;:&quot;classic&quot;}\">\n\t\t\t\t\t<div class=\"e-con-inner\">\n\t\t<div class=\"elementor-element elementor-element-bf67392 e-con-full e-flex e-con e-child\" data-id=\"bf67392\" data-element_type=\"container\" data-settings=\"{&quot;background_background&quot;:&quot;classic&quot;}\">\n\t\t\t\t<div class=\"elementor-element elementor-element-92bbe73 elementor-search-form--skin-minimal elementor-widget elementor-widget-search-form\" data-id=\"92bbe73\" data-element_type=\"widget\" data-settings=\"{&quot;skin&quot;:&quot;minimal&quot;}\" data-widget_type=\"search-form.default\">\n\t\t\t\t<div class=\"elementor-widget-container\">\n\t\t\t\t\t\t\t<search role=\"search\">\n\t\t\t<form class=\"elementor-search-form\" action=\"https:\/\/fenismakina.com\/en\/\" method=\"get\" data-trp-original-action=\"https:\/\/fenismakina.com\/en\">\n\t\t\t\t\t\t\t\t\t\t\t\t<div class=\"elementor-search-form__container\">\n\t\t\t\t\t<label class=\"elementor-screen-only\" for=\"elementor-search-form-92bbe73\">Search<\/label>\n\n\t\t\t\t\t\t\t\t\t\t\t<div class=\"elementor-search-form__icon\">\n\t\t\t\t\t\t\t<div class=\"e-font-icon-svg-container\"><svg aria-hidden=\"true\" class=\"e-font-icon-svg e-fas-search\" viewbox=\"0 0 512 512\" xmlns=\"http:\/\/www.w3.org\/2000\/svg\"><path d=\"M505 442.7L405.3 343c-4.5-4.5-10.6-7-17-7H372c27.6-35.3 44-79.7 44-128C416 93.1 322.9 0 208 0S0 93.1 0 208s93.1 208 208 208c48.3 0 92.7-16.4 128-44v16.3c0 6.4 2.5 12.5 7 17l99.7 99.7c9.4 9.4 24.6 9.4 33.9 0l28.3-28.3c9.4-9.4 9.4-24.6.1-34zM208 336c-70.7 0-128-57.2-128-128 0-70.7 57.2-128 128-128 70.7 0 128 57.2 128 128 0 70.7-57.2 128-128 128z\"><\/path><\/svg><\/div>\t\t\t\t\t\t\t<span class=\"elementor-screen-only\">Search<\/span>\n\t\t\t\t\t\t<\/div>\n\t\t\t\t\t\n\t\t\t\t\t<input id=\"elementor-search-form-92bbe73\" placeholder=\"Ara...\" class=\"elementor-search-form__input\" type=\"search\" name=\"s\" value=\"\">\n\t\t\t\t\t\n\t\t\t\t\t\n\t\t\t\t\t\t\t\t\t<\/div>\n\t\t\t<input type=\"hidden\" name=\"trp-form-language\" value=\"en\"\/><\/form>\n\t\t<\/search>\n\t\t\t\t\t\t<\/div>\n\t\t\t\t<\/div>\n\t\t\t\t<div class=\"elementor-element elementor-element-68e578c elementor-nav-menu__text-align-aside elementor-widget elementor-widget-nav-menu\" data-id=\"68e578c\" data-element_type=\"widget\" data-settings=\"{&quot;layout&quot;:&quot;dropdown&quot;,&quot;submenu_icon&quot;:{&quot;value&quot;:&quot;&lt;svg class=\\&quot;e-font-icon-svg e-fas-caret-down\\&quot; viewBox=\\&quot;0 0 320 512\\&quot; xmlns=\\&quot;http:\\\/\\\/www.w3.org\\\/2000\\\/svg\\&quot;&gt;&lt;path d=\\&quot;M31.3 192h257.3c17.8 0 26.7 21.5 14.1 34.1L174.1 354.8c-7.8 7.8-20.5 7.8-28.3 0L17.2 226.1C4.6 213.5 13.5 192 31.3 192z\\&quot;&gt;&lt;\\\/path&gt;&lt;\\\/svg&gt;&quot;,&quot;library&quot;:&quot;fa-solid&quot;}}\" data-widget_type=\"nav-menu.default\">\n\t\t\t\t<div class=\"elementor-widget-container\">\n\t\t\t\t\t\t\t\t<nav class=\"elementor-nav-menu--dropdown elementor-nav-menu__container\" aria-hidden=\"true\">\n\t\t\t\t<ul id=\"menu-2-68e578c\" class=\"elementor-nav-menu\"><li class=\"menu-item menu-item-type-post_type menu-item-object-page menu-item-has-children menu-item-1529\"><a href=\"https:\/\/fenismakina.com\/en\/aluminyum-pvc-isleme-makineleri\/\" class=\"elementor-item\" tabindex=\"-1\">Aluminum &amp; PVC Processing<\/a>\n<ul class=\"sub-menu elementor-nav-menu--dropdown\">\n\t<li class=\"menu-item menu-item-type-post_type menu-item-object-page menu-item-2839\"><a href=\"https:\/\/fenismakina.com\/en\/kesim-makineleri\/\" class=\"elementor-sub-item\" tabindex=\"-1\">Cutting<\/a><\/li>\n\t<li class=\"menu-item menu-item-type-post_type menu-item-object-page menu-item-2304\"><a href=\"https:\/\/fenismakina.com\/en\/kopya-freze-makinesi\/\" class=\"elementor-sub-item\" tabindex=\"-1\">Copy Router<\/a><\/li>\n\t<li class=\"menu-item menu-item-type-post_type menu-item-object-page menu-item-2307\"><a href=\"https:\/\/fenismakina.com\/en\/orta-kayit-alistirma-makineleri\/\" class=\"elementor-sub-item\" tabindex=\"-1\">End Milling<\/a><\/li>\n\t<li class=\"menu-item menu-item-type-post_type menu-item-object-page menu-item-2305\"><a href=\"https:\/\/fenismakina.com\/en\/kose-pres-makinesi\/\" class=\"elementor-sub-item\" tabindex=\"-1\">Corner Crimping<\/a><\/li>\n\t<li class=\"menu-item menu-item-type-post_type menu-item-object-page menu-item-2786\"><a href=\"https:\/\/fenismakina.com\/en\/aluminyum-cerceve-makinalari\/\" class=\"elementor-sub-item\" tabindex=\"-1\">Aluminium Cabinet Glass Frame<\/a><\/li>\n\t<li class=\"menu-item menu-item-type-post_type menu-item-object-page menu-item-2785\"><a href=\"https:\/\/fenismakina.com\/en\/tamamlayici-urunler\/\" class=\"elementor-sub-item\" tabindex=\"-1\">Complementary Products<\/a><\/li>\n<\/ul>\n<\/li>\n<li class=\"menu-item menu-item-type-post_type menu-item-object-page menu-item-has-children menu-item-1530\"><a href=\"https:\/\/fenismakina.com\/en\/ahsap-isleme-makineleri\/\" class=\"elementor-item\" tabindex=\"-1\">Wood Processing<\/a>\n<ul class=\"sub-menu elementor-nav-menu--dropdown\">\n\t<li class=\"menu-item menu-item-type-post_type menu-item-object-page menu-item-3091\"><a href=\"https:\/\/fenismakina.com\/en\/ahsap-kesim\/\" class=\"elementor-sub-item\" tabindex=\"-1\">Wood Cutting<\/a><\/li>\n\t<li class=\"menu-item menu-item-type-post_type menu-item-object-page menu-item-2306\"><a href=\"https:\/\/fenismakina.com\/en\/mentese-acma-yeri-makineleri\/\" class=\"elementor-sub-item\" tabindex=\"-1\">Hinge Slot Drilling<\/a><\/li>\n\t<li class=\"menu-item menu-item-type-post_type menu-item-object-page menu-item-2783\"><a href=\"https:\/\/fenismakina.com\/en\/kose-temizleme\/\" class=\"elementor-sub-item\" tabindex=\"-1\">Corner Cleaning<\/a><\/li>\n\t<li class=\"menu-item menu-item-type-post_type menu-item-object-page menu-item-2782\"><a href=\"https:\/\/fenismakina.com\/en\/kose-birlestirme\/\" class=\"elementor-sub-item\" tabindex=\"-1\">Corner Combining<\/a><\/li>\n\t<li class=\"menu-item menu-item-type-post_type menu-item-object-page menu-item-2784\"><a href=\"https:\/\/fenismakina.com\/en\/tamamlayici-urunler-2\/\" class=\"elementor-sub-item\" tabindex=\"-1\">Complementary Products<\/a><\/li>\n<\/ul>\n<\/li>\n<\/ul>\t\t\t<\/nav>\n\t\t\t\t\t\t<\/div>\n\t\t\t\t<\/div>\n\t\t\t\t<\/div>\n\t\t<div class=\"elementor-element elementor-element-e761289 e-con-full e-flex e-con e-child\" data-id=\"e761289\" data-element_type=\"container\">\n\t\t<div class=\"elementor-element elementor-element-7df0654 e-grid e-con-boxed e-con e-child\" data-id=\"7df0654\" data-element_type=\"container\">\n\t\t\t\t\t<div class=\"e-con-inner\">\n\t\t<div class=\"elementor-element elementor-element-ae6fd8f e-flex e-con-boxed e-con e-child\" data-id=\"ae6fd8f\" data-element_type=\"container\" data-settings=\"{&quot;background_background&quot;:&quot;classic&quot;}\">\n\t\t\t\t\t<div class=\"e-con-inner\">\n\t\t\t\t<div class=\"elementor-element elementor-element-6b3e915 elementor-widget elementor-widget-image\" data-id=\"6b3e915\" data-element_type=\"widget\" data-widget_type=\"image.default\">\n\t\t\t\t<div class=\"elementor-widget-container\">\n\t\t\t\t\t\t\t\t\t\t\t\t\t\t\t\t<a href=\"https:\/\/fenismakina.com\/en\/urunler\/fn-3000k-konveyor\/\">\n\t\t\t\t\t\t\t<img fetchpriority=\"high\" decoding=\"async\" width=\"800\" height=\"552\" src=\"https:\/\/fenismakina.com\/wp-content\/uploads\/2024\/03\/FN-3000K-1024x706.png\" class=\"attachment-large size-large wp-image-1029\" alt=\"\" srcset=\"https:\/\/fenismakina.com\/wp-content\/uploads\/2024\/03\/FN-3000K-1024x706.png 1024w, https:\/\/fenismakina.com\/wp-content\/uploads\/2024\/03\/FN-3000K-300x207.png 300w, https:\/\/fenismakina.com\/wp-content\/uploads\/2024\/03\/FN-3000K-768x530.png 768w, https:\/\/fenismakina.com\/wp-content\/uploads\/2024\/03\/FN-3000K-600x414.png 600w, https:\/\/fenismakina.com\/wp-content\/uploads\/2024\/03\/FN-3000K.png 1380w\" sizes=\"(max-width: 800px) 100vw, 800px\" \/>\t\t\t\t\t\t\t\t<\/a>\n\t\t\t\t\t\t\t\t\t\t\t\t\t\t\t<\/div>\n\t\t\t\t<\/div>\n\t\t\t\t<div class=\"elementor-element elementor-element-19c973b elementor-widget elementor-widget-heading\" data-id=\"19c973b\" data-element_type=\"widget\" data-widget_type=\"heading.default\">\n\t\t\t\t<div class=\"elementor-widget-container\">\n\t\t\t\t\t<h2 class=\"elementor-heading-title elementor-size-default\"><a href=\"https:\/\/fenismakina.com\/en\/urunler\/fn-3000k-konveyor\/\">FN 3000K Conveyor<\/a><\/h2>\t\t\t\t<\/div>\n\t\t\t\t<\/div>\n\t\t\t\t<div class=\"elementor-element elementor-element-6a49b63 elementor-align-justify elementor-widget elementor-widget-button\" data-id=\"6a49b63\" data-element_type=\"widget\" data-widget_type=\"button.default\">\n\t\t\t\t<div class=\"elementor-widget-container\">\n\t\t\t\t\t\t\t\t\t<div class=\"elementor-button-wrapper\">\n\t\t\t\t\t<a class=\"elementor-button elementor-button-link elementor-size-sm\" href=\"https:\/\/fenismakina.com\/en\/urunler\/fn-3000k-konveyor\/\">\n\t\t\t\t\t\t<span class=\"elementor-button-content-wrapper\">\n\t\t\t\t\t\t\t\t\t<span class=\"elementor-button-text\">See Product<\/span>\n\t\t\t\t\t<\/span>\n\t\t\t\t\t<\/a>\n\t\t\t\t<\/div>\n\t\t\t\t\t\t\t\t<\/div>\n\t\t\t\t<\/div>\n\t\t\t\t\t<\/div>\n\t\t\t\t<\/div>\n\t\t<div class=\"elementor-element elementor-element-42a2dd8 e-flex e-con-boxed e-con e-child\" data-id=\"42a2dd8\" data-element_type=\"container\" data-settings=\"{&quot;background_background&quot;:&quot;classic&quot;}\">\n\t\t\t\t\t<div class=\"e-con-inner\">\n\t\t\t\t<div class=\"elementor-element elementor-element-2ab41b0 elementor-widget elementor-widget-image\" data-id=\"2ab41b0\" data-element_type=\"widget\" data-widget_type=\"image.default\">\n\t\t\t\t<div class=\"elementor-widget-container\">\n\t\t\t\t\t\t\t\t\t\t\t\t\t\t\t\t<a href=\"https:\/\/fenismakina.com\/en\/urunler\/fn-3000dk-dijital-konveyor\/\">\n\t\t\t\t\t\t\t<img decoding=\"async\" width=\"800\" height=\"595\" src=\"https:\/\/fenismakina.com\/wp-content\/uploads\/2024\/03\/FN-3000DK-1024x761.png\" class=\"attachment-large size-large wp-image-1069\" alt=\"\" srcset=\"https:\/\/fenismakina.com\/wp-content\/uploads\/2024\/03\/FN-3000DK-1024x761.png 1024w, https:\/\/fenismakina.com\/wp-content\/uploads\/2024\/03\/FN-3000DK-300x223.png 300w, https:\/\/fenismakina.com\/wp-content\/uploads\/2024\/03\/FN-3000DK-768x570.png 768w, https:\/\/fenismakina.com\/wp-content\/uploads\/2024\/03\/FN-3000DK-600x446.png 600w, https:\/\/fenismakina.com\/wp-content\/uploads\/2024\/03\/FN-3000DK.png 1326w\" sizes=\"(max-width: 800px) 100vw, 800px\" \/>\t\t\t\t\t\t\t\t<\/a>\n\t\t\t\t\t\t\t\t\t\t\t\t\t\t\t<\/div>\n\t\t\t\t<\/div>\n\t\t\t\t<div class=\"elementor-element elementor-element-2c85e88 elementor-widget elementor-widget-heading\" data-id=\"2c85e88\" data-element_type=\"widget\" data-widget_type=\"heading.default\">\n\t\t\t\t<div class=\"elementor-widget-container\">\n\t\t\t\t\t<h2 class=\"elementor-heading-title elementor-size-default\"><a href=\"https:\/\/fenismakina.com\/en\/urunler\/fn-3000dk-dijital-konveyor\/\">FN 3000DK Digital Conveyor\n<\/a><\/h2>\t\t\t\t<\/div>\n\t\t\t\t<\/div>\n\t\t\t\t<div class=\"elementor-element elementor-element-e68149c elementor-align-justify elementor-widget elementor-widget-button\" data-id=\"e68149c\" data-element_type=\"widget\" data-widget_type=\"button.default\">\n\t\t\t\t<div class=\"elementor-widget-container\">\n\t\t\t\t\t\t\t\t\t<div class=\"elementor-button-wrapper\">\n\t\t\t\t\t<a class=\"elementor-button elementor-button-link elementor-size-sm\" href=\"https:\/\/fenismakina.com\/en\/urunler\/fn-3000dk-dijital-konveyor\/\">\n\t\t\t\t\t\t<span class=\"elementor-button-content-wrapper\">\n\t\t\t\t\t\t\t\t\t<span class=\"elementor-button-text\">See Product<\/span>\n\t\t\t\t\t<\/span>\n\t\t\t\t\t<\/a>\n\t\t\t\t<\/div>\n\t\t\t\t\t\t\t\t<\/div>\n\t\t\t\t<\/div>\n\t\t\t\t\t<\/div>\n\t\t\t\t<\/div>\n\t\t<div class=\"elementor-element elementor-element-d2027a3 e-flex e-con-boxed e-con e-child\" data-id=\"d2027a3\" data-element_type=\"container\" data-settings=\"{&quot;background_background&quot;:&quot;classic&quot;}\">\n\t\t\t\t\t<div class=\"e-con-inner\">\n\t\t\t\t<div class=\"elementor-element elementor-element-6f28308 elementor-widget elementor-widget-image\" data-id=\"6f28308\" data-element_type=\"widget\" data-widget_type=\"image.default\">\n\t\t\t\t<div class=\"elementor-widget-container\">\n\t\t\t\t\t\t\t\t\t\t\t\t\t\t\t\t<a href=\"https:\/\/fenismakina.com\/en\/urunler\/fn-st900-makine-sehpasi\/\">\n\t\t\t\t\t\t\t<img decoding=\"async\" width=\"664\" height=\"927\" src=\"https:\/\/fenismakina.com\/wp-content\/uploads\/2024\/03\/FN-ST900.png\" class=\"attachment-large size-large wp-image-686\" alt=\"\" srcset=\"https:\/\/fenismakina.com\/wp-content\/uploads\/2024\/03\/FN-ST900.png 664w, https:\/\/fenismakina.com\/wp-content\/uploads\/2024\/03\/FN-ST900-215x300.png 215w, https:\/\/fenismakina.com\/wp-content\/uploads\/2024\/03\/FN-ST900-300x419.png 300w, https:\/\/fenismakina.com\/wp-content\/uploads\/2024\/03\/FN-ST900-600x838.png 600w\" sizes=\"(max-width: 664px) 100vw, 664px\" \/>\t\t\t\t\t\t\t\t<\/a>\n\t\t\t\t\t\t\t\t\t\t\t\t\t\t\t<\/div>\n\t\t\t\t<\/div>\n\t\t\t\t<div class=\"elementor-element elementor-element-1e02314 elementor-widget elementor-widget-heading\" data-id=\"1e02314\" data-element_type=\"widget\" data-widget_type=\"heading.default\">\n\t\t\t\t<div class=\"elementor-widget-container\">\n\t\t\t\t\t<h2 class=\"elementor-heading-title elementor-size-default\"><a href=\"https:\/\/fenismakina.com\/en\/urunler\/fn-st900-makine-sehpasi\/\">FN ST900 Machine Cabinet<\/a><\/h2>\t\t\t\t<\/div>\n\t\t\t\t<\/div>\n\t\t\t\t<div class=\"elementor-element elementor-element-1fb8c8d elementor-align-justify elementor-widget elementor-widget-button\" data-id=\"1fb8c8d\" data-element_type=\"widget\" data-widget_type=\"button.default\">\n\t\t\t\t<div class=\"elementor-widget-container\">\n\t\t\t\t\t\t\t\t\t<div class=\"elementor-button-wrapper\">\n\t\t\t\t\t<a class=\"elementor-button elementor-button-link elementor-size-sm\" href=\"https:\/\/fenismakina.com\/en\/urunler\/fn-st900-makine-sehpasi\/\">\n\t\t\t\t\t\t<span class=\"elementor-button-content-wrapper\">\n\t\t\t\t\t\t\t\t\t<span class=\"elementor-button-text\">See Product<\/span>\n\t\t\t\t\t<\/span>\n\t\t\t\t\t<\/a>\n\t\t\t\t<\/div>\n\t\t\t\t\t\t\t\t<\/div>\n\t\t\t\t<\/div>\n\t\t\t\t\t<\/div>\n\t\t\t\t<\/div>\n\t\t<div class=\"elementor-element elementor-element-11b6f4c e-flex e-con-boxed e-con e-child\" data-id=\"11b6f4c\" data-element_type=\"container\" data-settings=\"{&quot;background_background&quot;:&quot;classic&quot;}\">\n\t\t\t\t\t<div class=\"e-con-inner\">\n\t\t\t\t<div class=\"elementor-element elementor-element-f87a550 elementor-widget elementor-widget-image\" data-id=\"f87a550\" data-element_type=\"widget\" data-widget_type=\"image.default\">\n\t\t\t\t<div class=\"elementor-widget-container\">\n\t\t\t\t\t\t\t\t\t\t\t\t\t\t\t\t<a href=\"https:\/\/fenismakina.com\/en\/urunler\/fn-st300\/\">\n\t\t\t\t\t\t\t<img loading=\"lazy\" decoding=\"async\" width=\"774\" height=\"937\" src=\"https:\/\/fenismakina.com\/wp-content\/uploads\/2024\/03\/FN-ST300.png\" class=\"attachment-large size-large wp-image-1311\" alt=\"\" srcset=\"https:\/\/fenismakina.com\/wp-content\/uploads\/2024\/03\/FN-ST300.png 774w, https:\/\/fenismakina.com\/wp-content\/uploads\/2024\/03\/FN-ST300-248x300.png 248w, https:\/\/fenismakina.com\/wp-content\/uploads\/2024\/03\/FN-ST300-768x930.png 768w, https:\/\/fenismakina.com\/wp-content\/uploads\/2024\/03\/FN-ST300-300x363.png 300w, https:\/\/fenismakina.com\/wp-content\/uploads\/2024\/03\/FN-ST300-600x726.png 600w\" sizes=\"(max-width: 774px) 100vw, 774px\" \/>\t\t\t\t\t\t\t\t<\/a>\n\t\t\t\t\t\t\t\t\t\t\t\t\t\t\t<\/div>\n\t\t\t\t<\/div>\n\t\t\t\t<div class=\"elementor-element elementor-element-aa80408 elementor-widget elementor-widget-heading\" data-id=\"aa80408\" data-element_type=\"widget\" data-widget_type=\"heading.default\">\n\t\t\t\t<div class=\"elementor-widget-container\">\n\t\t\t\t\t<h2 class=\"elementor-heading-title elementor-size-default\"><a href=\"https:\/\/fenismakina.com\/en\/urunler\/fn-st300\/\">FN ST300 Machine Cabinet<\/a><\/h2>\t\t\t\t<\/div>\n\t\t\t\t<\/div>\n\t\t\t\t<div class=\"elementor-element elementor-element-4d49ac3 elementor-align-justify elementor-widget elementor-widget-button\" data-id=\"4d49ac3\" data-element_type=\"widget\" data-widget_type=\"button.default\">\n\t\t\t\t<div class=\"elementor-widget-container\">\n\t\t\t\t\t\t\t\t\t<div class=\"elementor-button-wrapper\">\n\t\t\t\t\t<a class=\"elementor-button elementor-button-link elementor-size-sm\" href=\"https:\/\/fenismakina.com\/en\/urunler\/fn-st300\/\">\n\t\t\t\t\t\t<span class=\"elementor-button-content-wrapper\">\n\t\t\t\t\t\t\t\t\t<span class=\"elementor-button-text\">See Product<\/span>\n\t\t\t\t\t<\/span>\n\t\t\t\t\t<\/a>\n\t\t\t\t<\/div>\n\t\t\t\t\t\t\t\t<\/div>\n\t\t\t\t<\/div>\n\t\t\t\t\t<\/div>\n\t\t\t\t<\/div>\n\t\t\t\t\t<\/div>\n\t\t\t\t<\/div>\n\t\t\t\t<\/div>\n\t\t\t\t\t<\/div>\n\t\t\t\t<\/div>\n\t\t\t\t<\/div>","protected":false},"excerpt":{"rendered":"<p>FN 3000K Konvey\u00f6r \u200b \u00dcr\u00fcn\u00fc G\u00f6r FN 3000DK Konvey\u00f6r \u00dcr\u00fcn\u00fc G\u00f6r FN ST900 Makine Sehpas\u0131 \u00dcr\u00fcn\u00fc G\u00f6r FN ST300 Makine Sehpas\u0131 \u00dcr\u00fcn\u00fc G\u00f6r<\/p>","protected":false},"author":1,"featured_media":0,"parent":0,"menu_order":0,"comment_status":"closed","ping_status":"closed","template":"","meta":{"footnotes":""},"class_list":["post-1441","page","type-page","status-publish","hentry"],"_links":{"self":[{"href":"https:\/\/fenismakina.com\/en\/wp-json\/wp\/v2\/pages\/1441","targetHints":{"allow":["GET"]}}],"collection":[{"href":"https:\/\/fenismakina.com\/en\/wp-json\/wp\/v2\/pages"}],"about":[{"href":"https:\/\/fenismakina.com\/en\/wp-json\/wp\/v2\/types\/page"}],"author":[{"embeddable":true,"href":"https:\/\/fenismakina.com\/en\/wp-json\/wp\/v2\/users\/1"}],"replies":[{"embeddable":true,"href":"https:\/\/fenismakina.com\/en\/wp-json\/wp\/v2\/comments?post=1441"}],"version-history":[{"count":10,"href":"https:\/\/fenismakina.com\/en\/wp-json\/wp\/v2\/pages\/1441\/revisions"}],"predecessor-version":[{"id":2532,"href":"https:\/\/fenismakina.com\/en\/wp-json\/wp\/v2\/pages\/1441\/revisions\/2532"}],"wp:attachment":[{"href":"https:\/\/fenismakina.com\/en\/wp-json\/wp\/v2\/media?parent=1441"}],"curies":[{"name":"wp","href":"https:\/\/api.w.org\/{rel}","templated":true}]}}