{"id":1423,"date":"2024-03-21T14:06:01","date_gmt":"2024-03-21T11:06:01","guid":{"rendered":"https:\/\/peronmedya.com\/fenis\/?page_id=1423"},"modified":"2025-05-23T15:06:23","modified_gmt":"2025-05-23T12:06:23","slug":"mentese-acma-yeri-makineleri","status":"publish","type":"page","link":"https:\/\/fenismakina.com\/en\/mentese-acma-yeri-makineleri\/","title":{"rendered":"Hinge Slot Drilling Machines"},"content":{"rendered":"<div data-elementor-type=\"wp-page\" data-elementor-id=\"1423\" class=\"elementor elementor-1423\" data-elementor-post-type=\"page\">\n\t\t\t\t<div class=\"elementor-element elementor-element-cc63dd4 e-flex e-con-boxed e-con e-parent\" data-id=\"cc63dd4\" data-element_type=\"container\" data-settings=\"{&quot;background_background&quot;:&quot;classic&quot;}\">\n\t\t\t\t\t<div class=\"e-con-inner\">\n\t\t<div class=\"elementor-element elementor-element-90ee08f e-con-full e-flex e-con e-child\" data-id=\"90ee08f\" data-element_type=\"container\" data-settings=\"{&quot;background_background&quot;:&quot;classic&quot;,&quot;sticky&quot;:&quot;top&quot;,&quot;sticky_offset&quot;:120,&quot;sticky_parent&quot;:&quot;yes&quot;,&quot;sticky_on&quot;:[&quot;desktop&quot;],&quot;sticky_effects_offset&quot;:0,&quot;sticky_anchor_link_offset&quot;:0}\">\n\t\t<div class=\"elementor-element elementor-element-81c2603 e-flex e-con-boxed e-con e-child\" data-id=\"81c2603\" data-element_type=\"container\">\n\t\t\t\t\t<div class=\"e-con-inner\">\n\t\t\t\t<div class=\"elementor-element elementor-element-a8e959e elementor-search-form--skin-minimal elementor-widget elementor-widget-search-form\" data-id=\"a8e959e\" data-element_type=\"widget\" data-settings=\"{&quot;skin&quot;:&quot;minimal&quot;}\" data-widget_type=\"search-form.default\">\n\t\t\t\t<div class=\"elementor-widget-container\">\n\t\t\t\t\t\t\t<search role=\"search\">\n\t\t\t<form class=\"elementor-search-form\" action=\"https:\/\/fenismakina.com\/en\/\" method=\"get\" data-trp-original-action=\"https:\/\/fenismakina.com\/en\">\n\t\t\t\t\t\t\t\t\t\t\t\t<div class=\"elementor-search-form__container\">\n\t\t\t\t\t<label class=\"elementor-screen-only\" for=\"elementor-search-form-a8e959e\">Search<\/label>\n\n\t\t\t\t\t\t\t\t\t\t\t<div class=\"elementor-search-form__icon\">\n\t\t\t\t\t\t\t<div class=\"e-font-icon-svg-container\"><svg aria-hidden=\"true\" class=\"e-font-icon-svg e-fas-search\" viewbox=\"0 0 512 512\" xmlns=\"http:\/\/www.w3.org\/2000\/svg\"><path d=\"M505 442.7L405.3 343c-4.5-4.5-10.6-7-17-7H372c27.6-35.3 44-79.7 44-128C416 93.1 322.9 0 208 0S0 93.1 0 208s93.1 208 208 208c48.3 0 92.7-16.4 128-44v16.3c0 6.4 2.5 12.5 7 17l99.7 99.7c9.4 9.4 24.6 9.4 33.9 0l28.3-28.3c9.4-9.4 9.4-24.6.1-34zM208 336c-70.7 0-128-57.2-128-128 0-70.7 57.2-128 128-128 70.7 0 128 57.2 128 128 0 70.7-57.2 128-128 128z\"><\/path><\/svg><\/div>\t\t\t\t\t\t\t<span class=\"elementor-screen-only\">Search<\/span>\n\t\t\t\t\t\t<\/div>\n\t\t\t\t\t\n\t\t\t\t\t<input id=\"elementor-search-form-a8e959e\" placeholder=\"Ara...\" class=\"elementor-search-form__input\" type=\"search\" name=\"s\" value=\"\">\n\t\t\t\t\t\n\t\t\t\t\t\n\t\t\t\t\t\t\t\t\t<\/div>\n\t\t\t<input type=\"hidden\" name=\"trp-form-language\" value=\"en\"\/><\/form>\n\t\t<\/search>\n\t\t\t\t\t\t<\/div>\n\t\t\t\t<\/div>\n\t\t\t\t<div class=\"elementor-element elementor-element-bc6beb4 elementor-nav-menu__text-align-aside elementor-widget elementor-widget-nav-menu\" data-id=\"bc6beb4\" data-element_type=\"widget\" data-settings=\"{&quot;layout&quot;:&quot;dropdown&quot;,&quot;submenu_icon&quot;:{&quot;value&quot;:&quot;&lt;svg class=\\&quot;e-font-icon-svg e-fas-caret-down\\&quot; viewBox=\\&quot;0 0 320 512\\&quot; xmlns=\\&quot;http:\\\/\\\/www.w3.org\\\/2000\\\/svg\\&quot;&gt;&lt;path d=\\&quot;M31.3 192h257.3c17.8 0 26.7 21.5 14.1 34.1L174.1 354.8c-7.8 7.8-20.5 7.8-28.3 0L17.2 226.1C4.6 213.5 13.5 192 31.3 192z\\&quot;&gt;&lt;\\\/path&gt;&lt;\\\/svg&gt;&quot;,&quot;library&quot;:&quot;fa-solid&quot;}}\" data-widget_type=\"nav-menu.default\">\n\t\t\t\t<div class=\"elementor-widget-container\">\n\t\t\t\t\t\t\t\t<nav class=\"elementor-nav-menu--dropdown elementor-nav-menu__container\" aria-hidden=\"true\">\n\t\t\t\t<ul id=\"menu-2-bc6beb4\" class=\"elementor-nav-menu\"><li class=\"menu-item menu-item-type-post_type menu-item-object-page menu-item-has-children menu-item-1529\"><a href=\"https:\/\/fenismakina.com\/en\/aluminyum-pvc-isleme-makineleri\/\" class=\"elementor-item\" tabindex=\"-1\">Aluminum &amp; PVC Processing<\/a>\n<ul class=\"sub-menu elementor-nav-menu--dropdown\">\n\t<li class=\"menu-item menu-item-type-post_type menu-item-object-page menu-item-2839\"><a href=\"https:\/\/fenismakina.com\/en\/kesim-makineleri\/\" class=\"elementor-sub-item\" tabindex=\"-1\">Cutting<\/a><\/li>\n\t<li class=\"menu-item menu-item-type-post_type menu-item-object-page menu-item-2304\"><a href=\"https:\/\/fenismakina.com\/en\/kopya-freze-makinesi\/\" class=\"elementor-sub-item\" tabindex=\"-1\">Copy Router<\/a><\/li>\n\t<li class=\"menu-item menu-item-type-post_type menu-item-object-page menu-item-2307\"><a href=\"https:\/\/fenismakina.com\/en\/orta-kayit-alistirma-makineleri\/\" class=\"elementor-sub-item\" tabindex=\"-1\">End Milling<\/a><\/li>\n\t<li class=\"menu-item menu-item-type-post_type menu-item-object-page menu-item-2305\"><a href=\"https:\/\/fenismakina.com\/en\/kose-pres-makinesi\/\" class=\"elementor-sub-item\" tabindex=\"-1\">Corner Crimping<\/a><\/li>\n\t<li class=\"menu-item menu-item-type-post_type menu-item-object-page menu-item-2786\"><a href=\"https:\/\/fenismakina.com\/en\/aluminyum-cerceve-makinalari\/\" class=\"elementor-sub-item\" tabindex=\"-1\">Aluminium Cabinet Glass Frame<\/a><\/li>\n\t<li class=\"menu-item menu-item-type-post_type menu-item-object-page menu-item-2785\"><a href=\"https:\/\/fenismakina.com\/en\/tamamlayici-urunler\/\" class=\"elementor-sub-item\" tabindex=\"-1\">Complementary Products<\/a><\/li>\n<\/ul>\n<\/li>\n<li class=\"menu-item menu-item-type-post_type menu-item-object-page menu-item-has-children menu-item-1530\"><a href=\"https:\/\/fenismakina.com\/en\/ahsap-isleme-makineleri\/\" class=\"elementor-item\" tabindex=\"-1\">Wood Processing<\/a>\n<ul class=\"sub-menu elementor-nav-menu--dropdown\">\n\t<li class=\"menu-item menu-item-type-post_type menu-item-object-page menu-item-3091\"><a href=\"https:\/\/fenismakina.com\/en\/ahsap-kesim\/\" class=\"elementor-sub-item\" tabindex=\"-1\">Wood Cutting<\/a><\/li>\n\t<li class=\"menu-item menu-item-type-post_type menu-item-object-page menu-item-2306\"><a href=\"https:\/\/fenismakina.com\/en\/mentese-acma-yeri-makineleri\/\" class=\"elementor-sub-item\" tabindex=\"-1\">Hinge Slot Drilling<\/a><\/li>\n\t<li class=\"menu-item menu-item-type-post_type menu-item-object-page menu-item-2783\"><a href=\"https:\/\/fenismakina.com\/en\/kose-temizleme\/\" class=\"elementor-sub-item\" tabindex=\"-1\">Corner Cleaning<\/a><\/li>\n\t<li class=\"menu-item menu-item-type-post_type menu-item-object-page menu-item-2782\"><a href=\"https:\/\/fenismakina.com\/en\/kose-birlestirme\/\" class=\"elementor-sub-item\" tabindex=\"-1\">Corner Combining<\/a><\/li>\n\t<li class=\"menu-item menu-item-type-post_type menu-item-object-page menu-item-2784\"><a href=\"https:\/\/fenismakina.com\/en\/tamamlayici-urunler-2\/\" class=\"elementor-sub-item\" tabindex=\"-1\">Complementary Products<\/a><\/li>\n<\/ul>\n<\/li>\n<\/ul>\t\t\t<\/nav>\n\t\t\t\t\t\t<\/div>\n\t\t\t\t<\/div>\n\t\t\t\t\t<\/div>\n\t\t\t\t<\/div>\n\t\t\t\t<\/div>\n\t\t<div class=\"elementor-element elementor-element-89bf236 e-con-full e-flex e-con e-child\" data-id=\"89bf236\" data-element_type=\"container\">\n\t\t\t\t<div class=\"elementor-element elementor-element-e097c8d elementor-widget elementor-widget-heading\" data-id=\"e097c8d\" data-element_type=\"widget\" data-widget_type=\"heading.default\">\n\t\t\t\t<div class=\"elementor-widget-container\">\n\t\t\t\t\t<h2 class=\"elementor-heading-title elementor-size-default\">Hinge Slot Drilling Machines<\/h2>\t\t\t\t<\/div>\n\t\t\t\t<\/div>\n\t\t<div class=\"elementor-element elementor-element-1e341c0 e-grid e-con-boxed e-con e-child\" data-id=\"1e341c0\" data-element_type=\"container\">\n\t\t\t\t\t<div class=\"e-con-inner\">\n\t\t<div class=\"elementor-element elementor-element-e82b8ca e-con-full e-flex e-con e-child\" data-id=\"e82b8ca\" data-element_type=\"container\" data-settings=\"{&quot;background_background&quot;:&quot;classic&quot;}\">\n\t\t\t\t<div class=\"elementor-element elementor-element-cd5be9c elementor-widget elementor-widget-image\" data-id=\"cd5be9c\" data-element_type=\"widget\" data-widget_type=\"image.default\">\n\t\t\t\t<div class=\"elementor-widget-container\">\n\t\t\t\t\t\t\t\t\t\t\t\t\t\t\t\t<a href=\"https:\/\/fenismakina.com\/en\/urunler\/fn-900-plus-tas-mentese-makinesi\/\">\n\t\t\t\t\t\t\t<img fetchpriority=\"high\" decoding=\"async\" width=\"800\" height=\"706\" src=\"https:\/\/fenismakina.com\/wp-content\/uploads\/2024\/03\/FN-900PLUS-1024x904.png\" class=\"attachment-large size-large wp-image-1198\" alt=\"\" srcset=\"https:\/\/fenismakina.com\/wp-content\/uploads\/2024\/03\/FN-900PLUS-1024x904.png 1024w, https:\/\/fenismakina.com\/wp-content\/uploads\/2024\/03\/FN-900PLUS-300x265.png 300w, https:\/\/fenismakina.com\/wp-content\/uploads\/2024\/03\/FN-900PLUS-768x678.png 768w, https:\/\/fenismakina.com\/wp-content\/uploads\/2024\/03\/FN-900PLUS-600x530.png 600w, https:\/\/fenismakina.com\/wp-content\/uploads\/2024\/03\/FN-900PLUS.png 1082w\" sizes=\"(max-width: 800px) 100vw, 800px\" \/>\t\t\t\t\t\t\t\t<\/a>\n\t\t\t\t\t\t\t\t\t\t\t\t\t\t\t<\/div>\n\t\t\t\t<\/div>\n\t\t\t\t<div class=\"elementor-element elementor-element-ec84259 elementor-widget elementor-widget-heading\" data-id=\"ec84259\" data-element_type=\"widget\" data-widget_type=\"heading.default\">\n\t\t\t\t<div class=\"elementor-widget-container\">\n\t\t\t\t\t<h2 class=\"elementor-heading-title elementor-size-default\"><a href=\"https:\/\/fenismakina.com\/en\/urunler\/fn-900-plus-tas-mentese-makinesi\/\">FN 900 Plus Hinge Slot Drilling Machine (replaceable head)<\/a><\/h2>\t\t\t\t<\/div>\n\t\t\t\t<\/div>\n\t\t\t\t<div class=\"elementor-element elementor-element-7e3a96b elementor-align-justify elementor-widget elementor-widget-button\" data-id=\"7e3a96b\" data-element_type=\"widget\" data-widget_type=\"button.default\">\n\t\t\t\t<div class=\"elementor-widget-container\">\n\t\t\t\t\t\t\t\t\t<div class=\"elementor-button-wrapper\">\n\t\t\t\t\t<a class=\"elementor-button elementor-button-link elementor-size-sm\" href=\"https:\/\/fenismakina.com\/en\/urunler\/fn-900-plus-tas-mentese-makinesi\/\">\n\t\t\t\t\t\t<span class=\"elementor-button-content-wrapper\">\n\t\t\t\t\t\t\t\t\t<span class=\"elementor-button-text\">See Product<\/span>\n\t\t\t\t\t<\/span>\n\t\t\t\t\t<\/a>\n\t\t\t\t<\/div>\n\t\t\t\t\t\t\t\t<\/div>\n\t\t\t\t<\/div>\n\t\t\t\t<\/div>\n\t\t<div class=\"elementor-element elementor-element-5295feb e-con-full e-flex e-con e-child\" data-id=\"5295feb\" data-element_type=\"container\" data-settings=\"{&quot;background_background&quot;:&quot;classic&quot;}\">\n\t\t\t\t<div class=\"elementor-element elementor-element-512f82e elementor-widget elementor-widget-image\" data-id=\"512f82e\" data-element_type=\"widget\" data-widget_type=\"image.default\">\n\t\t\t\t<div class=\"elementor-widget-container\">\n\t\t\t\t\t\t\t\t\t\t\t\t\t\t\t\t<a href=\"https:\/\/fenismakina.com\/en\/urunler\/fn-950-plus-pnomatik-tas-mentese-yeri-acma-makinesi\/\">\n\t\t\t\t\t\t\t<img decoding=\"async\" width=\"800\" height=\"602\" src=\"https:\/\/fenismakina.com\/wp-content\/uploads\/2024\/03\/FN-950PLUS-1-1024x770.png\" class=\"attachment-large size-large wp-image-1204\" alt=\"\" srcset=\"https:\/\/fenismakina.com\/wp-content\/uploads\/2024\/03\/FN-950PLUS-1-1024x770.png 1024w, https:\/\/fenismakina.com\/wp-content\/uploads\/2024\/03\/FN-950PLUS-1-300x225.png 300w, https:\/\/fenismakina.com\/wp-content\/uploads\/2024\/03\/FN-950PLUS-1-768x577.png 768w, https:\/\/fenismakina.com\/wp-content\/uploads\/2024\/03\/FN-950PLUS-1-600x451.png 600w, https:\/\/fenismakina.com\/wp-content\/uploads\/2024\/03\/FN-950PLUS-1.png 1284w\" sizes=\"(max-width: 800px) 100vw, 800px\" \/>\t\t\t\t\t\t\t\t<\/a>\n\t\t\t\t\t\t\t\t\t\t\t\t\t\t\t<\/div>\n\t\t\t\t<\/div>\n\t\t\t\t<div class=\"elementor-element elementor-element-0d726a1 elementor-widget elementor-widget-heading\" data-id=\"0d726a1\" data-element_type=\"widget\" data-widget_type=\"heading.default\">\n\t\t\t\t<div class=\"elementor-widget-container\">\n\t\t\t\t\t<h2 class=\"elementor-heading-title elementor-size-default\"><a href=\"https:\/\/fenismakina.com\/en\/urunler\/fn-950-plus-pnomatik-tas-mentese-yeri-acma-makinesi\/\">FN 950Plus Pneumatic Hinge Slot Drilling Machine \n(replaceable head)<\/a><\/h2>\t\t\t\t<\/div>\n\t\t\t\t<\/div>\n\t\t\t\t<div class=\"elementor-element elementor-element-daacaf0 elementor-align-justify elementor-widget elementor-widget-button\" data-id=\"daacaf0\" data-element_type=\"widget\" data-widget_type=\"button.default\">\n\t\t\t\t<div class=\"elementor-widget-container\">\n\t\t\t\t\t\t\t\t\t<div class=\"elementor-button-wrapper\">\n\t\t\t\t\t<a class=\"elementor-button elementor-button-link elementor-size-sm\" href=\"https:\/\/fenismakina.com\/en\/urunler\/fn-950-plus-pnomatik-tas-mentese-yeri-acma-makinesi\/\">\n\t\t\t\t\t\t<span class=\"elementor-button-content-wrapper\">\n\t\t\t\t\t\t\t\t\t<span class=\"elementor-button-text\">See Product<\/span>\n\t\t\t\t\t<\/span>\n\t\t\t\t\t<\/a>\n\t\t\t\t<\/div>\n\t\t\t\t\t\t\t\t<\/div>\n\t\t\t\t<\/div>\n\t\t\t\t<\/div>\n\t\t<div class=\"elementor-element elementor-element-6ae2a0c e-con-full e-flex e-con e-child\" data-id=\"6ae2a0c\" data-element_type=\"container\" data-settings=\"{&quot;background_background&quot;:&quot;classic&quot;}\">\n\t\t\t\t<div class=\"elementor-element elementor-element-a64bf43 elementor-widget elementor-widget-image\" data-id=\"a64bf43\" data-element_type=\"widget\" data-widget_type=\"image.default\">\n\t\t\t\t<div class=\"elementor-widget-container\">\n\t\t\t\t\t\t\t\t\t\t\t\t\t\t\t\t<a href=\"https:\/\/fenismakina.com\/en\/urunler\/fn-2500\/\">\n\t\t\t\t\t\t\t<img decoding=\"async\" width=\"800\" height=\"591\" src=\"https:\/\/fenismakina.com\/wp-content\/uploads\/2025\/05\/fn2500-2-e1748000827400-1024x757.png\" class=\"attachment-large size-large wp-image-4932\" alt=\"\" srcset=\"https:\/\/fenismakina.com\/wp-content\/uploads\/2025\/05\/fn2500-2-e1748000827400-1024x757.png 1024w, https:\/\/fenismakina.com\/wp-content\/uploads\/2025\/05\/fn2500-2-e1748000827400-300x222.png 300w, https:\/\/fenismakina.com\/wp-content\/uploads\/2025\/05\/fn2500-2-e1748000827400-768x568.png 768w, https:\/\/fenismakina.com\/wp-content\/uploads\/2025\/05\/fn2500-2-e1748000827400-16x12.png 16w, https:\/\/fenismakina.com\/wp-content\/uploads\/2025\/05\/fn2500-2-e1748000827400.png 1360w\" sizes=\"(max-width: 800px) 100vw, 800px\" \/>\t\t\t\t\t\t\t\t<\/a>\n\t\t\t\t\t\t\t\t\t\t\t\t\t\t\t<\/div>\n\t\t\t\t<\/div>\n\t\t\t\t<div class=\"elementor-element elementor-element-6da1434 elementor-widget elementor-widget-heading\" data-id=\"6da1434\" data-element_type=\"widget\" data-widget_type=\"heading.default\">\n\t\t\t\t<div class=\"elementor-widget-container\">\n\t\t\t\t\t<h2 class=\"elementor-heading-title elementor-size-default\"><a href=\"https:\/\/fenismakina.com\/en\/urunler\/fn-2500\/\">FN 2500 4 Head Aluminium Hinge Slot Drilling Machine<\/a><\/h2>\t\t\t\t<\/div>\n\t\t\t\t<\/div>\n\t\t\t\t<div class=\"elementor-element elementor-element-6d44074 elementor-align-justify elementor-widget elementor-widget-button\" data-id=\"6d44074\" data-element_type=\"widget\" data-widget_type=\"button.default\">\n\t\t\t\t<div class=\"elementor-widget-container\">\n\t\t\t\t\t\t\t\t\t<div class=\"elementor-button-wrapper\">\n\t\t\t\t\t<a class=\"elementor-button elementor-button-link elementor-size-sm\" href=\"https:\/\/fenismakina.com\/en\/urunler\/fn-2500\/\">\n\t\t\t\t\t\t<span class=\"elementor-button-content-wrapper\">\n\t\t\t\t\t\t\t\t\t<span class=\"elementor-button-text\">See Product<\/span>\n\t\t\t\t\t<\/span>\n\t\t\t\t\t<\/a>\n\t\t\t\t<\/div>\n\t\t\t\t\t\t\t\t<\/div>\n\t\t\t\t<\/div>\n\t\t\t\t<\/div>\n\t\t<div class=\"elementor-element elementor-element-cc2fa29 e-con-full e-flex e-con e-child\" data-id=\"cc2fa29\" data-element_type=\"container\" data-settings=\"{&quot;background_background&quot;:&quot;classic&quot;}\">\n\t\t\t\t<div class=\"elementor-element elementor-element-75a4c1c elementor-widget elementor-widget-image\" data-id=\"75a4c1c\" data-element_type=\"widget\" data-widget_type=\"image.default\">\n\t\t\t\t<div class=\"elementor-widget-container\">\n\t\t\t\t\t\t\t\t\t\t\t\t\t\t\t\t<a href=\"https:\/\/fenismakina.com\/en\/urunler\/fn-2450-4lu-pnomatik-tas-mentese-ve-kulp-yeri-acma-makinesi\/\">\n\t\t\t\t\t\t\t<img loading=\"lazy\" decoding=\"async\" width=\"800\" height=\"563\" src=\"https:\/\/fenismakina.com\/wp-content\/uploads\/2025\/05\/fn2450-2-e1748000049212-1024x720.png\" class=\"attachment-large size-large wp-image-4927\" alt=\"\" srcset=\"https:\/\/fenismakina.com\/wp-content\/uploads\/2025\/05\/fn2450-2-e1748000049212-1024x720.png 1024w, https:\/\/fenismakina.com\/wp-content\/uploads\/2025\/05\/fn2450-2-e1748000049212-300x211.png 300w, https:\/\/fenismakina.com\/wp-content\/uploads\/2025\/05\/fn2450-2-e1748000049212-768x540.png 768w, https:\/\/fenismakina.com\/wp-content\/uploads\/2025\/05\/fn2450-2-e1748000049212-18x12.png 18w, https:\/\/fenismakina.com\/wp-content\/uploads\/2025\/05\/fn2450-2-e1748000049212.png 1357w\" sizes=\"(max-width: 800px) 100vw, 800px\" \/>\t\t\t\t\t\t\t\t<\/a>\n\t\t\t\t\t\t\t\t\t\t\t\t\t\t\t<\/div>\n\t\t\t\t<\/div>\n\t\t\t\t<div class=\"elementor-element elementor-element-6e3da3a elementor-widget elementor-widget-heading\" data-id=\"6e3da3a\" data-element_type=\"widget\" data-widget_type=\"heading.default\">\n\t\t\t\t<div class=\"elementor-widget-container\">\n\t\t\t\t\t<h2 class=\"elementor-heading-title elementor-size-default\"><a href=\"https:\/\/fenismakina.com\/en\/urunler\/fn-2450-4lu-pnomatik-tas-mentese-ve-kulp-yeri-acma-makinesi\/\">FN 2450 4 Head Hinge &amp; Handle Slot Drilling Machine\n<\/a><\/h2>\t\t\t\t<\/div>\n\t\t\t\t<\/div>\n\t\t\t\t<div class=\"elementor-element elementor-element-b2d9375 elementor-align-justify elementor-widget elementor-widget-button\" data-id=\"b2d9375\" data-element_type=\"widget\" data-widget_type=\"button.default\">\n\t\t\t\t<div class=\"elementor-widget-container\">\n\t\t\t\t\t\t\t\t\t<div class=\"elementor-button-wrapper\">\n\t\t\t\t\t<a class=\"elementor-button elementor-button-link elementor-size-sm\" href=\"https:\/\/fenismakina.com\/en\/urunler\/fn-2450-4lu-pnomatik-tas-mentese-ve-kulp-yeri-acma-makinesi\/\">\n\t\t\t\t\t\t<span class=\"elementor-button-content-wrapper\">\n\t\t\t\t\t\t\t\t\t<span class=\"elementor-button-text\">See Product<\/span>\n\t\t\t\t\t<\/span>\n\t\t\t\t\t<\/a>\n\t\t\t\t<\/div>\n\t\t\t\t\t\t\t\t<\/div>\n\t\t\t\t<\/div>\n\t\t\t\t<\/div>\n\t\t<div class=\"elementor-element elementor-element-359c08f e-con-full e-flex e-con e-child\" data-id=\"359c08f\" data-element_type=\"container\" data-settings=\"{&quot;background_background&quot;:&quot;classic&quot;}\">\n\t\t\t\t<div class=\"elementor-element elementor-element-9bfd16a elementor-widget elementor-widget-image\" data-id=\"9bfd16a\" data-element_type=\"widget\" data-widget_type=\"image.default\">\n\t\t\t\t<div class=\"elementor-widget-container\">\n\t\t\t\t\t\t\t\t\t\t\t\t\t\t\t\t<a href=\"https:\/\/fenismakina.com\/en\/urunler\/fn-1850-3lu-pnomatik-tas-mentese-ve-kulp-yeri-acma-makinesi\/\">\n\t\t\t\t\t\t\t<img loading=\"lazy\" decoding=\"async\" width=\"800\" height=\"623\" src=\"https:\/\/fenismakina.com\/wp-content\/uploads\/2024\/03\/FN-1850-1024x798.png\" class=\"attachment-large size-large wp-image-936\" alt=\"\" srcset=\"https:\/\/fenismakina.com\/wp-content\/uploads\/2024\/03\/FN-1850-1024x798.png 1024w, https:\/\/fenismakina.com\/wp-content\/uploads\/2024\/03\/FN-1850-300x234.png 300w, https:\/\/fenismakina.com\/wp-content\/uploads\/2024\/03\/FN-1850-768x598.png 768w, https:\/\/fenismakina.com\/wp-content\/uploads\/2024\/03\/FN-1850-600x468.png 600w, https:\/\/fenismakina.com\/wp-content\/uploads\/2024\/03\/FN-1850.png 1214w\" sizes=\"(max-width: 800px) 100vw, 800px\" \/>\t\t\t\t\t\t\t\t<\/a>\n\t\t\t\t\t\t\t\t\t\t\t\t\t\t\t<\/div>\n\t\t\t\t<\/div>\n\t\t\t\t<div class=\"elementor-element elementor-element-d6a9d8f elementor-widget elementor-widget-heading\" data-id=\"d6a9d8f\" data-element_type=\"widget\" data-widget_type=\"heading.default\">\n\t\t\t\t<div class=\"elementor-widget-container\">\n\t\t\t\t\t<h2 class=\"elementor-heading-title elementor-size-default\"><a href=\"https:\/\/fenismakina.com\/en\/urunler\/fn-1850-3lu-pnomatik-tas-mentese-ve-kulp-yeri-acma-makinesi\/\">FN 1850 3 Head Hinge &amp; Handle Slot Drilling Machine\n<\/a><\/h2>\t\t\t\t<\/div>\n\t\t\t\t<\/div>\n\t\t\t\t<div class=\"elementor-element elementor-element-441aba1 elementor-align-justify elementor-widget elementor-widget-button\" data-id=\"441aba1\" data-element_type=\"widget\" data-widget_type=\"button.default\">\n\t\t\t\t<div class=\"elementor-widget-container\">\n\t\t\t\t\t\t\t\t\t<div class=\"elementor-button-wrapper\">\n\t\t\t\t\t<a class=\"elementor-button elementor-button-link elementor-size-sm\" href=\"https:\/\/fenismakina.com\/en\/urunler\/fn-1850-3lu-pnomatik-tas-mentese-ve-kulp-yeri-acma-makinesi\/\">\n\t\t\t\t\t\t<span class=\"elementor-button-content-wrapper\">\n\t\t\t\t\t\t\t\t\t<span class=\"elementor-button-text\">See Product<\/span>\n\t\t\t\t\t<\/span>\n\t\t\t\t\t<\/a>\n\t\t\t\t<\/div>\n\t\t\t\t\t\t\t\t<\/div>\n\t\t\t\t<\/div>\n\t\t\t\t<\/div>\n\t\t<div class=\"elementor-element elementor-element-b6801ba e-con-full e-flex e-con e-child\" data-id=\"b6801ba\" data-element_type=\"container\" data-settings=\"{&quot;background_background&quot;:&quot;classic&quot;}\">\n\t\t\t\t<div class=\"elementor-element elementor-element-38a4495 elementor-widget elementor-widget-image\" data-id=\"38a4495\" data-element_type=\"widget\" data-widget_type=\"image.default\">\n\t\t\t\t<div class=\"elementor-widget-container\">\n\t\t\t\t\t\t\t\t\t\t\t\t\t\t\t\t<a href=\"https:\/\/fenismakina.com\/en\/urunler\/fn-1250-2li-pnomatik-tas-mentese-ve-kulp-yeri-acma-makinesi\/\">\n\t\t\t\t\t\t\t<img loading=\"lazy\" decoding=\"async\" width=\"800\" height=\"828\" src=\"https:\/\/fenismakina.com\/wp-content\/uploads\/2024\/03\/FN-1250.png\" class=\"attachment-large size-large wp-image-920\" alt=\"\" srcset=\"https:\/\/fenismakina.com\/wp-content\/uploads\/2024\/03\/FN-1250.png 904w, https:\/\/fenismakina.com\/wp-content\/uploads\/2024\/03\/FN-1250-290x300.png 290w, https:\/\/fenismakina.com\/wp-content\/uploads\/2024\/03\/FN-1250-768x795.png 768w, https:\/\/fenismakina.com\/wp-content\/uploads\/2024\/03\/FN-1250-300x311.png 300w, https:\/\/fenismakina.com\/wp-content\/uploads\/2024\/03\/FN-1250-600x621.png 600w\" sizes=\"(max-width: 800px) 100vw, 800px\" \/>\t\t\t\t\t\t\t\t<\/a>\n\t\t\t\t\t\t\t\t\t\t\t\t\t\t\t<\/div>\n\t\t\t\t<\/div>\n\t\t\t\t<div class=\"elementor-element elementor-element-537a6fb elementor-widget elementor-widget-heading\" data-id=\"537a6fb\" data-element_type=\"widget\" data-widget_type=\"heading.default\">\n\t\t\t\t<div class=\"elementor-widget-container\">\n\t\t\t\t\t<h2 class=\"elementor-heading-title elementor-size-default\"><a href=\"https:\/\/fenismakina.com\/en\/urunler\/fn-1250-2li-pnomatik-tas-mentese-ve-kulp-yeri-acma-makinesi\/\">FN 1250 2 Head Hinge &amp; Handle Slot Drilling Machine\n<\/a><\/h2>\t\t\t\t<\/div>\n\t\t\t\t<\/div>\n\t\t\t\t<div class=\"elementor-element elementor-element-eda6af0 elementor-align-justify elementor-widget elementor-widget-button\" data-id=\"eda6af0\" data-element_type=\"widget\" data-widget_type=\"button.default\">\n\t\t\t\t<div class=\"elementor-widget-container\">\n\t\t\t\t\t\t\t\t\t<div class=\"elementor-button-wrapper\">\n\t\t\t\t\t<a class=\"elementor-button elementor-button-link elementor-size-sm\" href=\"https:\/\/fenismakina.com\/en\/urunler\/fn-1250-2li-pnomatik-tas-mentese-ve-kulp-yeri-acma-makinesi\/\">\n\t\t\t\t\t\t<span class=\"elementor-button-content-wrapper\">\n\t\t\t\t\t\t\t\t\t<span class=\"elementor-button-text\">See Product<\/span>\n\t\t\t\t\t<\/span>\n\t\t\t\t\t<\/a>\n\t\t\t\t<\/div>\n\t\t\t\t\t\t\t\t<\/div>\n\t\t\t\t<\/div>\n\t\t\t\t<\/div>\n\t\t\t\t\t<\/div>\n\t\t\t\t<\/div>\n\t\t\t\t<\/div>\n\t\t\t\t\t<\/div>\n\t\t\t\t<\/div>\n\t\t\t\t<\/div>","protected":false},"excerpt":{"rendered":"<p>FN 900 Plus Mente\u015fe Yeri A\u00e7ma Makinesi (de\u011fi\u015ftirilebilir kafa) \u00dcr\u00fcn\u00fc G\u00f6r FN 950Plus Pn\u00f6matik Tas Mente\u015fe Yeri A\u00e7ma Makinesi (de\u011fi\u015ftirilebilir kafa) \u00dcr\u00fcn\u00fc G\u00f6r FN 2500 4\u2019l\u00fc Al\u00fcminyum Mente\u015fe Yeri A\u00e7ma Makinesi \u00dcr\u00fcn\u00fc G\u00f6r FN 2450 4l\u00fc Mente\u015fe ve Kulp Yeri A\u00e7ma Makinesi \u00dcr\u00fcn\u00fc G\u00f6r FN 1850 3l\u00fc Mente\u015fe ve Kulp Yeri A\u00e7ma Makinesi \u00dcr\u00fcn\u00fc G\u00f6r [&hellip;]<\/p>","protected":false},"author":1,"featured_media":0,"parent":0,"menu_order":0,"comment_status":"closed","ping_status":"closed","template":"","meta":{"footnotes":""},"class_list":["post-1423","page","type-page","status-publish","hentry"],"_links":{"self":[{"href":"https:\/\/fenismakina.com\/en\/wp-json\/wp\/v2\/pages\/1423","targetHints":{"allow":["GET"]}}],"collection":[{"href":"https:\/\/fenismakina.com\/en\/wp-json\/wp\/v2\/pages"}],"about":[{"href":"https:\/\/fenismakina.com\/en\/wp-json\/wp\/v2\/types\/page"}],"author":[{"embeddable":true,"href":"https:\/\/fenismakina.com\/en\/wp-json\/wp\/v2\/users\/1"}],"replies":[{"embeddable":true,"href":"https:\/\/fenismakina.com\/en\/wp-json\/wp\/v2\/comments?post=1423"}],"version-history":[{"count":53,"href":"https:\/\/fenismakina.com\/en\/wp-json\/wp\/v2\/pages\/1423\/revisions"}],"predecessor-version":[{"id":4962,"href":"https:\/\/fenismakina.com\/en\/wp-json\/wp\/v2\/pages\/1423\/revisions\/4962"}],"wp:attachment":[{"href":"https:\/\/fenismakina.com\/en\/wp-json\/wp\/v2\/media?parent=1423"}],"curies":[{"name":"wp","href":"https:\/\/api.w.org\/{rel}","templated":true}]}}