{"id":1417,"date":"2024-03-21T13:55:01","date_gmt":"2024-03-21T10:55:01","guid":{"rendered":"https:\/\/peronmedya.com\/fenis\/?page_id=1417"},"modified":"2024-09-23T13:52:07","modified_gmt":"2024-09-23T10:52:07","slug":"orta-kayit-alistirma-makineleri","status":"publish","type":"page","link":"https:\/\/fenismakina.com\/en\/orta-kayit-alistirma-makineleri\/","title":{"rendered":"End Milling Machines"},"content":{"rendered":"<div data-elementor-type=\"wp-page\" data-elementor-id=\"1417\" class=\"elementor elementor-1417\" data-elementor-post-type=\"page\">\n\t\t\t\t<div class=\"elementor-element elementor-element-07d73cf e-flex e-con-boxed e-con e-parent\" data-id=\"07d73cf\" data-element_type=\"container\" data-settings=\"{&quot;background_background&quot;:&quot;classic&quot;}\">\n\t\t\t\t\t<div class=\"e-con-inner\">\n\t\t<div class=\"elementor-element elementor-element-b34eb38 e-con-full e-flex e-con e-child\" data-id=\"b34eb38\" data-element_type=\"container\" data-settings=\"{&quot;background_background&quot;:&quot;classic&quot;,&quot;sticky&quot;:&quot;top&quot;,&quot;sticky_offset&quot;:120,&quot;sticky_parent&quot;:&quot;yes&quot;,&quot;sticky_on&quot;:[&quot;desktop&quot;],&quot;sticky_effects_offset&quot;:0,&quot;sticky_anchor_link_offset&quot;:0}\">\n\t\t\t\t<div class=\"elementor-element elementor-element-5968dbd elementor-search-form--skin-minimal elementor-widget elementor-widget-search-form\" data-id=\"5968dbd\" data-element_type=\"widget\" data-settings=\"{&quot;skin&quot;:&quot;minimal&quot;}\" data-widget_type=\"search-form.default\">\n\t\t\t\t<div class=\"elementor-widget-container\">\n\t\t\t\t\t\t\t<search role=\"search\">\n\t\t\t<form class=\"elementor-search-form\" action=\"https:\/\/fenismakina.com\/en\/\" method=\"get\" data-trp-original-action=\"https:\/\/fenismakina.com\/en\">\n\t\t\t\t\t\t\t\t\t\t\t\t<div class=\"elementor-search-form__container\">\n\t\t\t\t\t<label class=\"elementor-screen-only\" for=\"elementor-search-form-5968dbd\">Search<\/label>\n\n\t\t\t\t\t\t\t\t\t\t\t<div class=\"elementor-search-form__icon\">\n\t\t\t\t\t\t\t<div class=\"e-font-icon-svg-container\"><svg aria-hidden=\"true\" class=\"e-font-icon-svg e-fas-search\" viewbox=\"0 0 512 512\" xmlns=\"http:\/\/www.w3.org\/2000\/svg\"><path d=\"M505 442.7L405.3 343c-4.5-4.5-10.6-7-17-7H372c27.6-35.3 44-79.7 44-128C416 93.1 322.9 0 208 0S0 93.1 0 208s93.1 208 208 208c48.3 0 92.7-16.4 128-44v16.3c0 6.4 2.5 12.5 7 17l99.7 99.7c9.4 9.4 24.6 9.4 33.9 0l28.3-28.3c9.4-9.4 9.4-24.6.1-34zM208 336c-70.7 0-128-57.2-128-128 0-70.7 57.2-128 128-128 70.7 0 128 57.2 128 128 0 70.7-57.2 128-128 128z\"><\/path><\/svg><\/div>\t\t\t\t\t\t\t<span class=\"elementor-screen-only\">Search<\/span>\n\t\t\t\t\t\t<\/div>\n\t\t\t\t\t\n\t\t\t\t\t<input id=\"elementor-search-form-5968dbd\" placeholder=\"Ara...\" class=\"elementor-search-form__input\" type=\"search\" name=\"s\" value=\"\">\n\t\t\t\t\t\n\t\t\t\t\t\n\t\t\t\t\t\t\t\t\t<\/div>\n\t\t\t<input type=\"hidden\" name=\"trp-form-language\" value=\"en\"\/><\/form>\n\t\t<\/search>\n\t\t\t\t\t\t<\/div>\n\t\t\t\t<\/div>\n\t\t\t\t<div class=\"elementor-element elementor-element-0507d8a elementor-nav-menu__text-align-aside elementor-widget elementor-widget-nav-menu\" data-id=\"0507d8a\" data-element_type=\"widget\" data-settings=\"{&quot;layout&quot;:&quot;dropdown&quot;,&quot;submenu_icon&quot;:{&quot;value&quot;:&quot;&lt;svg class=\\&quot;e-font-icon-svg e-fas-caret-down\\&quot; viewBox=\\&quot;0 0 320 512\\&quot; xmlns=\\&quot;http:\\\/\\\/www.w3.org\\\/2000\\\/svg\\&quot;&gt;&lt;path d=\\&quot;M31.3 192h257.3c17.8 0 26.7 21.5 14.1 34.1L174.1 354.8c-7.8 7.8-20.5 7.8-28.3 0L17.2 226.1C4.6 213.5 13.5 192 31.3 192z\\&quot;&gt;&lt;\\\/path&gt;&lt;\\\/svg&gt;&quot;,&quot;library&quot;:&quot;fa-solid&quot;}}\" data-widget_type=\"nav-menu.default\">\n\t\t\t\t<div class=\"elementor-widget-container\">\n\t\t\t\t\t\t\t\t<nav class=\"elementor-nav-menu--dropdown elementor-nav-menu__container\" aria-hidden=\"true\">\n\t\t\t\t<ul id=\"menu-2-0507d8a\" class=\"elementor-nav-menu\"><li class=\"menu-item menu-item-type-post_type menu-item-object-page menu-item-has-children menu-item-1529\"><a href=\"https:\/\/fenismakina.com\/en\/aluminyum-pvc-isleme-makineleri\/\" class=\"elementor-item\" tabindex=\"-1\">Aluminum &amp; PVC Processing<\/a>\n<ul class=\"sub-menu elementor-nav-menu--dropdown\">\n\t<li class=\"menu-item menu-item-type-post_type menu-item-object-page menu-item-2839\"><a href=\"https:\/\/fenismakina.com\/en\/kesim-makineleri\/\" class=\"elementor-sub-item\" tabindex=\"-1\">Cutting<\/a><\/li>\n\t<li class=\"menu-item menu-item-type-post_type menu-item-object-page menu-item-2304\"><a href=\"https:\/\/fenismakina.com\/en\/kopya-freze-makinesi\/\" class=\"elementor-sub-item\" tabindex=\"-1\">Copy Router<\/a><\/li>\n\t<li class=\"menu-item menu-item-type-post_type menu-item-object-page menu-item-2307\"><a href=\"https:\/\/fenismakina.com\/en\/orta-kayit-alistirma-makineleri\/\" class=\"elementor-sub-item\" tabindex=\"-1\">End Milling<\/a><\/li>\n\t<li class=\"menu-item menu-item-type-post_type menu-item-object-page menu-item-2305\"><a href=\"https:\/\/fenismakina.com\/en\/kose-pres-makinesi\/\" class=\"elementor-sub-item\" tabindex=\"-1\">Corner Crimping<\/a><\/li>\n\t<li class=\"menu-item menu-item-type-post_type menu-item-object-page menu-item-2786\"><a href=\"https:\/\/fenismakina.com\/en\/aluminyum-cerceve-makinalari\/\" class=\"elementor-sub-item\" tabindex=\"-1\">Aluminium Cabinet Glass Frame<\/a><\/li>\n\t<li class=\"menu-item menu-item-type-post_type menu-item-object-page menu-item-2785\"><a href=\"https:\/\/fenismakina.com\/en\/tamamlayici-urunler\/\" class=\"elementor-sub-item\" tabindex=\"-1\">Complementary Products<\/a><\/li>\n<\/ul>\n<\/li>\n<li class=\"menu-item menu-item-type-post_type menu-item-object-page menu-item-has-children menu-item-1530\"><a href=\"https:\/\/fenismakina.com\/en\/ahsap-isleme-makineleri\/\" class=\"elementor-item\" tabindex=\"-1\">Wood Processing<\/a>\n<ul class=\"sub-menu elementor-nav-menu--dropdown\">\n\t<li class=\"menu-item menu-item-type-post_type menu-item-object-page menu-item-3091\"><a href=\"https:\/\/fenismakina.com\/en\/ahsap-kesim\/\" class=\"elementor-sub-item\" tabindex=\"-1\">Wood Cutting<\/a><\/li>\n\t<li class=\"menu-item menu-item-type-post_type menu-item-object-page menu-item-2306\"><a href=\"https:\/\/fenismakina.com\/en\/mentese-acma-yeri-makineleri\/\" class=\"elementor-sub-item\" tabindex=\"-1\">Hinge Slot Drilling<\/a><\/li>\n\t<li class=\"menu-item menu-item-type-post_type menu-item-object-page menu-item-2783\"><a href=\"https:\/\/fenismakina.com\/en\/kose-temizleme\/\" class=\"elementor-sub-item\" tabindex=\"-1\">Corner Cleaning<\/a><\/li>\n\t<li class=\"menu-item menu-item-type-post_type menu-item-object-page menu-item-2782\"><a href=\"https:\/\/fenismakina.com\/en\/kose-birlestirme\/\" class=\"elementor-sub-item\" tabindex=\"-1\">Corner Combining<\/a><\/li>\n\t<li class=\"menu-item menu-item-type-post_type menu-item-object-page menu-item-2784\"><a href=\"https:\/\/fenismakina.com\/en\/tamamlayici-urunler-2\/\" class=\"elementor-sub-item\" tabindex=\"-1\">Complementary Products<\/a><\/li>\n<\/ul>\n<\/li>\n<\/ul>\t\t\t<\/nav>\n\t\t\t\t\t\t<\/div>\n\t\t\t\t<\/div>\n\t\t\t\t<\/div>\n\t\t<div class=\"elementor-element elementor-element-dc812af e-con-full e-flex e-con e-child\" data-id=\"dc812af\" data-element_type=\"container\">\n\t\t\t\t<div class=\"elementor-element elementor-element-3b68ce6 elementor-widget elementor-widget-heading\" data-id=\"3b68ce6\" data-element_type=\"widget\" data-widget_type=\"heading.default\">\n\t\t\t\t<div class=\"elementor-widget-container\">\n\t\t\t\t\t<h2 class=\"elementor-heading-title elementor-size-default\">End Milling Machines<\/h2>\t\t\t\t<\/div>\n\t\t\t\t<\/div>\n\t\t<div class=\"elementor-element elementor-element-d232d1e e-grid e-con-boxed e-con e-child\" data-id=\"d232d1e\" data-element_type=\"container\">\n\t\t\t\t\t<div class=\"e-con-inner\">\n\t\t<div class=\"elementor-element elementor-element-97f2523 e-con-full e-flex e-con e-child\" data-id=\"97f2523\" data-element_type=\"container\" data-settings=\"{&quot;background_background&quot;:&quot;classic&quot;}\">\n\t\t\t\t<div class=\"elementor-element elementor-element-2ed0eff elementor-widget elementor-widget-image\" data-id=\"2ed0eff\" data-element_type=\"widget\" data-widget_type=\"image.default\">\n\t\t\t\t<div class=\"elementor-widget-container\">\n\t\t\t\t\t\t\t\t\t\t\t\t\t\t\t\t<a href=\"https:\/\/fenismakina.com\/en\/urunler\/fn-800km-portatif-orta-kayit-alistirma-makinesi\/\">\n\t\t\t\t\t\t\t<img fetchpriority=\"high\" decoding=\"async\" width=\"800\" height=\"626\" src=\"https:\/\/fenismakina.com\/wp-content\/uploads\/2024\/03\/FN-800KM-1024x801.png\" class=\"attachment-large size-large wp-image-1184\" alt=\"\" srcset=\"https:\/\/fenismakina.com\/wp-content\/uploads\/2024\/03\/FN-800KM-1024x801.png 1024w, https:\/\/fenismakina.com\/wp-content\/uploads\/2024\/03\/FN-800KM-300x235.png 300w, https:\/\/fenismakina.com\/wp-content\/uploads\/2024\/03\/FN-800KM-768x601.png 768w, https:\/\/fenismakina.com\/wp-content\/uploads\/2024\/03\/FN-800KM-600x469.png 600w, https:\/\/fenismakina.com\/wp-content\/uploads\/2024\/03\/FN-800KM.png 1204w\" sizes=\"(max-width: 800px) 100vw, 800px\" \/>\t\t\t\t\t\t\t\t<\/a>\n\t\t\t\t\t\t\t\t\t\t\t\t\t\t\t<\/div>\n\t\t\t\t<\/div>\n\t\t\t\t<div class=\"elementor-element elementor-element-6249abb elementor-widget elementor-widget-heading\" data-id=\"6249abb\" data-element_type=\"widget\" data-widget_type=\"heading.default\">\n\t\t\t\t<div class=\"elementor-widget-container\">\n\t\t\t\t\t<h2 class=\"elementor-heading-title elementor-size-default\"><a href=\"https:\/\/fenismakina.com\/en\/urunler\/fn-800km-portatif-orta-kayit-alistirma-makinesi\/\">FN 800KM Portable End Milling Machine\n<\/a><\/h2>\t\t\t\t<\/div>\n\t\t\t\t<\/div>\n\t\t\t\t<div class=\"elementor-element elementor-element-0295649 elementor-align-justify elementor-widget elementor-widget-button\" data-id=\"0295649\" data-element_type=\"widget\" data-widget_type=\"button.default\">\n\t\t\t\t<div class=\"elementor-widget-container\">\n\t\t\t\t\t\t\t\t\t<div class=\"elementor-button-wrapper\">\n\t\t\t\t\t<a class=\"elementor-button elementor-button-link elementor-size-sm\" href=\"https:\/\/fenismakina.com\/en\/urunler\/fn-800km-portatif-orta-kayit-alistirma-makinesi\/\">\n\t\t\t\t\t\t<span class=\"elementor-button-content-wrapper\">\n\t\t\t\t\t\t\t\t\t<span class=\"elementor-button-text\">See Product<\/span>\n\t\t\t\t\t<\/span>\n\t\t\t\t\t<\/a>\n\t\t\t\t<\/div>\n\t\t\t\t\t\t\t\t<\/div>\n\t\t\t\t<\/div>\n\t\t\t\t<\/div>\n\t\t<div class=\"elementor-element elementor-element-1a6676b e-con-full e-flex e-con e-child\" data-id=\"1a6676b\" data-element_type=\"container\" data-settings=\"{&quot;background_background&quot;:&quot;classic&quot;}\">\n\t\t\t\t<div class=\"elementor-element elementor-element-3c4064e elementor-widget elementor-widget-image\" data-id=\"3c4064e\" data-element_type=\"widget\" data-widget_type=\"image.default\">\n\t\t\t\t<div class=\"elementor-widget-container\">\n\t\t\t\t\t\t\t\t\t\t\t\t\t\t\t\t<a href=\"https:\/\/fenismakina.com\/en\/urunler\/fn-880km-otomatik-orta-kayit-alistirma-makinesi\/\">\n\t\t\t\t\t\t\t<img decoding=\"async\" width=\"800\" height=\"894\" src=\"https:\/\/fenismakina.com\/wp-content\/uploads\/2024\/03\/FN-880KM.png\" class=\"attachment-large size-large wp-image-1193\" alt=\"\" srcset=\"https:\/\/fenismakina.com\/wp-content\/uploads\/2024\/03\/FN-880KM.png 860w, https:\/\/fenismakina.com\/wp-content\/uploads\/2024\/03\/FN-880KM-268x300.png 268w, https:\/\/fenismakina.com\/wp-content\/uploads\/2024\/03\/FN-880KM-768x858.png 768w, https:\/\/fenismakina.com\/wp-content\/uploads\/2024\/03\/FN-880KM-300x335.png 300w, https:\/\/fenismakina.com\/wp-content\/uploads\/2024\/03\/FN-880KM-600x670.png 600w\" sizes=\"(max-width: 800px) 100vw, 800px\" \/>\t\t\t\t\t\t\t\t<\/a>\n\t\t\t\t\t\t\t\t\t\t\t\t\t\t\t<\/div>\n\t\t\t\t<\/div>\n\t\t\t\t<div class=\"elementor-element elementor-element-92c1c76 elementor-widget elementor-widget-heading\" data-id=\"92c1c76\" data-element_type=\"widget\" data-widget_type=\"heading.default\">\n\t\t\t\t<div class=\"elementor-widget-container\">\n\t\t\t\t\t<h2 class=\"elementor-heading-title elementor-size-default\"><a href=\"https:\/\/fenismakina.com\/en\/urunler\/fn-880km-otomatik-orta-kayit-alistirma-makinesi\/\">FN 880KM Automatic End Milling Machine\n<\/a><\/h2>\t\t\t\t<\/div>\n\t\t\t\t<\/div>\n\t\t\t\t<div class=\"elementor-element elementor-element-4cecf5c elementor-align-justify elementor-widget elementor-widget-button\" data-id=\"4cecf5c\" data-element_type=\"widget\" data-widget_type=\"button.default\">\n\t\t\t\t<div class=\"elementor-widget-container\">\n\t\t\t\t\t\t\t\t\t<div class=\"elementor-button-wrapper\">\n\t\t\t\t\t<a class=\"elementor-button elementor-button-link elementor-size-sm\" href=\"https:\/\/fenismakina.com\/en\/urunler\/fn-880km-otomatik-orta-kayit-alistirma-makinesi\/\">\n\t\t\t\t\t\t<span class=\"elementor-button-content-wrapper\">\n\t\t\t\t\t\t\t\t\t<span class=\"elementor-button-text\">See Product<\/span>\n\t\t\t\t\t<\/span>\n\t\t\t\t\t<\/a>\n\t\t\t\t<\/div>\n\t\t\t\t\t\t\t\t<\/div>\n\t\t\t\t<\/div>\n\t\t\t\t<\/div>\n\t\t\t\t\t<\/div>\n\t\t\t\t<\/div>\n\t\t\t\t<\/div>\n\t\t\t\t\t<\/div>\n\t\t\t\t<\/div>\n\t\t\t\t<\/div>","protected":false},"excerpt":{"rendered":"<p>FN 800KM Portatif Orta Kay\u0131t Al\u0131\u015ft\u0131rma Makinesi \u00dcr\u00fcn\u00fc G\u00f6r FN 880KM Otomatik Orta Kay\u0131t Al\u0131\u015ft\u0131rma Makinesi \u00dcr\u00fcn\u00fc G\u00f6r<\/p>","protected":false},"author":1,"featured_media":0,"parent":0,"menu_order":0,"comment_status":"closed","ping_status":"closed","template":"","meta":{"footnotes":""},"class_list":["post-1417","page","type-page","status-publish","hentry"],"_links":{"self":[{"href":"https:\/\/fenismakina.com\/en\/wp-json\/wp\/v2\/pages\/1417","targetHints":{"allow":["GET"]}}],"collection":[{"href":"https:\/\/fenismakina.com\/en\/wp-json\/wp\/v2\/pages"}],"about":[{"href":"https:\/\/fenismakina.com\/en\/wp-json\/wp\/v2\/types\/page"}],"author":[{"embeddable":true,"href":"https:\/\/fenismakina.com\/en\/wp-json\/wp\/v2\/users\/1"}],"replies":[{"embeddable":true,"href":"https:\/\/fenismakina.com\/en\/wp-json\/wp\/v2\/comments?post=1417"}],"version-history":[{"count":34,"href":"https:\/\/fenismakina.com\/en\/wp-json\/wp\/v2\/pages\/1417\/revisions"}],"predecessor-version":[{"id":4068,"href":"https:\/\/fenismakina.com\/en\/wp-json\/wp\/v2\/pages\/1417\/revisions\/4068"}],"wp:attachment":[{"href":"https:\/\/fenismakina.com\/en\/wp-json\/wp\/v2\/media?parent=1417"}],"curies":[{"name":"wp","href":"https:\/\/api.w.org\/{rel}","templated":true}]}}