{"id":1412,"date":"2024-03-21T13:48:36","date_gmt":"2024-03-21T10:48:36","guid":{"rendered":"https:\/\/peronmedya.com\/fenis\/?page_id=1412"},"modified":"2024-09-12T11:45:52","modified_gmt":"2024-09-12T08:45:52","slug":"kose-pres-makinesi","status":"publish","type":"page","link":"https:\/\/fenismakina.com\/en\/kose-pres-makinesi\/","title":{"rendered":"Corner Crimping Machine"},"content":{"rendered":"<div data-elementor-type=\"wp-page\" data-elementor-id=\"1412\" class=\"elementor elementor-1412\" data-elementor-post-type=\"page\">\n\t\t\t\t<div class=\"elementor-element elementor-element-ec74160 e-flex e-con-boxed e-con e-parent\" data-id=\"ec74160\" data-element_type=\"container\" data-settings=\"{&quot;background_background&quot;:&quot;classic&quot;}\">\n\t\t\t\t\t<div class=\"e-con-inner\">\n\t\t<div class=\"elementor-element elementor-element-309de88 e-con-full e-flex e-con e-child\" data-id=\"309de88\" data-element_type=\"container\" data-settings=\"{&quot;background_background&quot;:&quot;classic&quot;,&quot;sticky&quot;:&quot;top&quot;,&quot;sticky_offset&quot;:120,&quot;sticky_parent&quot;:&quot;yes&quot;,&quot;sticky_on&quot;:[&quot;desktop&quot;],&quot;sticky_effects_offset&quot;:0,&quot;sticky_anchor_link_offset&quot;:0}\">\n\t\t\t\t<div class=\"elementor-element elementor-element-54042d1 elementor-search-form--skin-minimal elementor-widget elementor-widget-search-form\" data-id=\"54042d1\" data-element_type=\"widget\" data-settings=\"{&quot;skin&quot;:&quot;minimal&quot;}\" data-widget_type=\"search-form.default\">\n\t\t\t\t<div class=\"elementor-widget-container\">\n\t\t\t\t\t\t\t<search role=\"search\">\n\t\t\t<form class=\"elementor-search-form\" action=\"https:\/\/fenismakina.com\/en\/\" method=\"get\" data-trp-original-action=\"https:\/\/fenismakina.com\/en\">\n\t\t\t\t\t\t\t\t\t\t\t\t<div class=\"elementor-search-form__container\">\n\t\t\t\t\t<label class=\"elementor-screen-only\" for=\"elementor-search-form-54042d1\">Search<\/label>\n\n\t\t\t\t\t\t\t\t\t\t\t<div class=\"elementor-search-form__icon\">\n\t\t\t\t\t\t\t<div class=\"e-font-icon-svg-container\"><svg aria-hidden=\"true\" class=\"e-font-icon-svg e-fas-search\" viewbox=\"0 0 512 512\" xmlns=\"http:\/\/www.w3.org\/2000\/svg\"><path d=\"M505 442.7L405.3 343c-4.5-4.5-10.6-7-17-7H372c27.6-35.3 44-79.7 44-128C416 93.1 322.9 0 208 0S0 93.1 0 208s93.1 208 208 208c48.3 0 92.7-16.4 128-44v16.3c0 6.4 2.5 12.5 7 17l99.7 99.7c9.4 9.4 24.6 9.4 33.9 0l28.3-28.3c9.4-9.4 9.4-24.6.1-34zM208 336c-70.7 0-128-57.2-128-128 0-70.7 57.2-128 128-128 70.7 0 128 57.2 128 128 0 70.7-57.2 128-128 128z\"><\/path><\/svg><\/div>\t\t\t\t\t\t\t<span class=\"elementor-screen-only\">Search<\/span>\n\t\t\t\t\t\t<\/div>\n\t\t\t\t\t\n\t\t\t\t\t<input id=\"elementor-search-form-54042d1\" placeholder=\"Ara...\" class=\"elementor-search-form__input\" type=\"search\" name=\"s\" value=\"\">\n\t\t\t\t\t\n\t\t\t\t\t\n\t\t\t\t\t\t\t\t\t<\/div>\n\t\t\t<input type=\"hidden\" name=\"trp-form-language\" value=\"en\"\/><\/form>\n\t\t<\/search>\n\t\t\t\t\t\t<\/div>\n\t\t\t\t<\/div>\n\t\t\t\t<div class=\"elementor-element elementor-element-cd4adda elementor-nav-menu__text-align-aside elementor-widget elementor-widget-nav-menu\" data-id=\"cd4adda\" data-element_type=\"widget\" data-settings=\"{&quot;layout&quot;:&quot;dropdown&quot;,&quot;submenu_icon&quot;:{&quot;value&quot;:&quot;&lt;svg class=\\&quot;e-font-icon-svg e-fas-caret-down\\&quot; viewBox=\\&quot;0 0 320 512\\&quot; xmlns=\\&quot;http:\\\/\\\/www.w3.org\\\/2000\\\/svg\\&quot;&gt;&lt;path d=\\&quot;M31.3 192h257.3c17.8 0 26.7 21.5 14.1 34.1L174.1 354.8c-7.8 7.8-20.5 7.8-28.3 0L17.2 226.1C4.6 213.5 13.5 192 31.3 192z\\&quot;&gt;&lt;\\\/path&gt;&lt;\\\/svg&gt;&quot;,&quot;library&quot;:&quot;fa-solid&quot;}}\" data-widget_type=\"nav-menu.default\">\n\t\t\t\t<div class=\"elementor-widget-container\">\n\t\t\t\t\t\t\t\t<nav class=\"elementor-nav-menu--dropdown elementor-nav-menu__container\" aria-hidden=\"true\">\n\t\t\t\t<ul id=\"menu-2-cd4adda\" class=\"elementor-nav-menu\"><li class=\"menu-item menu-item-type-post_type menu-item-object-page menu-item-has-children menu-item-1529\"><a href=\"https:\/\/fenismakina.com\/en\/aluminyum-pvc-isleme-makineleri\/\" class=\"elementor-item\" tabindex=\"-1\">Aluminum &amp; PVC Processing<\/a>\n<ul class=\"sub-menu elementor-nav-menu--dropdown\">\n\t<li class=\"menu-item menu-item-type-post_type menu-item-object-page menu-item-2839\"><a href=\"https:\/\/fenismakina.com\/en\/kesim-makineleri\/\" class=\"elementor-sub-item\" tabindex=\"-1\">Cutting<\/a><\/li>\n\t<li class=\"menu-item menu-item-type-post_type menu-item-object-page menu-item-2304\"><a href=\"https:\/\/fenismakina.com\/en\/kopya-freze-makinesi\/\" class=\"elementor-sub-item\" tabindex=\"-1\">Copy Router<\/a><\/li>\n\t<li class=\"menu-item menu-item-type-post_type menu-item-object-page menu-item-2307\"><a href=\"https:\/\/fenismakina.com\/en\/orta-kayit-alistirma-makineleri\/\" class=\"elementor-sub-item\" tabindex=\"-1\">End Milling<\/a><\/li>\n\t<li class=\"menu-item menu-item-type-post_type menu-item-object-page menu-item-2305\"><a href=\"https:\/\/fenismakina.com\/en\/kose-pres-makinesi\/\" class=\"elementor-sub-item\" tabindex=\"-1\">Corner Crimping<\/a><\/li>\n\t<li class=\"menu-item menu-item-type-post_type menu-item-object-page menu-item-2786\"><a href=\"https:\/\/fenismakina.com\/en\/aluminyum-cerceve-makinalari\/\" class=\"elementor-sub-item\" tabindex=\"-1\">Aluminium Cabinet Glass Frame<\/a><\/li>\n\t<li class=\"menu-item menu-item-type-post_type menu-item-object-page menu-item-2785\"><a href=\"https:\/\/fenismakina.com\/en\/tamamlayici-urunler\/\" class=\"elementor-sub-item\" tabindex=\"-1\">Complementary Products<\/a><\/li>\n<\/ul>\n<\/li>\n<li class=\"menu-item menu-item-type-post_type menu-item-object-page menu-item-has-children menu-item-1530\"><a href=\"https:\/\/fenismakina.com\/en\/ahsap-isleme-makineleri\/\" class=\"elementor-item\" tabindex=\"-1\">Wood Processing<\/a>\n<ul class=\"sub-menu elementor-nav-menu--dropdown\">\n\t<li class=\"menu-item menu-item-type-post_type menu-item-object-page menu-item-3091\"><a href=\"https:\/\/fenismakina.com\/en\/ahsap-kesim\/\" class=\"elementor-sub-item\" tabindex=\"-1\">Wood Cutting<\/a><\/li>\n\t<li class=\"menu-item menu-item-type-post_type menu-item-object-page menu-item-2306\"><a href=\"https:\/\/fenismakina.com\/en\/mentese-acma-yeri-makineleri\/\" class=\"elementor-sub-item\" tabindex=\"-1\">Hinge Slot Drilling<\/a><\/li>\n\t<li class=\"menu-item menu-item-type-post_type menu-item-object-page menu-item-2783\"><a href=\"https:\/\/fenismakina.com\/en\/kose-temizleme\/\" class=\"elementor-sub-item\" tabindex=\"-1\">Corner Cleaning<\/a><\/li>\n\t<li class=\"menu-item menu-item-type-post_type menu-item-object-page menu-item-2782\"><a href=\"https:\/\/fenismakina.com\/en\/kose-birlestirme\/\" class=\"elementor-sub-item\" tabindex=\"-1\">Corner Combining<\/a><\/li>\n\t<li class=\"menu-item menu-item-type-post_type menu-item-object-page menu-item-2784\"><a href=\"https:\/\/fenismakina.com\/en\/tamamlayici-urunler-2\/\" class=\"elementor-sub-item\" tabindex=\"-1\">Complementary Products<\/a><\/li>\n<\/ul>\n<\/li>\n<\/ul>\t\t\t<\/nav>\n\t\t\t\t\t\t<\/div>\n\t\t\t\t<\/div>\n\t\t\t\t<\/div>\n\t\t<div class=\"elementor-element elementor-element-18b6345 e-con-full e-flex e-con e-child\" data-id=\"18b6345\" data-element_type=\"container\">\n\t\t\t\t<div class=\"elementor-element elementor-element-14fb53b elementor-widget elementor-widget-heading\" data-id=\"14fb53b\" data-element_type=\"widget\" data-widget_type=\"heading.default\">\n\t\t\t\t<div class=\"elementor-widget-container\">\n\t\t\t\t\t<h2 class=\"elementor-heading-title elementor-size-default\">Corner Crimping Machine<\/h2>\t\t\t\t<\/div>\n\t\t\t\t<\/div>\n\t\t<div class=\"elementor-element elementor-element-80a619f e-grid e-con-boxed e-con e-child\" data-id=\"80a619f\" data-element_type=\"container\">\n\t\t\t\t\t<div class=\"e-con-inner\">\n\t\t<div class=\"elementor-element elementor-element-dd9ef83 e-con-full e-flex e-con e-child\" data-id=\"dd9ef83\" data-element_type=\"container\" data-settings=\"{&quot;background_background&quot;:&quot;classic&quot;}\">\n\t\t\t\t<div class=\"elementor-element elementor-element-3e12d07 elementor-widget__width-initial elementor-widget elementor-widget-image\" data-id=\"3e12d07\" data-element_type=\"widget\" data-widget_type=\"image.default\">\n\t\t\t\t<div class=\"elementor-widget-container\">\n\t\t\t\t\t\t\t\t\t\t\t\t\t\t\t\t<a href=\"https:\/\/fenismakina.com\/en\/urunler\/fn-180hp-aluminyum-kose-pres-makinesi-hidro-pnomatik\/\">\n\t\t\t\t\t\t\t<img fetchpriority=\"high\" decoding=\"async\" width=\"729\" height=\"493\" src=\"https:\/\/fenismakina.com\/wp-content\/uploads\/2024\/03\/FN-180HP-1.png\" class=\"attachment-large size-large wp-image-1368\" alt=\"\" srcset=\"https:\/\/fenismakina.com\/wp-content\/uploads\/2024\/03\/FN-180HP-1.png 729w, https:\/\/fenismakina.com\/wp-content\/uploads\/2024\/03\/FN-180HP-1-300x203.png 300w, https:\/\/fenismakina.com\/wp-content\/uploads\/2024\/03\/FN-180HP-1-600x406.png 600w\" sizes=\"(max-width: 729px) 100vw, 729px\" \/>\t\t\t\t\t\t\t\t<\/a>\n\t\t\t\t\t\t\t\t\t\t\t\t\t\t\t<\/div>\n\t\t\t\t<\/div>\n\t\t\t\t<div class=\"elementor-element elementor-element-cfc6465 elementor-widget elementor-widget-heading\" data-id=\"cfc6465\" data-element_type=\"widget\" data-widget_type=\"heading.default\">\n\t\t\t\t<div class=\"elementor-widget-container\">\n\t\t\t\t\t<h2 class=\"elementor-heading-title elementor-size-default\"><a href=\"https:\/\/fenismakina.com\/en\/urunler\/fn-180hp-aluminyum-kose-pres-makinesi-hidro-pnomatik\/\">FN 180HP Aluminium Corner Crimping Machine \n(hydro-pneumatic)<\/a><\/h2>\t\t\t\t<\/div>\n\t\t\t\t<\/div>\n\t\t\t\t<div class=\"elementor-element elementor-element-23a373a elementor-align-justify elementor-widget elementor-widget-button\" data-id=\"23a373a\" data-element_type=\"widget\" data-widget_type=\"button.default\">\n\t\t\t\t<div class=\"elementor-widget-container\">\n\t\t\t\t\t\t\t\t\t<div class=\"elementor-button-wrapper\">\n\t\t\t\t\t<a class=\"elementor-button elementor-button-link elementor-size-sm\" href=\"https:\/\/fenismakina.com\/en\/urunler\/fn-180hp-aluminyum-kose-pres-makinesi-hidro-pnomatik\/\">\n\t\t\t\t\t\t<span class=\"elementor-button-content-wrapper\">\n\t\t\t\t\t\t\t\t\t<span class=\"elementor-button-text\">See Product<\/span>\n\t\t\t\t\t<\/span>\n\t\t\t\t\t<\/a>\n\t\t\t\t<\/div>\n\t\t\t\t\t\t\t\t<\/div>\n\t\t\t\t<\/div>\n\t\t\t\t<\/div>\n\t\t\t\t\t<\/div>\n\t\t\t\t<\/div>\n\t\t\t\t<\/div>\n\t\t\t\t\t<\/div>\n\t\t\t\t<\/div>\n\t\t\t\t<\/div>","protected":false},"excerpt":{"rendered":"<p>FN 180HP Al\u00fcminyum K\u00f6\u015fe Pres Makinesi \u00dcr\u00fcn\u00fc G\u00f6r<\/p>","protected":false},"author":1,"featured_media":0,"parent":0,"menu_order":0,"comment_status":"closed","ping_status":"closed","template":"","meta":{"footnotes":""},"class_list":["post-1412","page","type-page","status-publish","hentry"],"_links":{"self":[{"href":"https:\/\/fenismakina.com\/en\/wp-json\/wp\/v2\/pages\/1412","targetHints":{"allow":["GET"]}}],"collection":[{"href":"https:\/\/fenismakina.com\/en\/wp-json\/wp\/v2\/pages"}],"about":[{"href":"https:\/\/fenismakina.com\/en\/wp-json\/wp\/v2\/types\/page"}],"author":[{"embeddable":true,"href":"https:\/\/fenismakina.com\/en\/wp-json\/wp\/v2\/users\/1"}],"replies":[{"embeddable":true,"href":"https:\/\/fenismakina.com\/en\/wp-json\/wp\/v2\/comments?post=1412"}],"version-history":[{"count":25,"href":"https:\/\/fenismakina.com\/en\/wp-json\/wp\/v2\/pages\/1412\/revisions"}],"predecessor-version":[{"id":3653,"href":"https:\/\/fenismakina.com\/en\/wp-json\/wp\/v2\/pages\/1412\/revisions\/3653"}],"wp:attachment":[{"href":"https:\/\/fenismakina.com\/en\/wp-json\/wp\/v2\/media?parent=1412"}],"curies":[{"name":"wp","href":"https:\/\/api.w.org\/{rel}","templated":true}]}}