{"id":1062,"date":"2024-03-18T15:22:00","date_gmt":"2024-03-18T12:22:00","guid":{"rendered":"https:\/\/peronmedya.com\/fenis\/?page_id=1062"},"modified":"2024-09-13T16:26:57","modified_gmt":"2024-09-13T13:26:57","slug":"fn-710fr-portatif-kopya-freze-makinesi","status":"publish","type":"page","link":"https:\/\/fenismakina.com\/en\/urunler\/fn-710fr-portatif-kopya-freze-makinesi\/","title":{"rendered":"FN 710FR Portable Copy Router Machine"},"content":{"rendered":"<div data-elementor-type=\"wp-page\" data-elementor-id=\"1062\" class=\"elementor elementor-1062\" data-elementor-post-type=\"page\">\n\t\t\t\t<div class=\"elementor-element elementor-element-2a2e237 e-flex e-con-boxed e-con e-parent\" data-id=\"2a2e237\" data-element_type=\"container\" data-settings=\"{&quot;background_background&quot;:&quot;classic&quot;}\">\n\t\t\t\t\t<div class=\"e-con-inner\">\n\t\t\t\t<div class=\"elementor-element elementor-element-a0ed36c elementor-widget elementor-widget-heading\" data-id=\"a0ed36c\" data-element_type=\"widget\" data-settings=\"{&quot;motion_fx_motion_fx_scrolling&quot;:&quot;yes&quot;,&quot;motion_fx_scale_effect&quot;:&quot;yes&quot;,&quot;motion_fx_scale_range&quot;:{&quot;unit&quot;:&quot;%&quot;,&quot;size&quot;:&quot;&quot;,&quot;sizes&quot;:{&quot;start&quot;:50,&quot;end&quot;:100}},&quot;motion_fx_scale_direction&quot;:&quot;out-in&quot;,&quot;motion_fx_scale_speed&quot;:{&quot;unit&quot;:&quot;px&quot;,&quot;size&quot;:4,&quot;sizes&quot;:[]},&quot;motion_fx_devices&quot;:[&quot;desktop&quot;,&quot;tablet&quot;,&quot;mobile&quot;]}\" data-widget_type=\"heading.default\">\n\t\t\t\t<div class=\"elementor-widget-container\">\n\t\t\t\t\t<h2 class=\"elementor-heading-title elementor-size-default\">FN 710FR<\/h2>\t\t\t\t<\/div>\n\t\t\t\t<\/div>\n\t\t\t\t<div class=\"elementor-element elementor-element-30b7146 elementor-widget elementor-widget-image\" data-id=\"30b7146\" data-element_type=\"widget\" data-settings=\"{&quot;motion_fx_motion_fx_scrolling&quot;:&quot;yes&quot;,&quot;motion_fx_scale_effect&quot;:&quot;yes&quot;,&quot;motion_fx_scale_direction&quot;:&quot;out-in&quot;,&quot;motion_fx_scale_speed&quot;:{&quot;unit&quot;:&quot;px&quot;,&quot;size&quot;:4,&quot;sizes&quot;:[]},&quot;motion_fx_scale_range&quot;:{&quot;unit&quot;:&quot;%&quot;,&quot;size&quot;:&quot;&quot;,&quot;sizes&quot;:{&quot;start&quot;:20,&quot;end&quot;:80}},&quot;motion_fx_devices&quot;:[&quot;desktop&quot;,&quot;tablet&quot;,&quot;mobile&quot;]}\" data-widget_type=\"image.default\">\n\t\t\t\t<div class=\"elementor-widget-container\">\n\t\t\t\t\t\t\t\t\t\t\t\t\t\t\t<img fetchpriority=\"high\" decoding=\"async\" width=\"800\" height=\"670\" src=\"https:\/\/fenismakina.com\/wp-content\/uploads\/2024\/03\/FN-710FR-1024x857.png\" class=\"attachment-large size-large wp-image-1161\" alt=\"\" srcset=\"https:\/\/fenismakina.com\/wp-content\/uploads\/2024\/03\/FN-710FR-1024x857.png 1024w, https:\/\/fenismakina.com\/wp-content\/uploads\/2024\/03\/FN-710FR-300x251.png 300w, https:\/\/fenismakina.com\/wp-content\/uploads\/2024\/03\/FN-710FR-768x643.png 768w, https:\/\/fenismakina.com\/wp-content\/uploads\/2024\/03\/FN-710FR-600x502.png 600w, https:\/\/fenismakina.com\/wp-content\/uploads\/2024\/03\/FN-710FR.png 1140w\" sizes=\"(max-width: 800px) 100vw, 800px\" \/>\t\t\t\t\t\t\t\t\t\t\t\t\t\t\t<\/div>\n\t\t\t\t<\/div>\n\t\t\t\t<div class=\"elementor-element elementor-element-8152841 elementor-widget__width-initial elementor-widget elementor-widget-text-editor\" data-id=\"8152841\" data-element_type=\"widget\" data-widget_type=\"text-editor.default\">\n\t\t\t\t<div class=\"elementor-widget-container\">\n\t\t\t\t\t\t\t\t\t<p>FN 710FR, al\u00fcminyum ve plastik profillere ispanyolet yuvalar\u0131, su tahliye kanallar\u0131, kilit, kol yeri, mente\u015fe, kanal a\u00e7ma gibi bir \u00e7ok frezeleme ve delik delme i\u015flemleri i\u00e7in kullan\u0131l\u0131r.<\/p>\t\t\t\t\t\t\t\t<\/div>\n\t\t\t\t<\/div>\n\t\t\t\t\t<\/div>\n\t\t\t\t<\/div>\n\t\t<div class=\"elementor-element elementor-element-97535ce e-flex e-con-boxed e-con e-parent\" data-id=\"97535ce\" data-element_type=\"container\" data-settings=\"{&quot;background_background&quot;:&quot;classic&quot;}\">\n\t\t\t\t\t<div class=\"e-con-inner\">\n\t\t<div class=\"elementor-element elementor-element-b1de1bf e-con-full e-flex e-con e-child\" data-id=\"b1de1bf\" data-element_type=\"container\">\n\t\t\t\t<div class=\"elementor-element elementor-element-bb1e610 elementor-widget elementor-widget-heading\" data-id=\"bb1e610\" data-element_type=\"widget\" data-widget_type=\"heading.default\">\n\t\t\t\t<div class=\"elementor-widget-container\">\n\t\t\t\t\t<h3 class=\"elementor-heading-title elementor-size-default\">Features<\/h3>\t\t\t\t<\/div>\n\t\t\t\t<\/div>\n\t\t\t\t<div class=\"elementor-element elementor-element-c52effa elementor-widget-divider--view-line elementor-widget elementor-widget-divider\" data-id=\"c52effa\" data-element_type=\"widget\" data-widget_type=\"divider.default\">\n\t\t\t\t<div class=\"elementor-widget-container\">\n\t\t\t\t\t\t\t<div class=\"elementor-divider\">\n\t\t\t<span class=\"elementor-divider-separator\">\n\t\t\t\t\t\t<\/span>\n\t\t<\/div>\n\t\t\t\t\t\t<\/div>\n\t\t\t\t<\/div>\n\t\t\t\t<div class=\"elementor-element elementor-element-c896dd6 elementor-widget elementor-widget-text-editor\" data-id=\"c896dd6\" data-element_type=\"widget\" data-widget_type=\"text-editor.default\">\n\t\t\t\t<div class=\"elementor-widget-container\">\n\t\t\t\t\t\t\t\t\t<p>\u2022 Quality operation for various drilling operations<br \/>\u2022 Copy assembly matching the process<br \/>\u2022 Quality and secure operations by ergonomic design<br \/>\u2022Machine body made of special aluminum alloy<br \/>\u2022 Chrome electroplated copy template<br \/>\u2022 Corrosion proof bearing shaft<br \/>\u2022 Ability to open various channels independently of \n the copy assembly with profile gauges<\/p>\t\t\t\t\t\t\t\t<\/div>\n\t\t\t\t<\/div>\n\t\t\t\t<\/div>\n\t\t<div class=\"elementor-element elementor-element-f0abd7a e-con-full e-flex e-con e-child\" data-id=\"f0abd7a\" data-element_type=\"container\">\n\t\t\t\t<div class=\"elementor-element elementor-element-762d25a elementor-widget elementor-widget-heading\" data-id=\"762d25a\" data-element_type=\"widget\" data-widget_type=\"heading.default\">\n\t\t\t\t<div class=\"elementor-widget-container\">\n\t\t\t\t\t<h3 class=\"elementor-heading-title elementor-size-default\">Standard Equipments<\/h3>\t\t\t\t<\/div>\n\t\t\t\t<\/div>\n\t\t\t\t<div class=\"elementor-element elementor-element-853f5da elementor-widget-divider--view-line elementor-widget elementor-widget-divider\" data-id=\"853f5da\" data-element_type=\"widget\" data-widget_type=\"divider.default\">\n\t\t\t\t<div class=\"elementor-widget-container\">\n\t\t\t\t\t\t\t<div class=\"elementor-divider\">\n\t\t\t<span class=\"elementor-divider-separator\">\n\t\t\t\t\t\t<\/span>\n\t\t<\/div>\n\t\t\t\t\t\t<\/div>\n\t\t\t\t<\/div>\n\t\t\t\t<div class=\"elementor-element elementor-element-f82677a elementor-widget elementor-widget-text-editor\" data-id=\"f82677a\" data-element_type=\"widget\" data-widget_type=\"text-editor.default\">\n\t\t\t\t<div class=\"elementor-widget-container\">\n\t\t\t\t\t\t\t\t\t<div class=\"page\" title=\"\u2022 \u00d8250 mm saw blade\"><div class=\"section\"><div class=\"layoutArea\"><div class=\"column\"><p>\u2022 5mm milling cutter (1 pcs)<br \/>\u2022 2x right and left profile gauge<br \/>\u2022 2x manual horizontal clamp <br \/>\u2022 Copy template aquipped with machine<\/p><\/div><\/div><\/div><\/div>\t\t\t\t\t\t\t\t<\/div>\n\t\t\t\t<\/div>\n\t\t\t\t<div class=\"elementor-element elementor-element-d87ba21 elementor-widget elementor-widget-heading\" data-id=\"d87ba21\" data-element_type=\"widget\" data-widget_type=\"heading.default\">\n\t\t\t\t<div class=\"elementor-widget-container\">\n\t\t\t\t\t<h3 class=\"elementor-heading-title elementor-size-default\">Optional Equipments<\/h3>\t\t\t\t<\/div>\n\t\t\t\t<\/div>\n\t\t\t\t<div class=\"elementor-element elementor-element-213b57c elementor-widget-divider--view-line elementor-widget elementor-widget-divider\" data-id=\"213b57c\" data-element_type=\"widget\" data-widget_type=\"divider.default\">\n\t\t\t\t<div class=\"elementor-widget-container\">\n\t\t\t\t\t\t\t<div class=\"elementor-divider\">\n\t\t\t<span class=\"elementor-divider-separator\">\n\t\t\t\t\t\t<\/span>\n\t\t<\/div>\n\t\t\t\t\t\t<\/div>\n\t\t\t\t<\/div>\n\t\t\t\t<div class=\"elementor-element elementor-element-166045b elementor-widget elementor-widget-text-editor\" data-id=\"166045b\" data-element_type=\"widget\" data-widget_type=\"text-editor.default\">\n\t\t\t\t<div class=\"elementor-widget-container\">\n\t\t\t\t\t\t\t\t\t<div class=\"page\" title=\"\u2022 \u00d8250 mm saw blade\"><div class=\"section\"><div class=\"layoutArea\"><div class=\"column\"><p>\u2022 Additional milling cutter<br \/>\u2022 Special copy assembly<br \/>\u2022 FN ST300 Machine cabinet<\/p><\/div><\/div><\/div><\/div>\t\t\t\t\t\t\t\t<\/div>\n\t\t\t\t<\/div>\n\t\t\t\t<\/div>\n\t\t\t\t\t<\/div>\n\t\t\t\t<\/div>\n\t\t<div class=\"elementor-element elementor-element-8a71cf0 e-flex e-con-boxed e-con e-parent\" data-id=\"8a71cf0\" data-element_type=\"container\" data-settings=\"{&quot;background_background&quot;:&quot;classic&quot;}\">\n\t\t\t\t\t<div class=\"e-con-inner\">\n\t\t\t\t<div class=\"elementor-element elementor-element-a84355d elementor-position-left elementor-view-default elementor-mobile-position-top elementor-invisible elementor-widget elementor-widget-icon-box\" data-id=\"a84355d\" data-element_type=\"widget\" data-settings=\"{&quot;_animation&quot;:&quot;pulse&quot;}\" data-widget_type=\"icon-box.default\">\n\t\t\t\t<div class=\"elementor-widget-container\">\n\t\t\t\t\t\t\t<div class=\"elementor-icon-box-wrapper\">\n\n\t\t\t\t\t\t<div class=\"elementor-icon-box-icon\">\n\t\t\t\t<span  class=\"elementor-icon\">\n\t\t\t\t<svg xmlns=\"http:\/\/www.w3.org\/2000\/svg\" id=\"Layer_1\" data-name=\"Layer 1\" viewbox=\"0 0 24 24\" width=\"512\" height=\"512\"><path d=\"M12,20c-.534,0-1.036-.208-1.414-.586l-5.281-5.281,1.414-1.414,5.281,5.281,5.281-5.281,1.414,1.414-5.281,5.281c-.378,.378-.88,.586-1.414,.586Zm.825-7.001l5.871-5.871-1.414-1.414-5.281,5.282L6.719,5.714l-1.414,1.414,5.873,5.874c.227,.225,.523,.337,.821,.337s.598-.113,.826-.34Z\"><\/path><\/svg>\t\t\t\t<\/span>\n\t\t\t<\/div>\n\t\t\t\n\t\t\t\t\t\t<div class=\"elementor-icon-box-content\">\n\n\t\t\t\t\t\t\t\t\t<h3 class=\"elementor-icon-box-title\">\n\t\t\t\t\t\t<span  >\n\t\t\t\t\t\t\tSee product features\t\t\t\t\t\t<\/span>\n\t\t\t\t\t<\/h3>\n\t\t\t\t\n\t\t\t\t\n\t\t\t<\/div>\n\t\t\t\n\t\t<\/div>\n\t\t\t\t\t\t<\/div>\n\t\t\t\t<\/div>\n\t\t\t\t\t<\/div>\n\t\t\t\t<\/div>\n\t\t<div class=\"elementor-element elementor-element-c1b8711 e-con-full e-flex e-con e-parent\" data-id=\"c1b8711\" data-element_type=\"container\" data-settings=\"{&quot;background_background&quot;:&quot;classic&quot;}\">\n\t\t\t\t<\/div>\n\t\t<div class=\"elementor-element elementor-element-1b98418 e-flex e-con-boxed e-con e-parent\" data-id=\"1b98418\" data-element_type=\"container\" data-settings=\"{&quot;background_background&quot;:&quot;classic&quot;}\">\n\t\t\t\t\t<div class=\"e-con-inner\">\n\t\t\t\t<div class=\"elementor-element elementor-element-63f86dd elementor-widget elementor-widget-heading\" data-id=\"63f86dd\" data-element_type=\"widget\" data-widget_type=\"heading.default\">\n\t\t\t\t<div class=\"elementor-widget-container\">\n\t\t\t\t\t<h2 class=\"elementor-heading-title elementor-size-default\">Technical Specifications<\/h2>\t\t\t\t<\/div>\n\t\t\t\t<\/div>\n\t\t\t\t\t<\/div>\n\t\t\t\t<\/div>\n\t\t<div class=\"elementor-element elementor-element-e7e751b e-grid e-con-boxed e-con e-parent\" data-id=\"e7e751b\" data-element_type=\"container\" data-settings=\"{&quot;background_background&quot;:&quot;classic&quot;}\">\n\t\t\t\t\t<div class=\"e-con-inner\">\n\t\t<div class=\"elementor-element elementor-element-1490c2b e-flex e-con-boxed e-con e-child\" data-id=\"1490c2b\" data-element_type=\"container\" data-settings=\"{&quot;background_background&quot;:&quot;classic&quot;}\">\n\t\t\t\t\t<div class=\"e-con-inner\">\n\t\t\t\t<div class=\"elementor-element elementor-element-08aa393 elementor-widget-mobile__width-inherit elementor-widget elementor-widget-image\" data-id=\"08aa393\" data-element_type=\"widget\" data-widget_type=\"image.default\">\n\t\t\t\t<div class=\"elementor-widget-container\">\n\t\t\t\t\t\t\t\t\t\t\t\t\t\t\t<img decoding=\"async\" width=\"128\" height=\"128\" src=\"https:\/\/fenismakina.com\/wp-content\/uploads\/2024\/09\/Adsiz-tasarim-7.png\" class=\"attachment-medium size-medium wp-image-3462\" alt=\"\" srcset=\"https:\/\/fenismakina.com\/wp-content\/uploads\/2024\/09\/Adsiz-tasarim-7.png 128w, https:\/\/fenismakina.com\/wp-content\/uploads\/2024\/09\/Adsiz-tasarim-7-12x12.png 12w\" sizes=\"(max-width: 128px) 100vw, 128px\" \/>\t\t\t\t\t\t\t\t\t\t\t\t\t\t\t<\/div>\n\t\t\t\t<\/div>\n\t\t\t\t<div class=\"elementor-element elementor-element-08d9431 elementor-widget elementor-widget-text-editor\" data-id=\"08d9431\" data-element_type=\"widget\" data-widget_type=\"text-editor.default\">\n\t\t\t\t<div class=\"elementor-widget-container\">\n\t\t\t\t\t\t\t\t\t<div class=\"page\" title=\"\u2022 \u00d8250 mm saw blade\"><div class=\"section\"><div class=\"layoutArea\"><div class=\"column\"><p>HP 1,5<br \/>kW 1,1<br \/>n 3.000 r.p.m<br \/>V 220-240<br \/>Hz 50-60<br \/>A 3<\/p><\/div><\/div><\/div><\/div>\t\t\t\t\t\t\t\t<\/div>\n\t\t\t\t<\/div>\n\t\t\t\t\t<\/div>\n\t\t\t\t<\/div>\n\t\t<div class=\"elementor-element elementor-element-a360786 e-flex e-con-boxed e-con e-child\" data-id=\"a360786\" data-element_type=\"container\" data-settings=\"{&quot;background_background&quot;:&quot;classic&quot;}\">\n\t\t\t\t\t<div class=\"e-con-inner\">\n\t\t\t\t<div class=\"elementor-element elementor-element-d8c2002 elementor-widget elementor-widget-image\" data-id=\"d8c2002\" data-element_type=\"widget\" data-widget_type=\"image.default\">\n\t\t\t\t<div class=\"elementor-widget-container\">\n\t\t\t\t\t\t\t\t\t\t\t\t\t\t\t<img decoding=\"async\" width=\"300\" height=\"285\" src=\"https:\/\/fenismakina.com\/wp-content\/uploads\/2024\/03\/Varlik-2-2.png\" class=\"attachment-medium size-medium wp-image-816\" alt=\"\" \/>\t\t\t\t\t\t\t\t\t\t\t\t\t\t\t<\/div>\n\t\t\t\t<\/div>\n\t\t\t\t<div class=\"elementor-element elementor-element-591a424 elementor-widget elementor-widget-text-editor\" data-id=\"591a424\" data-element_type=\"widget\" data-widget_type=\"text-editor.default\">\n\t\t\t\t<div class=\"elementor-widget-container\">\n\t\t\t\t\t\t\t\t\t<div class=\"page\" title=\"\u2022 \u00d8250 mm saw blade\"><div class=\"section\"><div class=\"layoutArea\"><div class=\"column\"><p>x 217 mm<br \/>y 125 mm<br \/>z 127 mm<\/p><\/div><\/div><\/div><\/div>\t\t\t\t\t\t\t\t<\/div>\n\t\t\t\t<\/div>\n\t\t\t\t\t<\/div>\n\t\t\t\t<\/div>\n\t\t<div class=\"elementor-element elementor-element-4dc41fa e-flex e-con-boxed e-con e-child\" data-id=\"4dc41fa\" data-element_type=\"container\" data-settings=\"{&quot;background_background&quot;:&quot;classic&quot;}\">\n\t\t\t\t\t<div class=\"e-con-inner\">\n\t\t\t\t<div class=\"elementor-element elementor-element-7359392 elementor-widget-mobile__width-inherit elementor-widget elementor-widget-image\" data-id=\"7359392\" data-element_type=\"widget\" data-widget_type=\"image.default\">\n\t\t\t\t<div class=\"elementor-widget-container\">\n\t\t\t\t\t\t\t\t\t\t\t\t\t\t\t<img loading=\"lazy\" decoding=\"async\" width=\"128\" height=\"128\" src=\"https:\/\/fenismakina.com\/wp-content\/uploads\/2024\/09\/Adsiz-tasarim-9.png\" class=\"attachment-medium size-medium wp-image-3464\" alt=\"\" srcset=\"https:\/\/fenismakina.com\/wp-content\/uploads\/2024\/09\/Adsiz-tasarim-9.png 128w, https:\/\/fenismakina.com\/wp-content\/uploads\/2024\/09\/Adsiz-tasarim-9-12x12.png 12w\" sizes=\"(max-width: 128px) 100vw, 128px\" \/>\t\t\t\t\t\t\t\t\t\t\t\t\t\t\t<\/div>\n\t\t\t\t<\/div>\n\t\t\t\t<div class=\"elementor-element elementor-element-fa8003e elementor-widget elementor-widget-text-editor\" data-id=\"fa8003e\" data-element_type=\"widget\" data-widget_type=\"text-editor.default\">\n\t\t\t\t<div class=\"elementor-widget-container\">\n\t\t\t\t\t\t\t\t\t<div class=\"page\" title=\"\u2022 \u00d8250 mm saw blade\"><div class=\"section\"><div class=\"layoutArea\"><div class=\"column\"><p>600 x 480 x 600 mm<\/p><\/div><\/div><\/div><\/div>\t\t\t\t\t\t\t\t<\/div>\n\t\t\t\t<\/div>\n\t\t\t\t\t<\/div>\n\t\t\t\t<\/div>\n\t\t<div class=\"elementor-element elementor-element-863cb49 e-flex e-con-boxed e-con e-child\" data-id=\"863cb49\" data-element_type=\"container\" data-settings=\"{&quot;background_background&quot;:&quot;classic&quot;}\">\n\t\t\t\t\t<div class=\"e-con-inner\">\n\t\t\t\t<div class=\"elementor-element elementor-element-4525af2 elementor-widget-mobile__width-inherit elementor-widget elementor-widget-image\" data-id=\"4525af2\" data-element_type=\"widget\" data-widget_type=\"image.default\">\n\t\t\t\t<div class=\"elementor-widget-container\">\n\t\t\t\t\t\t\t\t\t\t\t\t\t\t\t<img loading=\"lazy\" decoding=\"async\" width=\"128\" height=\"128\" src=\"https:\/\/fenismakina.com\/wp-content\/uploads\/2024\/09\/Adsiz-tasarim-8.png\" class=\"attachment-medium size-medium wp-image-3463\" alt=\"\" srcset=\"https:\/\/fenismakina.com\/wp-content\/uploads\/2024\/09\/Adsiz-tasarim-8.png 128w, https:\/\/fenismakina.com\/wp-content\/uploads\/2024\/09\/Adsiz-tasarim-8-12x12.png 12w\" sizes=\"(max-width: 128px) 100vw, 128px\" \/>\t\t\t\t\t\t\t\t\t\t\t\t\t\t\t<\/div>\n\t\t\t\t<\/div>\n\t\t\t\t<div class=\"elementor-element elementor-element-0444b1e elementor-widget elementor-widget-text-editor\" data-id=\"0444b1e\" data-element_type=\"widget\" data-widget_type=\"text-editor.default\">\n\t\t\t\t<div class=\"elementor-widget-container\">\n\t\t\t\t\t\t\t\t\t<div class=\"page\" title=\"\u2022 \u00d8250 mm saw blade\"><div class=\"section\"><div class=\"layoutArea\"><div class=\"column\"><p>38 kg \/ 40 kg<\/p><\/div><\/div><\/div><\/div>\t\t\t\t\t\t\t\t<\/div>\n\t\t\t\t<\/div>\n\t\t\t\t\t<\/div>\n\t\t\t\t<\/div>\n\t\t\t\t\t<\/div>\n\t\t\t\t<\/div>\n\t\t\t\t<\/div>","protected":false},"excerpt":{"rendered":"<p>FN 710FR FN 710FR, al\u00fcminyum ve plastik profillere ispanyolet yuvalar\u0131, su tahliye kanallar\u0131, kilit, kol yeri, mente\u015fe, kanal a\u00e7ma gibi bir \u00e7ok frezeleme ve delik delme i\u015flemleri i\u00e7in kullan\u0131l\u0131r. \u00d6zellikler \u2022 \u00c7e\u015fitli delik a\u00e7ma i\u015flemleri i\u00e7in kaliteli operasyon olana\u011f\u0131\u2022 \u0130\u015fleme uygun kopya tertibat\u0131\u2022 Ergonomik tasar\u0131m\u0131 sayesinde g\u00fcvenli ve kaliteli frezeleme operasyonlar\u0131\u2022 \u00d6zel ala\u015f\u0131ml\u0131 al\u00fcminyum d\u00f6k\u00fcm [&hellip;]<\/p>","protected":false},"author":1,"featured_media":0,"parent":671,"menu_order":0,"comment_status":"closed","ping_status":"closed","template":"","meta":{"footnotes":""},"class_list":["post-1062","page","type-page","status-publish","hentry"],"_links":{"self":[{"href":"https:\/\/fenismakina.com\/en\/wp-json\/wp\/v2\/pages\/1062","targetHints":{"allow":["GET"]}}],"collection":[{"href":"https:\/\/fenismakina.com\/en\/wp-json\/wp\/v2\/pages"}],"about":[{"href":"https:\/\/fenismakina.com\/en\/wp-json\/wp\/v2\/types\/page"}],"author":[{"embeddable":true,"href":"https:\/\/fenismakina.com\/en\/wp-json\/wp\/v2\/users\/1"}],"replies":[{"embeddable":true,"href":"https:\/\/fenismakina.com\/en\/wp-json\/wp\/v2\/comments?post=1062"}],"version-history":[{"count":37,"href":"https:\/\/fenismakina.com\/en\/wp-json\/wp\/v2\/pages\/1062\/revisions"}],"predecessor-version":[{"id":3881,"href":"https:\/\/fenismakina.com\/en\/wp-json\/wp\/v2\/pages\/1062\/revisions\/3881"}],"up":[{"embeddable":true,"href":"https:\/\/fenismakina.com\/en\/wp-json\/wp\/v2\/pages\/671"}],"wp:attachment":[{"href":"https:\/\/fenismakina.com\/en\/wp-json\/wp\/v2\/media?parent=1062"}],"curies":[{"name":"wp","href":"https:\/\/api.w.org\/{rel}","templated":true}]}}