{"id":1028,"date":"2024-03-19T10:24:57","date_gmt":"2024-03-19T07:24:57","guid":{"rendered":"https:\/\/peronmedya.com\/fenis\/?page_id=1028"},"modified":"2025-05-23T14:54:39","modified_gmt":"2025-05-23T11:54:39","slug":"fn-2500","status":"publish","type":"page","link":"https:\/\/fenismakina.com\/en\/urunler\/fn-2500\/","title":{"rendered":"FN 2500 4 Head Aluminium Hinge Slot Drilling Machine"},"content":{"rendered":"<div data-elementor-type=\"wp-page\" data-elementor-id=\"1028\" class=\"elementor elementor-1028\" data-elementor-post-type=\"page\">\n\t\t\t\t<div class=\"elementor-element elementor-element-2a2e237 e-flex e-con-boxed e-con e-parent\" data-id=\"2a2e237\" data-element_type=\"container\" data-settings=\"{&quot;background_background&quot;:&quot;classic&quot;}\">\n\t\t\t\t\t<div class=\"e-con-inner\">\n\t\t\t\t<div class=\"elementor-element elementor-element-a0ed36c elementor-widget elementor-widget-heading\" data-id=\"a0ed36c\" data-element_type=\"widget\" data-settings=\"{&quot;motion_fx_motion_fx_scrolling&quot;:&quot;yes&quot;,&quot;motion_fx_scale_effect&quot;:&quot;yes&quot;,&quot;motion_fx_scale_range&quot;:{&quot;unit&quot;:&quot;%&quot;,&quot;size&quot;:&quot;&quot;,&quot;sizes&quot;:{&quot;start&quot;:50,&quot;end&quot;:100}},&quot;motion_fx_scale_direction&quot;:&quot;out-in&quot;,&quot;motion_fx_scale_speed&quot;:{&quot;unit&quot;:&quot;px&quot;,&quot;size&quot;:4,&quot;sizes&quot;:[]},&quot;motion_fx_devices&quot;:[&quot;desktop&quot;,&quot;tablet&quot;,&quot;mobile&quot;]}\" data-widget_type=\"heading.default\">\n\t\t\t\t<div class=\"elementor-widget-container\">\n\t\t\t\t\t<h2 class=\"elementor-heading-title elementor-size-default\">FN 2500<\/h2>\t\t\t\t<\/div>\n\t\t\t\t<\/div>\n\t\t\t\t<div class=\"elementor-element elementor-element-30b7146 elementor-widget elementor-widget-image\" data-id=\"30b7146\" data-element_type=\"widget\" data-settings=\"{&quot;motion_fx_motion_fx_scrolling&quot;:&quot;yes&quot;,&quot;motion_fx_scale_effect&quot;:&quot;yes&quot;,&quot;motion_fx_scale_direction&quot;:&quot;out-in&quot;,&quot;motion_fx_scale_speed&quot;:{&quot;unit&quot;:&quot;px&quot;,&quot;size&quot;:4,&quot;sizes&quot;:[]},&quot;motion_fx_scale_range&quot;:{&quot;unit&quot;:&quot;%&quot;,&quot;size&quot;:&quot;&quot;,&quot;sizes&quot;:{&quot;start&quot;:20,&quot;end&quot;:80}},&quot;motion_fx_devices&quot;:[&quot;desktop&quot;,&quot;tablet&quot;,&quot;mobile&quot;]}\" data-widget_type=\"image.default\">\n\t\t\t\t<div class=\"elementor-widget-container\">\n\t\t\t\t\t\t\t\t\t\t\t\t\t\t\t<img fetchpriority=\"high\" decoding=\"async\" width=\"800\" height=\"630\" src=\"https:\/\/fenismakina.com\/wp-content\/uploads\/2025\/05\/fn2500-1-e1747384378110-1024x807.png\" class=\"attachment-large size-large wp-image-4886\" alt=\"\" srcset=\"https:\/\/fenismakina.com\/wp-content\/uploads\/2025\/05\/fn2500-1-e1747384378110-1024x807.png 1024w, https:\/\/fenismakina.com\/wp-content\/uploads\/2025\/05\/fn2500-1-e1747384378110-300x237.png 300w, https:\/\/fenismakina.com\/wp-content\/uploads\/2025\/05\/fn2500-1-e1747384378110-768x606.png 768w, https:\/\/fenismakina.com\/wp-content\/uploads\/2025\/05\/fn2500-1-e1747384378110-15x12.png 15w, https:\/\/fenismakina.com\/wp-content\/uploads\/2025\/05\/fn2500-1-e1747384378110.png 1357w\" sizes=\"(max-width: 800px) 100vw, 800px\" \/>\t\t\t\t\t\t\t\t\t\t\t\t\t\t\t<\/div>\n\t\t\t\t<\/div>\n\t\t\t\t<div class=\"elementor-element elementor-element-26262e7 elementor-widget__width-initial elementor-widget-mobile__width-inherit elementor-widget elementor-widget-text-editor\" data-id=\"26262e7\" data-element_type=\"widget\" data-widget_type=\"text-editor.default\">\n\t\t\t\t<div class=\"elementor-widget-container\">\n\t\t\t\t\t\t\t\t\t<p>- FN2500, used for drilling 4 hinge slots at the same time on aluminium materials in standard and preciely with hydro-pneumatic motion.<\/p>\t\t\t\t\t\t\t\t<\/div>\n\t\t\t\t<\/div>\n\t\t\t\t\t<\/div>\n\t\t\t\t<\/div>\n\t\t<div class=\"elementor-element elementor-element-97535ce e-flex e-con-boxed e-con e-parent\" data-id=\"97535ce\" data-element_type=\"container\" data-settings=\"{&quot;background_background&quot;:&quot;classic&quot;}\">\n\t\t\t\t\t<div class=\"e-con-inner\">\n\t\t<div class=\"elementor-element elementor-element-b1de1bf e-con-full e-flex e-con e-child\" data-id=\"b1de1bf\" data-element_type=\"container\">\n\t\t\t\t<div class=\"elementor-element elementor-element-b5d929a elementor-widget elementor-widget-heading\" data-id=\"b5d929a\" data-element_type=\"widget\" data-widget_type=\"heading.default\">\n\t\t\t\t<div class=\"elementor-widget-container\">\n\t\t\t\t\t<h3 class=\"elementor-heading-title elementor-size-default\">Features<\/h3>\t\t\t\t<\/div>\n\t\t\t\t<\/div>\n\t\t\t\t<div class=\"elementor-element elementor-element-cf33d2d elementor-widget-divider--view-line elementor-widget elementor-widget-divider\" data-id=\"cf33d2d\" data-element_type=\"widget\" data-widget_type=\"divider.default\">\n\t\t\t\t<div class=\"elementor-widget-container\">\n\t\t\t\t\t\t\t<div class=\"elementor-divider\">\n\t\t\t<span class=\"elementor-divider-separator\">\n\t\t\t\t\t\t<\/span>\n\t\t<\/div>\n\t\t\t\t\t\t<\/div>\n\t\t\t\t<\/div>\n\t\t\t\t<div class=\"elementor-element elementor-element-c896dd6 elementor-widget elementor-widget-text-editor\" data-id=\"c896dd6\" data-element_type=\"widget\" data-widget_type=\"text-editor.default\">\n\t\t\t\t<div class=\"elementor-widget-container\">\n\t\t\t\t\t\t\t\t\t<p>\u2022 Drills 2  hinge slots in desired size at the same time<br \/>\u2022 Precision hinge slot drilling operations with \n Hydro-Pneumatic motion<br \/>\u2022 Digital position measurement indicator<br \/>\u2022 Practically allows adjustment of slot depth<br \/>\u2022 Processing time is 10 seconds for aluminum \n materials with minimum maximum size<br \/>\u2022 All motors are moving on the machine<br \/>\u2022 Possibility to drilling 1,2 or 3 hinge slots optionally thanks to independent motors<br \/>\u2022 Scale at the back gauge allows accurate and easy adjustment<br \/>\u2022 Quality and safe hinge slot drilling operations with pneumatic vertical clamps<br \/>4 hinges on the lid are drilling in a single process for serial production<br \/>\u2022 Dust collection area<\/p>\t\t\t\t\t\t\t\t<\/div>\n\t\t\t\t<\/div>\n\t\t\t\t<\/div>\n\t\t<div class=\"elementor-element elementor-element-f0abd7a e-con-full e-flex e-con e-child\" data-id=\"f0abd7a\" data-element_type=\"container\">\n\t\t\t\t<div class=\"elementor-element elementor-element-762d25a elementor-widget elementor-widget-heading\" data-id=\"762d25a\" data-element_type=\"widget\" data-widget_type=\"heading.default\">\n\t\t\t\t<div class=\"elementor-widget-container\">\n\t\t\t\t\t<h3 class=\"elementor-heading-title elementor-size-default\">Standard Equipments<\/h3>\t\t\t\t<\/div>\n\t\t\t\t<\/div>\n\t\t\t\t<div class=\"elementor-element elementor-element-853f5da elementor-widget-divider--view-line elementor-widget elementor-widget-divider\" data-id=\"853f5da\" data-element_type=\"widget\" data-widget_type=\"divider.default\">\n\t\t\t\t<div class=\"elementor-widget-container\">\n\t\t\t\t\t\t\t<div class=\"elementor-divider\">\n\t\t\t<span class=\"elementor-divider-separator\">\n\t\t\t\t\t\t<\/span>\n\t\t<\/div>\n\t\t\t\t\t\t<\/div>\n\t\t\t\t<\/div>\n\t\t\t\t<div class=\"elementor-element elementor-element-f82677a elementor-widget elementor-widget-text-editor\" data-id=\"f82677a\" data-element_type=\"widget\" data-widget_type=\"text-editor.default\">\n\t\t\t\t<div class=\"elementor-widget-container\">\n\t\t\t\t\t\t\t\t\t<div class=\"page\" title=\"\u2022 \u00d8250 mm saw blade\"><div class=\"section\"><div class=\"layoutArea\"><div class=\"column\"><p>\u2022 4x punching blades<br \/>\u2022 4x pneumatic vertical clamps<br \/>\u2022 Air gun<br \/>\u2022 Cooling system<\/p><\/div><\/div><\/div><\/div>\t\t\t\t\t\t\t\t<\/div>\n\t\t\t\t<\/div>\n\t\t\t\t<div class=\"elementor-element elementor-element-8cd2ede elementor-widget elementor-widget-heading\" data-id=\"8cd2ede\" data-element_type=\"widget\" data-widget_type=\"heading.default\">\n\t\t\t\t<div class=\"elementor-widget-container\">\n\t\t\t\t\t<h3 class=\"elementor-heading-title elementor-size-default\">Optional Equipments<\/h3>\t\t\t\t<\/div>\n\t\t\t\t<\/div>\n\t\t\t\t<div class=\"elementor-element elementor-element-c1122d2 elementor-widget-divider--view-line elementor-widget elementor-widget-divider\" data-id=\"c1122d2\" data-element_type=\"widget\" data-widget_type=\"divider.default\">\n\t\t\t\t<div class=\"elementor-widget-container\">\n\t\t\t\t\t\t\t<div class=\"elementor-divider\">\n\t\t\t<span class=\"elementor-divider-separator\">\n\t\t\t\t\t\t<\/span>\n\t\t<\/div>\n\t\t\t\t\t\t<\/div>\n\t\t\t\t<\/div>\n\t\t\t\t<div class=\"elementor-element elementor-element-aa5a9bf elementor-widget elementor-widget-text-editor\" data-id=\"aa5a9bf\" data-element_type=\"widget\" data-widget_type=\"text-editor.default\">\n\t\t\t\t<div class=\"elementor-widget-container\">\n\t\t\t\t\t\t\t\t\t<div class=\"page\" title=\"\u2022 \u00d8250 mm saw blade\"><div class=\"section\"><div class=\"layoutArea\"><div class=\"column\"><p>\u2022 Extra motor<br \/>\u2022 4x digital position measurement indicator<\/p><\/div><\/div><\/div><\/div>\t\t\t\t\t\t\t\t<\/div>\n\t\t\t\t<\/div>\n\t\t\t\t<\/div>\n\t\t\t\t\t<\/div>\n\t\t\t\t<\/div>\n\t\t<div class=\"elementor-element elementor-element-8a71cf0 e-flex e-con-boxed e-con e-parent\" data-id=\"8a71cf0\" data-element_type=\"container\" data-settings=\"{&quot;background_background&quot;:&quot;classic&quot;}\">\n\t\t\t\t\t<div class=\"e-con-inner\">\n\t\t\t\t<div class=\"elementor-element elementor-element-a84355d elementor-position-left elementor-view-default elementor-mobile-position-top elementor-invisible elementor-widget elementor-widget-icon-box\" data-id=\"a84355d\" data-element_type=\"widget\" data-settings=\"{&quot;_animation&quot;:&quot;pulse&quot;}\" data-widget_type=\"icon-box.default\">\n\t\t\t\t<div class=\"elementor-widget-container\">\n\t\t\t\t\t\t\t<div class=\"elementor-icon-box-wrapper\">\n\n\t\t\t\t\t\t<div class=\"elementor-icon-box-icon\">\n\t\t\t\t<span  class=\"elementor-icon\">\n\t\t\t\t<svg xmlns=\"http:\/\/www.w3.org\/2000\/svg\" id=\"Layer_1\" data-name=\"Layer 1\" viewbox=\"0 0 24 24\" width=\"512\" height=\"512\"><path d=\"M12,20c-.534,0-1.036-.208-1.414-.586l-5.281-5.281,1.414-1.414,5.281,5.281,5.281-5.281,1.414,1.414-5.281,5.281c-.378,.378-.88,.586-1.414,.586Zm.825-7.001l5.871-5.871-1.414-1.414-5.281,5.282L6.719,5.714l-1.414,1.414,5.873,5.874c.227,.225,.523,.337,.821,.337s.598-.113,.826-.34Z\"><\/path><\/svg>\t\t\t\t<\/span>\n\t\t\t<\/div>\n\t\t\t\n\t\t\t\t\t\t<div class=\"elementor-icon-box-content\">\n\n\t\t\t\t\t\t\t\t\t<h3 class=\"elementor-icon-box-title\">\n\t\t\t\t\t\t<span  >\n\t\t\t\t\t\t\tSee product features\t\t\t\t\t\t<\/span>\n\t\t\t\t\t<\/h3>\n\t\t\t\t\n\t\t\t\t\n\t\t\t<\/div>\n\t\t\t\n\t\t<\/div>\n\t\t\t\t\t\t<\/div>\n\t\t\t\t<\/div>\n\t\t\t\t\t<\/div>\n\t\t\t\t<\/div>\n\t\t<div class=\"elementor-element elementor-element-c1b8711 e-con-full e-flex e-con e-parent\" data-id=\"c1b8711\" data-element_type=\"container\" data-settings=\"{&quot;background_background&quot;:&quot;classic&quot;}\">\n\t\t\t\t<div class=\"elementor-element elementor-element-c0903a5 elementor-view-default elementor-widget elementor-widget-icon\" data-id=\"c0903a5\" data-element_type=\"widget\" data-widget_type=\"icon.default\">\n\t\t\t\t<div class=\"elementor-widget-container\">\n\t\t\t\t\t\t\t<div class=\"elementor-icon-wrapper\">\n\t\t\t<a class=\"elementor-icon\" href=\"#elementor-action%3Aaction%3Dlightbox%26settings%3DeyJ0eXBlIjoidmlkZW8iLCJ2aWRlb1R5cGUiOiJob3N0ZWQiLCJ1cmwiOiJodHRwczpcL1wvZmVuaXNtYWtpbmEuY29tXC93cC1jb250ZW50XC91cGxvYWRzXC8yMDI0XC8xMFwveTJtYXRlLmNvbS1GTi0yNTAwLTQtSGVhZC1BbHVtaW51bS1IaW5nZS1TbG90LURyaWxsaW5nLU1hY2hpbmUtaHlkcm9wbmV1bWF0aWMtRmVuaXMtTWFjaGluZXJ5X3Y3MjBQLTEubXA0In0%3D\">\n\t\t\t<svg aria-hidden=\"true\" class=\"e-font-icon-svg e-fas-play-circle\" viewbox=\"0 0 512 512\" xmlns=\"http:\/\/www.w3.org\/2000\/svg\"><path d=\"M256 8C119 8 8 119 8 256s111 248 248 248 248-111 248-248S393 8 256 8zm115.7 272l-176 101c-15.8 8.8-35.7-2.5-35.7-21V152c0-18.4 19.8-29.8 35.7-21l176 107c16.4 9.2 16.4 32.9 0 42z\"><\/path><\/svg>\t\t\t<\/a>\n\t\t<\/div>\n\t\t\t\t\t\t<\/div>\n\t\t\t\t<\/div>\n\t\t\t\t<\/div>\n\t\t<div class=\"elementor-element elementor-element-1b98418 e-flex e-con-boxed e-con e-parent\" data-id=\"1b98418\" data-element_type=\"container\" data-settings=\"{&quot;background_background&quot;:&quot;classic&quot;}\">\n\t\t\t\t\t<div class=\"e-con-inner\">\n\t\t\t\t<div class=\"elementor-element elementor-element-63f86dd elementor-widget elementor-widget-heading\" data-id=\"63f86dd\" data-element_type=\"widget\" data-widget_type=\"heading.default\">\n\t\t\t\t<div class=\"elementor-widget-container\">\n\t\t\t\t\t<h2 class=\"elementor-heading-title elementor-size-default\">Technical Specifications<\/h2>\t\t\t\t<\/div>\n\t\t\t\t<\/div>\n\t\t\t\t\t<\/div>\n\t\t\t\t<\/div>\n\t\t<div class=\"elementor-element elementor-element-e7e751b e-grid e-con-boxed e-con e-parent\" data-id=\"e7e751b\" data-element_type=\"container\" data-settings=\"{&quot;background_background&quot;:&quot;classic&quot;}\">\n\t\t\t\t\t<div class=\"e-con-inner\">\n\t\t<div class=\"elementor-element elementor-element-1490c2b e-flex e-con-boxed e-con e-child\" data-id=\"1490c2b\" data-element_type=\"container\" data-settings=\"{&quot;background_background&quot;:&quot;classic&quot;}\">\n\t\t\t\t\t<div class=\"e-con-inner\">\n\t\t\t\t<div class=\"elementor-element elementor-element-08aa393 elementor-widget-mobile__width-inherit elementor-widget elementor-widget-image\" data-id=\"08aa393\" data-element_type=\"widget\" data-widget_type=\"image.default\">\n\t\t\t\t<div class=\"elementor-widget-container\">\n\t\t\t\t\t\t\t\t\t\t\t\t\t\t\t<img decoding=\"async\" width=\"128\" height=\"128\" src=\"https:\/\/fenismakina.com\/wp-content\/uploads\/2024\/09\/Adsiz-tasarim-7.png\" class=\"attachment-medium size-medium wp-image-3462\" alt=\"\" srcset=\"https:\/\/fenismakina.com\/wp-content\/uploads\/2024\/09\/Adsiz-tasarim-7.png 128w, https:\/\/fenismakina.com\/wp-content\/uploads\/2024\/09\/Adsiz-tasarim-7-12x12.png 12w\" sizes=\"(max-width: 128px) 100vw, 128px\" \/>\t\t\t\t\t\t\t\t\t\t\t\t\t\t\t<\/div>\n\t\t\t\t<\/div>\n\t\t\t\t<div class=\"elementor-element elementor-element-08d9431 elementor-widget elementor-widget-text-editor\" data-id=\"08d9431\" data-element_type=\"widget\" data-widget_type=\"text-editor.default\">\n\t\t\t\t<div class=\"elementor-widget-container\">\n\t\t\t\t\t\t\t\t\t<div class=\"page\" title=\"\u2022 \u00d8250 mm saw blade\"><div class=\"section\"><div class=\"layoutArea\"><div class=\"column\"><p>HP 1,5<br \/>kW 1,1<br \/>n 1400 r.p.m<br \/>V 380-420<br \/>Hz 50-60<br \/>A 3<\/p><\/div><\/div><\/div><\/div>\t\t\t\t\t\t\t\t<\/div>\n\t\t\t\t<\/div>\n\t\t\t\t\t<\/div>\n\t\t\t\t<\/div>\n\t\t<div class=\"elementor-element elementor-element-a360786 e-flex e-con-boxed e-con e-child\" data-id=\"a360786\" data-element_type=\"container\" data-settings=\"{&quot;background_background&quot;:&quot;classic&quot;}\">\n\t\t\t\t\t<div class=\"e-con-inner\">\n\t\t\t\t<div class=\"elementor-element elementor-element-d8c2002 elementor-widget-mobile__width-inherit elementor-widget elementor-widget-image\" data-id=\"d8c2002\" data-element_type=\"widget\" data-widget_type=\"image.default\">\n\t\t\t\t<div class=\"elementor-widget-container\">\n\t\t\t\t\t\t\t\t\t\t\t\t\t\t\t<img decoding=\"async\" width=\"128\" height=\"128\" src=\"https:\/\/fenismakina.com\/wp-content\/uploads\/2024\/09\/Adsiz-tasarim-11.png\" class=\"attachment-medium size-medium wp-image-3466\" alt=\"\" srcset=\"https:\/\/fenismakina.com\/wp-content\/uploads\/2024\/09\/Adsiz-tasarim-11.png 128w, https:\/\/fenismakina.com\/wp-content\/uploads\/2024\/09\/Adsiz-tasarim-11-12x12.png 12w\" sizes=\"(max-width: 128px) 100vw, 128px\" \/>\t\t\t\t\t\t\t\t\t\t\t\t\t\t\t<\/div>\n\t\t\t\t<\/div>\n\t\t\t\t<div class=\"elementor-element elementor-element-591a424 elementor-widget elementor-widget-text-editor\" data-id=\"591a424\" data-element_type=\"widget\" data-widget_type=\"text-editor.default\">\n\t\t\t\t<div class=\"elementor-widget-container\">\n\t\t\t\t\t\t\t\t\t<div class=\"page\" title=\"\u2022 \u00d8250 mm saw blade\"><div class=\"section\"><div class=\"layoutArea\"><div class=\"column\"><p>\u00a035 mm<\/p><\/div><\/div><\/div><\/div>\t\t\t\t\t\t\t\t<\/div>\n\t\t\t\t<\/div>\n\t\t\t\t\t<\/div>\n\t\t\t\t<\/div>\n\t\t<div class=\"elementor-element elementor-element-4dc41fa e-flex e-con-boxed e-con e-child\" data-id=\"4dc41fa\" data-element_type=\"container\" data-settings=\"{&quot;background_background&quot;:&quot;classic&quot;}\">\n\t\t\t\t\t<div class=\"e-con-inner\">\n\t\t\t\t<div class=\"elementor-element elementor-element-4525af2 elementor-widget-mobile__width-inherit elementor-widget elementor-widget-image\" data-id=\"4525af2\" data-element_type=\"widget\" data-widget_type=\"image.default\">\n\t\t\t\t<div class=\"elementor-widget-container\">\n\t\t\t\t\t\t\t\t\t\t\t\t\t\t\t<img loading=\"lazy\" decoding=\"async\" width=\"128\" height=\"128\" src=\"https:\/\/fenismakina.com\/wp-content\/uploads\/2024\/09\/Adsiz-tasarim-10.png\" class=\"attachment-medium size-medium wp-image-3465\" alt=\"\" srcset=\"https:\/\/fenismakina.com\/wp-content\/uploads\/2024\/09\/Adsiz-tasarim-10.png 128w, https:\/\/fenismakina.com\/wp-content\/uploads\/2024\/09\/Adsiz-tasarim-10-12x12.png 12w\" sizes=\"(max-width: 128px) 100vw, 128px\" \/>\t\t\t\t\t\t\t\t\t\t\t\t\t\t\t<\/div>\n\t\t\t\t<\/div>\n\t\t\t\t<div class=\"elementor-element elementor-element-fa8003e elementor-widget elementor-widget-text-editor\" data-id=\"fa8003e\" data-element_type=\"widget\" data-widget_type=\"text-editor.default\">\n\t\t\t\t<div class=\"elementor-widget-container\">\n\t\t\t\t\t\t\t\t\t<div class=\"page\" title=\"\u2022 \u00d8250 mm saw blade\"><div class=\"section\"><div class=\"layoutArea\"><div class=\"column\"><p>6 &#8211; 8 BAR<\/p><\/div><\/div><\/div><\/div>\t\t\t\t\t\t\t\t<\/div>\n\t\t\t\t<\/div>\n\t\t\t\t\t<\/div>\n\t\t\t\t<\/div>\n\t\t<div class=\"elementor-element elementor-element-863cb49 e-flex e-con-boxed e-con e-child\" data-id=\"863cb49\" data-element_type=\"container\" data-settings=\"{&quot;background_background&quot;:&quot;classic&quot;}\">\n\t\t\t\t\t<div class=\"e-con-inner\">\n\t\t\t\t<div class=\"elementor-element elementor-element-7359392 elementor-widget-mobile__width-inherit elementor-widget elementor-widget-image\" data-id=\"7359392\" data-element_type=\"widget\" data-widget_type=\"image.default\">\n\t\t\t\t<div class=\"elementor-widget-container\">\n\t\t\t\t\t\t\t\t\t\t\t\t\t\t\t<img loading=\"lazy\" decoding=\"async\" width=\"128\" height=\"128\" src=\"https:\/\/fenismakina.com\/wp-content\/uploads\/2024\/09\/Adsiz-tasarim-9.png\" class=\"attachment-medium size-medium wp-image-3464\" alt=\"\" srcset=\"https:\/\/fenismakina.com\/wp-content\/uploads\/2024\/09\/Adsiz-tasarim-9.png 128w, https:\/\/fenismakina.com\/wp-content\/uploads\/2024\/09\/Adsiz-tasarim-9-12x12.png 12w\" sizes=\"(max-width: 128px) 100vw, 128px\" \/>\t\t\t\t\t\t\t\t\t\t\t\t\t\t\t<\/div>\n\t\t\t\t<\/div>\n\t\t\t\t<div class=\"elementor-element elementor-element-0444b1e elementor-widget elementor-widget-text-editor\" data-id=\"0444b1e\" data-element_type=\"widget\" data-widget_type=\"text-editor.default\">\n\t\t\t\t<div class=\"elementor-widget-container\">\n\t\t\t\t\t\t\t\t\t<div class=\"page\" title=\"\u2022 \u00d8250 mm saw blade\"><div class=\"section\"><div class=\"layoutArea\"><div class=\"column\"><p>2500x800x1310mm<\/p><\/div><\/div><\/div><\/div>\t\t\t\t\t\t\t\t<\/div>\n\t\t\t\t<\/div>\n\t\t\t\t\t<\/div>\n\t\t\t\t<\/div>\n\t\t<div class=\"elementor-element elementor-element-1a679e1 e-flex e-con-boxed e-con e-child\" data-id=\"1a679e1\" data-element_type=\"container\" data-settings=\"{&quot;background_background&quot;:&quot;classic&quot;}\">\n\t\t\t\t\t<div class=\"e-con-inner\">\n\t\t\t\t<div class=\"elementor-element elementor-element-4cf2149 elementor-widget-mobile__width-inherit elementor-widget elementor-widget-image\" data-id=\"4cf2149\" data-element_type=\"widget\" data-widget_type=\"image.default\">\n\t\t\t\t<div class=\"elementor-widget-container\">\n\t\t\t\t\t\t\t\t\t\t\t\t\t\t\t<img loading=\"lazy\" decoding=\"async\" width=\"128\" height=\"128\" src=\"https:\/\/fenismakina.com\/wp-content\/uploads\/2024\/09\/Adsiz-tasarim-8.png\" class=\"attachment-medium size-medium wp-image-3463\" alt=\"\" srcset=\"https:\/\/fenismakina.com\/wp-content\/uploads\/2024\/09\/Adsiz-tasarim-8.png 128w, https:\/\/fenismakina.com\/wp-content\/uploads\/2024\/09\/Adsiz-tasarim-8-12x12.png 12w\" sizes=\"(max-width: 128px) 100vw, 128px\" \/>\t\t\t\t\t\t\t\t\t\t\t\t\t\t\t<\/div>\n\t\t\t\t<\/div>\n\t\t\t\t<div class=\"elementor-element elementor-element-af37c9f elementor-widget elementor-widget-text-editor\" data-id=\"af37c9f\" data-element_type=\"widget\" data-widget_type=\"text-editor.default\">\n\t\t\t\t<div class=\"elementor-widget-container\">\n\t\t\t\t\t\t\t\t\t<div class=\"page\" title=\"\u2022 \u00d8250 mm saw blade\"><div class=\"section\"><div class=\"layoutArea\"><div class=\"column\"><p>320 kg<\/p><\/div><\/div><\/div><\/div>\t\t\t\t\t\t\t\t<\/div>\n\t\t\t\t<\/div>\n\t\t\t\t\t<\/div>\n\t\t\t\t<\/div>\n\t\t\t\t\t<\/div>\n\t\t\t\t<\/div>\n\t\t\t\t<\/div>","protected":false},"excerpt":{"rendered":"<p>FN 2500 FN 2500, al\u00fcminyum malzemelere hidro pn\u00f6matik hareketle standart ve hassas \u015fekilde ayn\u0131 anda 4 mente\u015fe yuvas\u0131 a\u00e7ma operasyonlar\u0131 i\u00e7in kullan\u0131l\u0131r. \u00d6zellikler \u2022 \u0130stenen \u00f6l\u00e7\u00fcde mente\u015fe yuvalar\u0131n\u0131 a\u00e7ma operasyonlar\u0131\u2022 Hidro pn\u00f6matik hareket sayesinde hassas mente\u015fe yeri a\u00e7ma imkan\u0131\u2022 Dijital pozisyon \u00f6l\u00e7\u00fc g\u00f6stergesi\u2022 Pratik yuva derinli\u011fi ayarlama imkan\u0131\u2022 Min &#8211; max. ebattaki al\u00fcminyum malzemenin i\u015flem [&hellip;]<\/p>","protected":false},"author":1,"featured_media":0,"parent":671,"menu_order":0,"comment_status":"closed","ping_status":"closed","template":"","meta":{"footnotes":""},"class_list":["post-1028","page","type-page","status-publish","hentry"],"_links":{"self":[{"href":"https:\/\/fenismakina.com\/en\/wp-json\/wp\/v2\/pages\/1028","targetHints":{"allow":["GET"]}}],"collection":[{"href":"https:\/\/fenismakina.com\/en\/wp-json\/wp\/v2\/pages"}],"about":[{"href":"https:\/\/fenismakina.com\/en\/wp-json\/wp\/v2\/types\/page"}],"author":[{"embeddable":true,"href":"https:\/\/fenismakina.com\/en\/wp-json\/wp\/v2\/users\/1"}],"replies":[{"embeddable":true,"href":"https:\/\/fenismakina.com\/en\/wp-json\/wp\/v2\/comments?post=1028"}],"version-history":[{"count":32,"href":"https:\/\/fenismakina.com\/en\/wp-json\/wp\/v2\/pages\/1028\/revisions"}],"predecessor-version":[{"id":4950,"href":"https:\/\/fenismakina.com\/en\/wp-json\/wp\/v2\/pages\/1028\/revisions\/4950"}],"up":[{"embeddable":true,"href":"https:\/\/fenismakina.com\/en\/wp-json\/wp\/v2\/pages\/671"}],"wp:attachment":[{"href":"https:\/\/fenismakina.com\/en\/wp-json\/wp\/v2\/media?parent=1028"}],"curies":[{"name":"wp","href":"https:\/\/api.w.org\/{rel}","templated":true}]}}