{"id":102,"date":"2024-02-09T11:14:26","date_gmt":"2024-02-09T11:14:26","guid":{"rendered":"https:\/\/peronmedya.com\/fenis\/?page_id=102"},"modified":"2024-09-20T13:25:48","modified_gmt":"2024-09-20T10:25:48","slug":"hakkimizda","status":"publish","type":"page","link":"https:\/\/fenismakina.com\/en\/hakkimizda\/","title":{"rendered":"About Us"},"content":{"rendered":"<div data-elementor-type=\"wp-page\" data-elementor-id=\"102\" class=\"elementor elementor-102\" data-elementor-post-type=\"page\">\n\t\t\t\t<div class=\"elementor-element elementor-element-90d6bf6 e-flex e-con-boxed e-con e-parent\" data-id=\"90d6bf6\" data-element_type=\"container\" data-settings=\"{&quot;background_background&quot;:&quot;classic&quot;}\">\n\t\t\t\t\t<div class=\"e-con-inner\">\n\t\t\t\t<div class=\"elementor-element elementor-element-2f5495a elementor-widget__width-inherit elementor-widget-mobile__width-inherit elementor-widget elementor-widget-heading\" data-id=\"2f5495a\" data-element_type=\"widget\" data-widget_type=\"heading.default\">\n\t\t\t\t<div class=\"elementor-widget-container\">\n\t\t\t\t\t<h1 class=\"elementor-heading-title elementor-size-default\">Machinery manufacturing since 1970<\/h1>\t\t\t\t<\/div>\n\t\t\t\t<\/div>\n\t\t\t\t<div class=\"elementor-element elementor-element-ed0f416 elementor-widget__width-initial elementor-widget-mobile__width-inherit elementor-widget elementor-widget-text-editor\" data-id=\"ed0f416\" data-element_type=\"widget\" data-widget_type=\"text-editor.default\">\n\t\t\t\t<div class=\"elementor-widget-container\">\n\t\t\t\t\t\t\t\t\tFEN-\u0130\u015e MAK\u0130NA stepped into the machinery manufacturing sector in 1970 with the production of carpenter sanding machines by Durmu\u015f AKKU\u015e, and has developed its production with sanding stone motors since 1974.\t\t\t\t\t\t\t\t<\/div>\n\t\t\t\t<\/div>\n\t\t<div class=\"elementor-element elementor-element-12bb979 e-con-full e-flex e-con e-child\" data-id=\"12bb979\" data-element_type=\"container\">\n\t\t\t\t<div class=\"elementor-element elementor-element-84301f8 elementor-widget elementor-widget-counter\" data-id=\"84301f8\" data-element_type=\"widget\" data-widget_type=\"counter.default\">\n\t\t\t\t<div class=\"elementor-widget-container\">\n\t\t\t\t\t\t\t<div class=\"elementor-counter\">\n\t\t\t<div class=\"elementor-counter-title\">Years of experience<\/div>\t\t\t<div class=\"elementor-counter-number-wrapper\">\n\t\t\t\t<span class=\"elementor-counter-number-prefix\"><\/span>\n\t\t\t\t<span class=\"elementor-counter-number\" data-duration=\"2000\" data-to-value=\"50\" data-from-value=\"0\" data-delimiter=\",\">0<\/span>\n\t\t\t\t<span class=\"elementor-counter-number-suffix\">+<\/span>\n\t\t\t<\/div>\n\t\t<\/div>\n\t\t\t\t\t\t<\/div>\n\t\t\t\t<\/div>\n\t\t\t\t<div class=\"elementor-element elementor-element-9326d39 elementor-widget elementor-widget-counter\" data-id=\"9326d39\" data-element_type=\"widget\" data-widget_type=\"counter.default\">\n\t\t\t\t<div class=\"elementor-widget-container\">\n\t\t\t\t\t\t\t<div class=\"elementor-counter\">\n\t\t\t<div class=\"elementor-counter-title\">Export in the country<\/div>\t\t\t<div class=\"elementor-counter-number-wrapper\">\n\t\t\t\t<span class=\"elementor-counter-number-prefix\"><\/span>\n\t\t\t\t<span class=\"elementor-counter-number\" data-duration=\"2000\" data-to-value=\"50\" data-from-value=\"0\" data-delimiter=\",\">0<\/span>\n\t\t\t\t<span class=\"elementor-counter-number-suffix\">+<\/span>\n\t\t\t<\/div>\n\t\t<\/div>\n\t\t\t\t\t\t<\/div>\n\t\t\t\t<\/div>\n\t\t\t\t<\/div>\n\t\t\t\t\t<\/div>\n\t\t\t\t<\/div>\n\t\t<div class=\"elementor-element elementor-element-933cee7 e-flex e-con-boxed e-con e-parent\" data-id=\"933cee7\" data-element_type=\"container\" data-settings=\"{&quot;background_background&quot;:&quot;classic&quot;}\">\n\t\t\t\t\t<div class=\"e-con-inner\">\n\t\t<div class=\"elementor-element elementor-element-fca19b8 e-con-full e-flex e-con e-child\" data-id=\"fca19b8\" data-element_type=\"container\">\n\t\t\t\t<div class=\"elementor-element elementor-element-d4e27b2 elementor-widget elementor-widget-heading\" data-id=\"d4e27b2\" data-element_type=\"widget\" data-widget_type=\"heading.default\">\n\t\t\t\t<div class=\"elementor-widget-container\">\n\t\t\t\t\t<h2 class=\"elementor-heading-title elementor-size-default\">The Founding Story of Our Company<\/h2>\t\t\t\t<\/div>\n\t\t\t\t<\/div>\n\t\t\t\t<div class=\"elementor-element elementor-element-4cb0bf3 elementor-widget__width-initial elementor-widget elementor-widget-text-editor\" data-id=\"4cb0bf3\" data-element_type=\"widget\" data-widget_type=\"text-editor.default\">\n\t\t\t\t<div class=\"elementor-widget-container\">\n\t\t\t\t\t\t\t\t\t<p>FEN-\u0130\u015e MAK\u0130NA stepped into the machinery manufacturing sector in 1970 with the production of carpenter sanding machines by Durmu\u015f AKKU\u015e, and has developed its production with sanding stone motors since 1974. Since 1990, it has continued to develop its product range by including portable miter cutting machines used for cutting wood, aluminum and PVC, as well as dovetail machines, cup hinge opening machines and various wood processing machines, taking into account the needs of the sector.<\/p><p>Fen-i\u015f Makina, which produces aluminum, PVC and wood processing machines with a wide product range, has become a brand that produces machines for the needs of three different sectors and can also offer personalized solutions according to demand.<\/p>\t\t\t\t\t\t\t\t<\/div>\n\t\t\t\t<\/div>\n\t\t\t\t<\/div>\n\t\t<div class=\"elementor-element elementor-element-33849c9 e-con-full e-flex e-con e-child\" data-id=\"33849c9\" data-element_type=\"container\">\n\t\t\t\t<div class=\"elementor-element elementor-element-50f9c58 elementor-widget elementor-widget-image\" data-id=\"50f9c58\" data-element_type=\"widget\" data-widget_type=\"image.default\">\n\t\t\t\t<div class=\"elementor-widget-container\">\n\t\t\t\t\t\t\t\t\t\t\t\t\t\t\t<img fetchpriority=\"high\" decoding=\"async\" width=\"800\" height=\"513\" src=\"https:\/\/fenismakina.com\/wp-content\/uploads\/2024\/08\/PHOTO-2024-08-07-09-55-44-2-1024x656.png\" class=\"attachment-large size-large wp-image-3238\" alt=\"\" srcset=\"https:\/\/fenismakina.com\/wp-content\/uploads\/2024\/08\/PHOTO-2024-08-07-09-55-44-2-1024x656.png 1024w, https:\/\/fenismakina.com\/wp-content\/uploads\/2024\/08\/PHOTO-2024-08-07-09-55-44-2-300x192.png 300w, https:\/\/fenismakina.com\/wp-content\/uploads\/2024\/08\/PHOTO-2024-08-07-09-55-44-2-768x492.png 768w, https:\/\/fenismakina.com\/wp-content\/uploads\/2024\/08\/PHOTO-2024-08-07-09-55-44-2-1536x985.png 1536w, https:\/\/fenismakina.com\/wp-content\/uploads\/2024\/08\/PHOTO-2024-08-07-09-55-44-2-18x12.png 18w, https:\/\/fenismakina.com\/wp-content\/uploads\/2024\/08\/PHOTO-2024-08-07-09-55-44-2.png 1560w\" sizes=\"(max-width: 800px) 100vw, 800px\" \/>\t\t\t\t\t\t\t\t\t\t\t\t\t\t\t<\/div>\n\t\t\t\t<\/div>\n\t\t\t\t<\/div>\n\t\t\t\t\t<\/div>\n\t\t\t\t<\/div>\n\t\t<div class=\"elementor-element elementor-element-2696053 e-flex e-con-boxed e-con e-parent\" data-id=\"2696053\" data-element_type=\"container\">\n\t\t\t\t\t<div class=\"e-con-inner\">\n\t\t\t\t<div class=\"elementor-element elementor-element-341af1b elementor-widget elementor-widget-heading\" data-id=\"341af1b\" data-element_type=\"widget\" data-widget_type=\"heading.default\">\n\t\t\t\t<div class=\"elementor-widget-container\">\n\t\t\t\t\t<h2 class=\"elementor-heading-title elementor-size-default\">Values \u200b\u200bthat guide the work we do<\/h2>\t\t\t\t<\/div>\n\t\t\t\t<\/div>\n\t\t\t\t<div class=\"elementor-element elementor-element-0c37654 elementor-widget__width-initial elementor-widget-mobile__width-inherit elementor-widget elementor-widget-text-editor\" data-id=\"0c37654\" data-element_type=\"widget\" data-widget_type=\"text-editor.default\">\n\t\t\t\t<div class=\"elementor-widget-container\">\n\t\t\t\t\t\t\t\t\tFEN-\u0130\u015e's goal is to create a solution partner for big ideas with innovation and innovation, with a vision that can see the needs of the future today.\n\n\t\t\t\t\t\t\t\t<\/div>\n\t\t\t\t<\/div>\n\t\t\t\t<div class=\"elementor-element elementor-element-1fcd9cb elementor-hidden-desktop elementor-view-default elementor-position-top elementor-mobile-position-top elementor-widget elementor-widget-icon-box\" data-id=\"1fcd9cb\" data-element_type=\"widget\" data-widget_type=\"icon-box.default\">\n\t\t\t\t<div class=\"elementor-widget-container\">\n\t\t\t\t\t\t\t<div class=\"elementor-icon-box-wrapper\">\n\n\t\t\t\t\t\t<div class=\"elementor-icon-box-icon\">\n\t\t\t\t<span  class=\"elementor-icon\">\n\t\t\t\t<svg xmlns=\"http:\/\/www.w3.org\/2000\/svg\" id=\"Layer_1\" height=\"512\" viewbox=\"0 0 24 24\" width=\"512\" data-name=\"Layer 1\"><path d=\"m20 8a8 8 0 1 0 -14 5.274v8.226a2.5 2.5 0 0 0 4.062 1.952l1.626-1.3a.5.5 0 0 1 .624 0l1.626 1.3a2.5 2.5 0 0 0 4.062-1.952v-8.226a7.957 7.957 0 0 0 2-5.274zm-8-6a6 6 0 1 1 -6 6 6.006 6.006 0 0 1 6-6zm3.717 19.948a.491.491 0 0 1 -.529-.06l-1.626-1.3a2.49 2.49 0 0 0 -3.124 0l-1.625 1.3a.5.5 0 0 1 -.813-.388v-6.582a7.935 7.935 0 0 0 8 0v6.582a.487.487 0 0 1 -.283.448z\"><\/path><\/svg>\t\t\t\t<\/span>\n\t\t\t<\/div>\n\t\t\t\n\t\t\t\t\t\t<div class=\"elementor-icon-box-content\">\n\n\t\t\t\t\t\t\t\t\t<h3 class=\"elementor-icon-box-title\">\n\t\t\t\t\t\t<span  >\n\t\t\t\t\t\t\tCertified approved quality\t\t\t\t\t\t<\/span>\n\t\t\t\t\t<\/h3>\n\t\t\t\t\n\t\t\t\t\t\t\t\t\t<p class=\"elementor-icon-box-description\">\n\t\t\t\t\t\tOur company is a brand that has proven its quality with the Quality Management System (ISO 9001) and European Safety Standards Compliance (CE) certificate.\n\n\t\t\t\t\t<\/p>\n\t\t\t\t\n\t\t\t<\/div>\n\t\t\t\n\t\t<\/div>\n\t\t\t\t\t\t<\/div>\n\t\t\t\t<\/div>\n\t\t\t\t<div class=\"elementor-element elementor-element-6deb8b6 elementor-hidden-desktop elementor-view-default elementor-position-top elementor-mobile-position-top elementor-widget elementor-widget-icon-box\" data-id=\"6deb8b6\" data-element_type=\"widget\" data-widget_type=\"icon-box.default\">\n\t\t\t\t<div class=\"elementor-widget-container\">\n\t\t\t\t\t\t\t<div class=\"elementor-icon-box-wrapper\">\n\n\t\t\t\t\t\t<div class=\"elementor-icon-box-icon\">\n\t\t\t\t<span  class=\"elementor-icon\">\n\t\t\t\t<svg xmlns=\"http:\/\/www.w3.org\/2000\/svg\" id=\"Layer_1\" height=\"512\" viewbox=\"0 0 24 24\" width=\"512\" data-name=\"Layer 1\"><path d=\"m20 8a8 8 0 1 0 -14 5.274v8.226a2.5 2.5 0 0 0 4.062 1.952l1.626-1.3a.5.5 0 0 1 .624 0l1.626 1.3a2.5 2.5 0 0 0 4.062-1.952v-8.226a7.957 7.957 0 0 0 2-5.274zm-8-6a6 6 0 1 1 -6 6 6.006 6.006 0 0 1 6-6zm3.717 19.948a.491.491 0 0 1 -.529-.06l-1.626-1.3a2.49 2.49 0 0 0 -3.124 0l-1.625 1.3a.5.5 0 0 1 -.813-.388v-6.582a7.935 7.935 0 0 0 8 0v6.582a.487.487 0 0 1 -.283.448z\"><\/path><\/svg>\t\t\t\t<\/span>\n\t\t\t<\/div>\n\t\t\t\n\t\t\t\t\t\t<div class=\"elementor-icon-box-content\">\n\n\t\t\t\t\t\t\t\t\t<h3 class=\"elementor-icon-box-title\">\n\t\t\t\t\t\t<span  >\n\t\t\t\t\t\t\tHigh technology\t\t\t\t\t\t<\/span>\n\t\t\t\t\t<\/h3>\n\t\t\t\t\n\t\t\t\t\t\t\t\t\t<p class=\"elementor-icon-box-description\">\n\t\t\t\t\t\tThe reason behind our company's success is its ability to accurately identify the needs of the market and offer technological solutions that meet these needs.\t\t\t\t\t<\/p>\n\t\t\t\t\n\t\t\t<\/div>\n\t\t\t\n\t\t<\/div>\n\t\t\t\t\t\t<\/div>\n\t\t\t\t<\/div>\n\t\t\t\t<div class=\"elementor-element elementor-element-586dba6 elementor-hidden-desktop elementor-view-default elementor-position-top elementor-mobile-position-top elementor-widget elementor-widget-icon-box\" data-id=\"586dba6\" data-element_type=\"widget\" data-widget_type=\"icon-box.default\">\n\t\t\t\t<div class=\"elementor-widget-container\">\n\t\t\t\t\t\t\t<div class=\"elementor-icon-box-wrapper\">\n\n\t\t\t\t\t\t<div class=\"elementor-icon-box-icon\">\n\t\t\t\t<span  class=\"elementor-icon\">\n\t\t\t\t<svg xmlns=\"http:\/\/www.w3.org\/2000\/svg\" id=\"Layer_1\" height=\"512\" viewbox=\"0 0 24 24\" width=\"512\" data-name=\"Layer 1\"><path d=\"m20 8a8 8 0 1 0 -14 5.274v8.226a2.5 2.5 0 0 0 4.062 1.952l1.626-1.3a.5.5 0 0 1 .624 0l1.626 1.3a2.5 2.5 0 0 0 4.062-1.952v-8.226a7.957 7.957 0 0 0 2-5.274zm-8-6a6 6 0 1 1 -6 6 6.006 6.006 0 0 1 6-6zm3.717 19.948a.491.491 0 0 1 -.529-.06l-1.626-1.3a2.49 2.49 0 0 0 -3.124 0l-1.625 1.3a.5.5 0 0 1 -.813-.388v-6.582a7.935 7.935 0 0 0 8 0v6.582a.487.487 0 0 1 -.283.448z\"><\/path><\/svg>\t\t\t\t<\/span>\n\t\t\t<\/div>\n\t\t\t\n\t\t\t\t\t\t<div class=\"elementor-icon-box-content\">\n\n\t\t\t\t\t\t\t\t\t<h3 class=\"elementor-icon-box-title\">\n\t\t\t\t\t\t<span  >\n\t\t\t\t\t\t\tDealership and export\t\t\t\t\t\t<\/span>\n\t\t\t\t\t<\/h3>\n\t\t\t\t\n\t\t\t\t\t\t\t\t\t<p class=\"elementor-icon-box-description\">\n\t\t\t\t\t\tOur company continues its sales activities in various countries with an export volume of more than 40 countries abroad.\t\t\t\t\t<\/p>\n\t\t\t\t\n\t\t\t<\/div>\n\t\t\t\n\t\t<\/div>\n\t\t\t\t\t\t<\/div>\n\t\t\t\t<\/div>\n\t\t<div class=\"elementor-element elementor-element-7fd5d86 e-grid e-con-full elementor-hidden-tablet elementor-hidden-mobile e-con e-child\" data-id=\"7fd5d86\" data-element_type=\"container\">\n\t\t\t\t<div class=\"elementor-element elementor-element-5c0c93f elementor-view-default elementor-position-top elementor-mobile-position-top elementor-widget elementor-widget-icon-box\" data-id=\"5c0c93f\" data-element_type=\"widget\" data-widget_type=\"icon-box.default\">\n\t\t\t\t<div class=\"elementor-widget-container\">\n\t\t\t\t\t\t\t<div class=\"elementor-icon-box-wrapper\">\n\n\t\t\t\t\t\t<div class=\"elementor-icon-box-icon\">\n\t\t\t\t<span  class=\"elementor-icon\">\n\t\t\t\t<svg xmlns=\"http:\/\/www.w3.org\/2000\/svg\" id=\"Layer_1\" height=\"512\" viewbox=\"0 0 24 24\" width=\"512\" data-name=\"Layer 1\"><path d=\"m20 8a8 8 0 1 0 -14 5.274v8.226a2.5 2.5 0 0 0 4.062 1.952l1.626-1.3a.5.5 0 0 1 .624 0l1.626 1.3a2.5 2.5 0 0 0 4.062-1.952v-8.226a7.957 7.957 0 0 0 2-5.274zm-8-6a6 6 0 1 1 -6 6 6.006 6.006 0 0 1 6-6zm3.717 19.948a.491.491 0 0 1 -.529-.06l-1.626-1.3a2.49 2.49 0 0 0 -3.124 0l-1.625 1.3a.5.5 0 0 1 -.813-.388v-6.582a7.935 7.935 0 0 0 8 0v6.582a.487.487 0 0 1 -.283.448z\"><\/path><\/svg>\t\t\t\t<\/span>\n\t\t\t<\/div>\n\t\t\t\n\t\t\t\t\t\t<div class=\"elementor-icon-box-content\">\n\n\t\t\t\t\t\t\t\t\t<h3 class=\"elementor-icon-box-title\">\n\t\t\t\t\t\t<span  >\n\t\t\t\t\t\t\tCertified approved quality\t\t\t\t\t\t<\/span>\n\t\t\t\t\t<\/h3>\n\t\t\t\t\n\t\t\t\t\t\t\t\t\t<p class=\"elementor-icon-box-description\">\n\t\t\t\t\t\tOur company is a brand that has proven its quality with the Quality Management System (ISO 9001) and European Safety Standards Compliance (CE) certificate.\n\n\t\t\t\t\t<\/p>\n\t\t\t\t\n\t\t\t<\/div>\n\t\t\t\n\t\t<\/div>\n\t\t\t\t\t\t<\/div>\n\t\t\t\t<\/div>\n\t\t\t\t<div class=\"elementor-element elementor-element-83a7f15 elementor-view-default elementor-position-top elementor-mobile-position-top elementor-widget elementor-widget-icon-box\" data-id=\"83a7f15\" data-element_type=\"widget\" data-widget_type=\"icon-box.default\">\n\t\t\t\t<div class=\"elementor-widget-container\">\n\t\t\t\t\t\t\t<div class=\"elementor-icon-box-wrapper\">\n\n\t\t\t\t\t\t<div class=\"elementor-icon-box-icon\">\n\t\t\t\t<span  class=\"elementor-icon\">\n\t\t\t\t<svg xmlns=\"http:\/\/www.w3.org\/2000\/svg\" id=\"Layer_1\" height=\"512\" viewbox=\"0 0 24 24\" width=\"512\" data-name=\"Layer 1\"><path d=\"m20 8a8 8 0 1 0 -14 5.274v8.226a2.5 2.5 0 0 0 4.062 1.952l1.626-1.3a.5.5 0 0 1 .624 0l1.626 1.3a2.5 2.5 0 0 0 4.062-1.952v-8.226a7.957 7.957 0 0 0 2-5.274zm-8-6a6 6 0 1 1 -6 6 6.006 6.006 0 0 1 6-6zm3.717 19.948a.491.491 0 0 1 -.529-.06l-1.626-1.3a2.49 2.49 0 0 0 -3.124 0l-1.625 1.3a.5.5 0 0 1 -.813-.388v-6.582a7.935 7.935 0 0 0 8 0v6.582a.487.487 0 0 1 -.283.448z\"><\/path><\/svg>\t\t\t\t<\/span>\n\t\t\t<\/div>\n\t\t\t\n\t\t\t\t\t\t<div class=\"elementor-icon-box-content\">\n\n\t\t\t\t\t\t\t\t\t<h3 class=\"elementor-icon-box-title\">\n\t\t\t\t\t\t<span  >\n\t\t\t\t\t\t\tHigh technology\t\t\t\t\t\t<\/span>\n\t\t\t\t\t<\/h3>\n\t\t\t\t\n\t\t\t\t\t\t\t\t\t<p class=\"elementor-icon-box-description\">\n\t\t\t\t\t\tThe reason behind our company's success is its ability to accurately identify the needs of the market and offer technological solutions that meet these needs.\t\t\t\t\t<\/p>\n\t\t\t\t\n\t\t\t<\/div>\n\t\t\t\n\t\t<\/div>\n\t\t\t\t\t\t<\/div>\n\t\t\t\t<\/div>\n\t\t\t\t<div class=\"elementor-element elementor-element-894e356 elementor-view-default elementor-position-top elementor-mobile-position-top elementor-widget elementor-widget-icon-box\" data-id=\"894e356\" data-element_type=\"widget\" data-widget_type=\"icon-box.default\">\n\t\t\t\t<div class=\"elementor-widget-container\">\n\t\t\t\t\t\t\t<div class=\"elementor-icon-box-wrapper\">\n\n\t\t\t\t\t\t<div class=\"elementor-icon-box-icon\">\n\t\t\t\t<span  class=\"elementor-icon\">\n\t\t\t\t<svg xmlns=\"http:\/\/www.w3.org\/2000\/svg\" id=\"Layer_1\" height=\"512\" viewbox=\"0 0 24 24\" width=\"512\" data-name=\"Layer 1\"><path d=\"m20 8a8 8 0 1 0 -14 5.274v8.226a2.5 2.5 0 0 0 4.062 1.952l1.626-1.3a.5.5 0 0 1 .624 0l1.626 1.3a2.5 2.5 0 0 0 4.062-1.952v-8.226a7.957 7.957 0 0 0 2-5.274zm-8-6a6 6 0 1 1 -6 6 6.006 6.006 0 0 1 6-6zm3.717 19.948a.491.491 0 0 1 -.529-.06l-1.626-1.3a2.49 2.49 0 0 0 -3.124 0l-1.625 1.3a.5.5 0 0 1 -.813-.388v-6.582a7.935 7.935 0 0 0 8 0v6.582a.487.487 0 0 1 -.283.448z\"><\/path><\/svg>\t\t\t\t<\/span>\n\t\t\t<\/div>\n\t\t\t\n\t\t\t\t\t\t<div class=\"elementor-icon-box-content\">\n\n\t\t\t\t\t\t\t\t\t<h3 class=\"elementor-icon-box-title\">\n\t\t\t\t\t\t<span  >\n\t\t\t\t\t\t\tDealership and export\t\t\t\t\t\t<\/span>\n\t\t\t\t\t<\/h3>\n\t\t\t\t\n\t\t\t\t\t\t\t\t\t<p class=\"elementor-icon-box-description\">\n\t\t\t\t\t\tFirmam\u0131z, yurt d\u0131\u015f\u0131nda 50 \u00fclkeyi a\u015fk\u0131n ihracat hacmiyle \u00e7e\u015fitli \u00fclkelerde sat\u0131\u015f faaliyetlerini s\u00fcrd\u00fcrmektedir.\t\t\t\t\t<\/p>\n\t\t\t\t\n\t\t\t<\/div>\n\t\t\t\n\t\t<\/div>\n\t\t\t\t\t\t<\/div>\n\t\t\t\t<\/div>\n\t\t\t\t<\/div>\n\t\t\t\t\t<\/div>\n\t\t\t\t<\/div>\n\t\t\t\t<\/div>","protected":false},"excerpt":{"rendered":"<p>1970&#8217;den bug\u00fcne makina imalat\u0131 FEN-\u0130\u015e MAK\u0130NA, 1970 y\u0131l\u0131nda Durmu\u015f AKKU\u015e taraf\u0131ndan marangoz z\u0131mpara makinalar\u0131 imalat\u0131 ile makine imalat sekt\u00f6r\u00fcne ad\u0131m atm\u0131\u015f, 1974 y\u0131l\u0131ndan itibaren z\u0131mpara ta\u015f motorlar\u0131 ile imalat\u0131n\u0131 geli\u015ftirmi\u015ftir. Y\u0131ll\u0131k tecr\u00fcbe 0 + \u00dclkede ihracat 0 + \u015eirketimizin Kurulu\u015f Hikayesi FEN-\u0130\u015e MAK\u0130NA, 1970 y\u0131l\u0131nda Durmu\u015f AKKU\u015e taraf\u0131ndan marangoz z\u0131mpara makinalar\u0131 imalat\u0131 ile makine imalat [&hellip;]<\/p>","protected":false},"author":1,"featured_media":0,"parent":0,"menu_order":0,"comment_status":"closed","ping_status":"closed","template":"","meta":{"footnotes":""},"class_list":["post-102","page","type-page","status-publish","hentry"],"_links":{"self":[{"href":"https:\/\/fenismakina.com\/en\/wp-json\/wp\/v2\/pages\/102","targetHints":{"allow":["GET"]}}],"collection":[{"href":"https:\/\/fenismakina.com\/en\/wp-json\/wp\/v2\/pages"}],"about":[{"href":"https:\/\/fenismakina.com\/en\/wp-json\/wp\/v2\/types\/page"}],"author":[{"embeddable":true,"href":"https:\/\/fenismakina.com\/en\/wp-json\/wp\/v2\/users\/1"}],"replies":[{"embeddable":true,"href":"https:\/\/fenismakina.com\/en\/wp-json\/wp\/v2\/comments?post=102"}],"version-history":[{"count":82,"href":"https:\/\/fenismakina.com\/en\/wp-json\/wp\/v2\/pages\/102\/revisions"}],"predecessor-version":[{"id":4044,"href":"https:\/\/fenismakina.com\/en\/wp-json\/wp\/v2\/pages\/102\/revisions\/4044"}],"wp:attachment":[{"href":"https:\/\/fenismakina.com\/en\/wp-json\/wp\/v2\/media?parent=102"}],"curies":[{"name":"wp","href":"https:\/\/api.w.org\/{rel}","templated":true}]}}