{"id":1000,"date":"2024-03-18T14:38:46","date_gmt":"2024-03-18T11:38:46","guid":{"rendered":"https:\/\/peronmedya.com\/fenis\/?page_id=1000"},"modified":"2024-11-16T08:25:57","modified_gmt":"2024-11-16T05:25:57","slug":"fn-770fr-otomatik-kopya-freze-makinesi-3-eksen","status":"publish","type":"page","link":"https:\/\/fenismakina.com\/en\/urunler\/fn-770fr-otomatik-kopya-freze-makinesi-3-eksen\/","title":{"rendered":"FN 770FR Automatic Copy Router Machine (3 axis)"},"content":{"rendered":"<div data-elementor-type=\"wp-page\" data-elementor-id=\"1000\" class=\"elementor elementor-1000\" data-elementor-post-type=\"page\">\n\t\t\t\t<div class=\"elementor-element elementor-element-2a2e237 e-flex e-con-boxed e-con e-parent\" data-id=\"2a2e237\" data-element_type=\"container\" data-settings=\"{&quot;background_background&quot;:&quot;classic&quot;}\">\n\t\t\t\t\t<div class=\"e-con-inner\">\n\t\t\t\t<div class=\"elementor-element elementor-element-a0ed36c elementor-widget elementor-widget-heading\" data-id=\"a0ed36c\" data-element_type=\"widget\" data-settings=\"{&quot;motion_fx_motion_fx_scrolling&quot;:&quot;yes&quot;,&quot;motion_fx_scale_effect&quot;:&quot;yes&quot;,&quot;motion_fx_scale_range&quot;:{&quot;unit&quot;:&quot;%&quot;,&quot;size&quot;:&quot;&quot;,&quot;sizes&quot;:{&quot;start&quot;:50,&quot;end&quot;:100}},&quot;motion_fx_scale_direction&quot;:&quot;out-in&quot;,&quot;motion_fx_scale_speed&quot;:{&quot;unit&quot;:&quot;px&quot;,&quot;size&quot;:4,&quot;sizes&quot;:[]},&quot;motion_fx_devices&quot;:[&quot;desktop&quot;,&quot;tablet&quot;,&quot;mobile&quot;]}\" data-widget_type=\"heading.default\">\n\t\t\t\t<div class=\"elementor-widget-container\">\n\t\t\t\t\t<h2 class=\"elementor-heading-title elementor-size-default\">FN 770FR<\/h2>\t\t\t\t<\/div>\n\t\t\t\t<\/div>\n\t\t\t\t<div class=\"elementor-element elementor-element-30b7146 elementor-widget elementor-widget-image\" data-id=\"30b7146\" data-element_type=\"widget\" data-settings=\"{&quot;motion_fx_motion_fx_scrolling&quot;:&quot;yes&quot;,&quot;motion_fx_scale_effect&quot;:&quot;yes&quot;,&quot;motion_fx_scale_direction&quot;:&quot;out-in&quot;,&quot;motion_fx_scale_speed&quot;:{&quot;unit&quot;:&quot;px&quot;,&quot;size&quot;:4,&quot;sizes&quot;:[]},&quot;motion_fx_scale_range&quot;:{&quot;unit&quot;:&quot;%&quot;,&quot;size&quot;:&quot;&quot;,&quot;sizes&quot;:{&quot;start&quot;:20,&quot;end&quot;:80}},&quot;motion_fx_devices&quot;:[&quot;desktop&quot;,&quot;tablet&quot;,&quot;mobile&quot;]}\" data-widget_type=\"image.default\">\n\t\t\t\t<div class=\"elementor-widget-container\">\n\t\t\t\t\t\t\t\t\t\t\t\t\t\t\t<img fetchpriority=\"high\" decoding=\"async\" width=\"800\" height=\"875\" src=\"https:\/\/fenismakina.com\/wp-content\/uploads\/2024\/03\/FN-770FR.png\" class=\"attachment-large size-large wp-image-1176\" alt=\"\" srcset=\"https:\/\/fenismakina.com\/wp-content\/uploads\/2024\/03\/FN-770FR.png 854w, https:\/\/fenismakina.com\/wp-content\/uploads\/2024\/03\/FN-770FR-274x300.png 274w, https:\/\/fenismakina.com\/wp-content\/uploads\/2024\/03\/FN-770FR-768x840.png 768w, https:\/\/fenismakina.com\/wp-content\/uploads\/2024\/03\/FN-770FR-300x328.png 300w, https:\/\/fenismakina.com\/wp-content\/uploads\/2024\/03\/FN-770FR-600x656.png 600w\" sizes=\"(max-width: 800px) 100vw, 800px\" \/>\t\t\t\t\t\t\t\t\t\t\t\t\t\t\t<\/div>\n\t\t\t\t<\/div>\n\t\t\t\t<div class=\"elementor-element elementor-element-886894a elementor-widget__width-initial elementor-widget-mobile__width-inherit elementor-widget elementor-widget-text-editor\" data-id=\"886894a\" data-element_type=\"widget\" data-widget_type=\"text-editor.default\">\n\t\t\t\t<div class=\"elementor-widget-container\">\n\t\t\t\t\t\t\t\t\t<p>FN 770FR, used for locks, handles, hinges, \n espagnolette holes, latch slots, and water drain \n slot opening processes with rotating the profile on \n 3 surfaces of aluminum and plastic profiles.<\/p>\t\t\t\t\t\t\t\t<\/div>\n\t\t\t\t<\/div>\n\t\t\t\t\t<\/div>\n\t\t\t\t<\/div>\n\t\t<div class=\"elementor-element elementor-element-97535ce e-flex e-con-boxed e-con e-parent\" data-id=\"97535ce\" data-element_type=\"container\" data-settings=\"{&quot;background_background&quot;:&quot;classic&quot;}\">\n\t\t\t\t\t<div class=\"e-con-inner\">\n\t\t<div class=\"elementor-element elementor-element-b1de1bf e-con-full e-flex e-con e-child\" data-id=\"b1de1bf\" data-element_type=\"container\">\n\t\t\t\t<div class=\"elementor-element elementor-element-b63a99a elementor-widget elementor-widget-heading\" data-id=\"b63a99a\" data-element_type=\"widget\" data-widget_type=\"heading.default\">\n\t\t\t\t<div class=\"elementor-widget-container\">\n\t\t\t\t\t<h3 class=\"elementor-heading-title elementor-size-default\">Features<\/h3>\t\t\t\t<\/div>\n\t\t\t\t<\/div>\n\t\t\t\t<div class=\"elementor-element elementor-element-92a58ef elementor-widget-divider--view-line elementor-widget elementor-widget-divider\" data-id=\"92a58ef\" data-element_type=\"widget\" data-widget_type=\"divider.default\">\n\t\t\t\t<div class=\"elementor-widget-container\">\n\t\t\t\t\t\t\t<div class=\"elementor-divider\">\n\t\t\t<span class=\"elementor-divider-separator\">\n\t\t\t\t\t\t<\/span>\n\t\t<\/div>\n\t\t\t\t\t\t<\/div>\n\t\t\t\t<\/div>\n\t\t\t\t<div class=\"elementor-element elementor-element-c896dd6 elementor-widget elementor-widget-text-editor\" data-id=\"c896dd6\" data-element_type=\"widget\" data-widget_type=\"text-editor.default\">\n\t\t\t\t<div class=\"elementor-widget-container\">\n\t\t\t\t\t\t\t\t\t<p>\u2022 Adjustable motor speed thnaks to spindle copy \n router motor<br \/>\u2022 The materials hold by pneumatic clamps mounted on a tilting support can be automatically tilted on any positions, between -90\u00b0 and +90\u00b0<br \/>\u2022 Equipped with strong table brake system to stop \n the turning table and machining the profile in any \n angle between -90\u00b0 and +90\u00b0<br \/>\u2022 Ease tool changing system<br \/>\u2022 Smooth movement, high precision and great \n sensitivity provided with gas spring and ergonomic handles<br \/>\u2022 Cooling system<br \/>\u2022 Copy assembly matching the process<br \/>\u2022 Ability to open various channels independently of \n the copy assembly with profile gauges<br \/>\u2022 Roller support table at the right (with ruller) and left side<\/p>\t\t\t\t\t\t\t\t<\/div>\n\t\t\t\t<\/div>\n\t\t\t\t<\/div>\n\t\t<div class=\"elementor-element elementor-element-f0abd7a e-con-full e-flex e-con e-child\" data-id=\"f0abd7a\" data-element_type=\"container\">\n\t\t\t\t<div class=\"elementor-element elementor-element-762d25a elementor-widget elementor-widget-heading\" data-id=\"762d25a\" data-element_type=\"widget\" data-widget_type=\"heading.default\">\n\t\t\t\t<div class=\"elementor-widget-container\">\n\t\t\t\t\t<h3 class=\"elementor-heading-title elementor-size-default\">Standard Equipments<\/h3>\t\t\t\t<\/div>\n\t\t\t\t<\/div>\n\t\t\t\t<div class=\"elementor-element elementor-element-853f5da elementor-widget-divider--view-line elementor-widget elementor-widget-divider\" data-id=\"853f5da\" data-element_type=\"widget\" data-widget_type=\"divider.default\">\n\t\t\t\t<div class=\"elementor-widget-container\">\n\t\t\t\t\t\t\t<div class=\"elementor-divider\">\n\t\t\t<span class=\"elementor-divider-separator\">\n\t\t\t\t\t\t<\/span>\n\t\t<\/div>\n\t\t\t\t\t\t<\/div>\n\t\t\t\t<\/div>\n\t\t\t\t<div class=\"elementor-element elementor-element-f82677a elementor-widget elementor-widget-text-editor\" data-id=\"f82677a\" data-element_type=\"widget\" data-widget_type=\"text-editor.default\">\n\t\t\t\t<div class=\"elementor-widget-container\">\n\t\t\t\t\t\t\t\t\t<div class=\"page\" title=\"\u2022 \u00d8250 mm saw blade\"><div class=\"section\"><div class=\"layoutArea\"><div class=\"column\"><p>\u2022 5mm milling cutter (1 pcs)<br \/>\u2022 Right and left profile gauge<br \/>\u2022 Cooling system<br \/>\u2022 Copy template aquipped with machine<br \/>\u2022 4x pneumatic horizontal clamps<br \/>\u2022 Air gun<\/p><\/div><\/div><\/div><\/div>\t\t\t\t\t\t\t\t<\/div>\n\t\t\t\t<\/div>\n\t\t\t\t<div class=\"elementor-element elementor-element-d3a001f elementor-widget elementor-widget-heading\" data-id=\"d3a001f\" data-element_type=\"widget\" data-widget_type=\"heading.default\">\n\t\t\t\t<div class=\"elementor-widget-container\">\n\t\t\t\t\t<h3 class=\"elementor-heading-title elementor-size-default\">Optional Equipments<\/h3>\t\t\t\t<\/div>\n\t\t\t\t<\/div>\n\t\t\t\t<div class=\"elementor-element elementor-element-e866f91 elementor-widget-divider--view-line elementor-widget elementor-widget-divider\" data-id=\"e866f91\" data-element_type=\"widget\" data-widget_type=\"divider.default\">\n\t\t\t\t<div class=\"elementor-widget-container\">\n\t\t\t\t\t\t\t<div class=\"elementor-divider\">\n\t\t\t<span class=\"elementor-divider-separator\">\n\t\t\t\t\t\t<\/span>\n\t\t<\/div>\n\t\t\t\t\t\t<\/div>\n\t\t\t\t<\/div>\n\t\t\t\t<div class=\"elementor-element elementor-element-caee548 elementor-widget elementor-widget-text-editor\" data-id=\"caee548\" data-element_type=\"widget\" data-widget_type=\"text-editor.default\">\n\t\t\t\t<div class=\"elementor-widget-container\">\n\t\t\t\t\t\t\t\t\t<div class=\"page\" title=\"\u2022 \u00d8250 mm saw blade\"><div class=\"section\"><div class=\"layoutArea\"><div class=\"column\"><p>\u2022 Additional milling cutter<br \/>\u2022 Special copy assembly<\/p><\/div><\/div><\/div><\/div>\t\t\t\t\t\t\t\t<\/div>\n\t\t\t\t<\/div>\n\t\t\t\t<\/div>\n\t\t\t\t\t<\/div>\n\t\t\t\t<\/div>\n\t\t<div class=\"elementor-element elementor-element-8a71cf0 e-flex e-con-boxed e-con e-parent\" data-id=\"8a71cf0\" data-element_type=\"container\" data-settings=\"{&quot;background_background&quot;:&quot;classic&quot;}\">\n\t\t\t\t\t<div class=\"e-con-inner\">\n\t\t\t\t<div class=\"elementor-element elementor-element-a84355d elementor-position-left elementor-view-default elementor-mobile-position-top elementor-invisible elementor-widget elementor-widget-icon-box\" data-id=\"a84355d\" data-element_type=\"widget\" data-settings=\"{&quot;_animation&quot;:&quot;pulse&quot;}\" data-widget_type=\"icon-box.default\">\n\t\t\t\t<div class=\"elementor-widget-container\">\n\t\t\t\t\t\t\t<div class=\"elementor-icon-box-wrapper\">\n\n\t\t\t\t\t\t<div class=\"elementor-icon-box-icon\">\n\t\t\t\t<span  class=\"elementor-icon\">\n\t\t\t\t<svg xmlns=\"http:\/\/www.w3.org\/2000\/svg\" id=\"Layer_1\" data-name=\"Layer 1\" viewbox=\"0 0 24 24\" width=\"512\" height=\"512\"><path d=\"M12,20c-.534,0-1.036-.208-1.414-.586l-5.281-5.281,1.414-1.414,5.281,5.281,5.281-5.281,1.414,1.414-5.281,5.281c-.378,.378-.88,.586-1.414,.586Zm.825-7.001l5.871-5.871-1.414-1.414-5.281,5.282L6.719,5.714l-1.414,1.414,5.873,5.874c.227,.225,.523,.337,.821,.337s.598-.113,.826-.34Z\"><\/path><\/svg>\t\t\t\t<\/span>\n\t\t\t<\/div>\n\t\t\t\n\t\t\t\t\t\t<div class=\"elementor-icon-box-content\">\n\n\t\t\t\t\t\t\t\t\t<h3 class=\"elementor-icon-box-title\">\n\t\t\t\t\t\t<span  >\n\t\t\t\t\t\t\tClick to watch the video\t\t\t\t\t\t<\/span>\n\t\t\t\t\t<\/h3>\n\t\t\t\t\n\t\t\t\t\n\t\t\t<\/div>\n\t\t\t\n\t\t<\/div>\n\t\t\t\t\t\t<\/div>\n\t\t\t\t<\/div>\n\t\t\t\t\t<\/div>\n\t\t\t\t<\/div>\n\t\t<div class=\"elementor-element elementor-element-c1b8711 e-con-full e-flex e-con e-parent\" data-id=\"c1b8711\" data-element_type=\"container\" data-settings=\"{&quot;background_background&quot;:&quot;classic&quot;}\">\n\t\t\t\t<div class=\"elementor-element elementor-element-b4ce39f elementor-view-default elementor-widget elementor-widget-icon\" data-id=\"b4ce39f\" data-element_type=\"widget\" data-widget_type=\"icon.default\">\n\t\t\t\t<div class=\"elementor-widget-container\">\n\t\t\t\t\t\t\t<div class=\"elementor-icon-wrapper\">\n\t\t\t<a class=\"elementor-icon\" href=\"#elementor-action%3Aaction%3Dlightbox%26settings%3DeyJ0eXBlIjoidmlkZW8iLCJ2aWRlb1R5cGUiOiJob3N0ZWQiLCJ1cmwiOiJodHRwczpcL1wvZmVuaXNtYWtpbmEuY29tXC93cC1jb250ZW50XC91cGxvYWRzXC8yMDI0XC8xMFwveTJtYXRlLmNvbS1GTi03NzBGUi1BdXRvbWF0aWMtQ29weS1Sb3V0ZXItTWFjaGluZS0zLWF4aXMtRmVuaXMtTWFjaGluZXJ5X3Y3MjBQLm1wNCJ9\">\n\t\t\t<svg aria-hidden=\"true\" class=\"e-font-icon-svg e-fas-play-circle\" viewbox=\"0 0 512 512\" xmlns=\"http:\/\/www.w3.org\/2000\/svg\"><path d=\"M256 8C119 8 8 119 8 256s111 248 248 248 248-111 248-248S393 8 256 8zm115.7 272l-176 101c-15.8 8.8-35.7-2.5-35.7-21V152c0-18.4 19.8-29.8 35.7-21l176 107c16.4 9.2 16.4 32.9 0 42z\"><\/path><\/svg>\t\t\t<\/a>\n\t\t<\/div>\n\t\t\t\t\t\t<\/div>\n\t\t\t\t<\/div>\n\t\t\t\t<\/div>\n\t\t<div class=\"elementor-element elementor-element-1b98418 e-flex e-con-boxed e-con e-parent\" data-id=\"1b98418\" data-element_type=\"container\" data-settings=\"{&quot;background_background&quot;:&quot;classic&quot;}\">\n\t\t\t\t\t<div class=\"e-con-inner\">\n\t\t\t\t<div class=\"elementor-element elementor-element-63f86dd elementor-widget elementor-widget-heading\" data-id=\"63f86dd\" data-element_type=\"widget\" data-widget_type=\"heading.default\">\n\t\t\t\t<div class=\"elementor-widget-container\">\n\t\t\t\t\t<h2 class=\"elementor-heading-title elementor-size-default\">Technical Specifications<\/h2>\t\t\t\t<\/div>\n\t\t\t\t<\/div>\n\t\t\t\t\t<\/div>\n\t\t\t\t<\/div>\n\t\t<div class=\"elementor-element elementor-element-e7e751b e-grid e-con-boxed e-con e-parent\" data-id=\"e7e751b\" data-element_type=\"container\" data-settings=\"{&quot;background_background&quot;:&quot;classic&quot;}\">\n\t\t\t\t\t<div class=\"e-con-inner\">\n\t\t<div class=\"elementor-element elementor-element-1490c2b e-con-full e-flex e-con e-child\" data-id=\"1490c2b\" data-element_type=\"container\" data-settings=\"{&quot;background_background&quot;:&quot;classic&quot;}\">\n\t\t\t\t<div class=\"elementor-element elementor-element-08aa393 elementor-widget elementor-widget-image\" data-id=\"08aa393\" data-element_type=\"widget\" data-widget_type=\"image.default\">\n\t\t\t\t<div class=\"elementor-widget-container\">\n\t\t\t\t\t\t\t\t\t\t\t\t\t\t\t<img decoding=\"async\" width=\"300\" height=\"219\" src=\"https:\/\/fenismakina.com\/wp-content\/uploads\/2024\/03\/Varlik-2-3-300x219.png\" class=\"attachment-medium size-medium wp-image-831\" alt=\"\" srcset=\"https:\/\/fenismakina.com\/wp-content\/uploads\/2024\/03\/Varlik-2-3-300x219.png 300w, https:\/\/fenismakina.com\/wp-content\/uploads\/2024\/03\/Varlik-2-3.png 313w\" sizes=\"(max-width: 300px) 100vw, 300px\" \/>\t\t\t\t\t\t\t\t\t\t\t\t\t\t\t<\/div>\n\t\t\t\t<\/div>\n\t\t\t\t<div class=\"elementor-element elementor-element-08d9431 elementor-widget elementor-widget-text-editor\" data-id=\"08d9431\" data-element_type=\"widget\" data-widget_type=\"text-editor.default\">\n\t\t\t\t<div class=\"elementor-widget-container\">\n\t\t\t\t\t\t\t\t\t<p>HP 3<br \/>kW 2,2<br \/>n 18.000 r.p.m<br \/>V 220-240<br \/>Hz 300<br \/>A 6.7<\/p>\t\t\t\t\t\t\t\t<\/div>\n\t\t\t\t<\/div>\n\t\t\t\t<\/div>\n\t\t<div class=\"elementor-element elementor-element-a360786 e-flex e-con-boxed e-con e-child\" data-id=\"a360786\" data-element_type=\"container\" data-settings=\"{&quot;background_background&quot;:&quot;classic&quot;}\">\n\t\t\t\t\t<div class=\"e-con-inner\">\n\t\t\t\t<div class=\"elementor-element elementor-element-d8c2002 elementor-widget elementor-widget-image\" data-id=\"d8c2002\" data-element_type=\"widget\" data-widget_type=\"image.default\">\n\t\t\t\t<div class=\"elementor-widget-container\">\n\t\t\t\t\t\t\t\t\t\t\t\t\t\t\t<img decoding=\"async\" width=\"300\" height=\"285\" src=\"https:\/\/fenismakina.com\/wp-content\/uploads\/2024\/03\/Varlik-2-2.png\" class=\"attachment-medium size-medium wp-image-816\" alt=\"\" \/>\t\t\t\t\t\t\t\t\t\t\t\t\t\t\t<\/div>\n\t\t\t\t<\/div>\n\t\t\t\t<div class=\"elementor-element elementor-element-591a424 elementor-widget elementor-widget-text-editor\" data-id=\"591a424\" data-element_type=\"widget\" data-widget_type=\"text-editor.default\">\n\t\t\t\t<div class=\"elementor-widget-container\">\n\t\t\t\t\t\t\t\t\t<p>x 585 mm<br \/>y 300 mm<br \/>z 250 mm<\/p>\t\t\t\t\t\t\t\t<\/div>\n\t\t\t\t<\/div>\n\t\t\t\t\t<\/div>\n\t\t\t\t<\/div>\n\t\t<div class=\"elementor-element elementor-element-4dc41fa e-flex e-con-boxed e-con e-child\" data-id=\"4dc41fa\" data-element_type=\"container\" data-settings=\"{&quot;background_background&quot;:&quot;classic&quot;}\">\n\t\t\t\t\t<div class=\"e-con-inner\">\n\t\t\t\t<div class=\"elementor-element elementor-element-4525af2 elementor-widget elementor-widget-image\" data-id=\"4525af2\" data-element_type=\"widget\" data-widget_type=\"image.default\">\n\t\t\t\t<div class=\"elementor-widget-container\">\n\t\t\t\t\t\t\t\t\t\t\t\t\t\t\t<img loading=\"lazy\" decoding=\"async\" width=\"300\" height=\"300\" src=\"https:\/\/fenismakina.com\/wp-content\/uploads\/2024\/03\/Varlik-2-1.png\" class=\"attachment-medium size-medium wp-image-814\" alt=\"\" srcset=\"https:\/\/fenismakina.com\/wp-content\/uploads\/2024\/03\/Varlik-2-1.png 301w, https:\/\/fenismakina.com\/wp-content\/uploads\/2024\/03\/Varlik-2-1-150x150.png 150w, https:\/\/fenismakina.com\/wp-content\/uploads\/2024\/03\/Varlik-2-1-100x100.png 100w\" sizes=\"(max-width: 300px) 100vw, 300px\" \/>\t\t\t\t\t\t\t\t\t\t\t\t\t\t\t<\/div>\n\t\t\t\t<\/div>\n\t\t\t\t<div class=\"elementor-element elementor-element-fa8003e elementor-widget elementor-widget-text-editor\" data-id=\"fa8003e\" data-element_type=\"widget\" data-widget_type=\"text-editor.default\">\n\t\t\t\t<div class=\"elementor-widget-container\">\n\t\t\t\t\t\t\t\t\t<div class=\"page\" title=\"\u2022 \u00d8250 mm saw blade\"><div class=\"section\"><div class=\"layoutArea\"><div class=\"column\"><p>6 &#8211; 8 BAR<\/p><\/div><\/div><\/div><\/div>\t\t\t\t\t\t\t\t<\/div>\n\t\t\t\t<\/div>\n\t\t\t\t\t<\/div>\n\t\t\t\t<\/div>\n\t\t<div class=\"elementor-element elementor-element-863cb49 e-flex e-con-boxed e-con e-child\" data-id=\"863cb49\" data-element_type=\"container\" data-settings=\"{&quot;background_background&quot;:&quot;classic&quot;}\">\n\t\t\t\t\t<div class=\"e-con-inner\">\n\t\t\t\t<div class=\"elementor-element elementor-element-7359392 elementor-widget-mobile__width-inherit elementor-widget elementor-widget-image\" data-id=\"7359392\" data-element_type=\"widget\" data-widget_type=\"image.default\">\n\t\t\t\t<div class=\"elementor-widget-container\">\n\t\t\t\t\t\t\t\t\t\t\t\t\t\t\t<img loading=\"lazy\" decoding=\"async\" width=\"128\" height=\"128\" src=\"https:\/\/fenismakina.com\/wp-content\/uploads\/2024\/09\/Adsiz-tasarim-9.png\" class=\"attachment-medium size-medium wp-image-3464\" alt=\"\" srcset=\"https:\/\/fenismakina.com\/wp-content\/uploads\/2024\/09\/Adsiz-tasarim-9.png 128w, https:\/\/fenismakina.com\/wp-content\/uploads\/2024\/09\/Adsiz-tasarim-9-12x12.png 12w\" sizes=\"(max-width: 128px) 100vw, 128px\" \/>\t\t\t\t\t\t\t\t\t\t\t\t\t\t\t<\/div>\n\t\t\t\t<\/div>\n\t\t\t\t<div class=\"elementor-element elementor-element-0444b1e elementor-widget elementor-widget-text-editor\" data-id=\"0444b1e\" data-element_type=\"widget\" data-widget_type=\"text-editor.default\">\n\t\t\t\t<div class=\"elementor-widget-container\">\n\t\t\t\t\t\t\t\t\t<div class=\"page\" title=\"\u2022 \u00d8250 mm saw blade\"><div class=\"section\"><div class=\"layoutArea\"><div class=\"column\"><p>1450x1400x1800mm<\/p><\/div><\/div><\/div><\/div>\t\t\t\t\t\t\t\t<\/div>\n\t\t\t\t<\/div>\n\t\t\t\t\t<\/div>\n\t\t\t\t<\/div>\n\t\t<div class=\"elementor-element elementor-element-1a679e1 e-flex e-con-boxed e-con e-child\" data-id=\"1a679e1\" data-element_type=\"container\" data-settings=\"{&quot;background_background&quot;:&quot;classic&quot;}\">\n\t\t\t\t\t<div class=\"e-con-inner\">\n\t\t\t\t<div class=\"elementor-element elementor-element-4cf2149 elementor-widget-mobile__width-inherit elementor-widget elementor-widget-image\" data-id=\"4cf2149\" data-element_type=\"widget\" data-widget_type=\"image.default\">\n\t\t\t\t<div class=\"elementor-widget-container\">\n\t\t\t\t\t\t\t\t\t\t\t\t\t\t\t<img loading=\"lazy\" decoding=\"async\" width=\"128\" height=\"128\" src=\"https:\/\/fenismakina.com\/wp-content\/uploads\/2024\/09\/Adsiz-tasarim-8.png\" class=\"attachment-medium size-medium wp-image-3463\" alt=\"\" srcset=\"https:\/\/fenismakina.com\/wp-content\/uploads\/2024\/09\/Adsiz-tasarim-8.png 128w, https:\/\/fenismakina.com\/wp-content\/uploads\/2024\/09\/Adsiz-tasarim-8-12x12.png 12w\" sizes=\"(max-width: 128px) 100vw, 128px\" \/>\t\t\t\t\t\t\t\t\t\t\t\t\t\t\t<\/div>\n\t\t\t\t<\/div>\n\t\t\t\t<div class=\"elementor-element elementor-element-af37c9f elementor-widget elementor-widget-text-editor\" data-id=\"af37c9f\" data-element_type=\"widget\" data-widget_type=\"text-editor.default\">\n\t\t\t\t<div class=\"elementor-widget-container\">\n\t\t\t\t\t\t\t\t\t<div class=\"page\" title=\"\u2022 \u00d8250 mm saw blade\"><div class=\"section\"><div class=\"layoutArea\"><div class=\"column\"><p>300 kg \/ 350 kg<\/p><\/div><\/div><\/div><\/div>\t\t\t\t\t\t\t\t<\/div>\n\t\t\t\t<\/div>\n\t\t\t\t\t<\/div>\n\t\t\t\t<\/div>\n\t\t\t\t\t<\/div>\n\t\t\t\t<\/div>\n\t\t\t\t<\/div>","protected":false},"excerpt":{"rendered":"<p>FN 770FR FN 770FR, al\u00fcminyum ve plastik profillere 3 y\u00fczeyinde kilit, kol yeri, mente\u015fe, ispanyolet yuvalar\u0131 ve kanal a\u00e7ma gibi bir \u00e7ok frezeleme ve delik delme i\u015flemleri i\u00e7in kullan\u0131l\u0131r. \u00d6zellikler \u2022 Motor h\u0131z\u0131 ayarlanabilir spindle kopya freze motoru\u2022 Pn\u00f6matik mengenelerle sabitlenen malzemenin -90\u00b0 ve +90\u00b0 aras\u0131nda hareket kabiliyeti ile 3 y\u00fczeyinde hassas operasyon imkan\u0131\u2022-90\u00b0 ve [&hellip;]<\/p>","protected":false},"author":1,"featured_media":0,"parent":671,"menu_order":0,"comment_status":"closed","ping_status":"closed","template":"","meta":{"footnotes":""},"class_list":["post-1000","page","type-page","status-publish","hentry"],"_links":{"self":[{"href":"https:\/\/fenismakina.com\/en\/wp-json\/wp\/v2\/pages\/1000","targetHints":{"allow":["GET"]}}],"collection":[{"href":"https:\/\/fenismakina.com\/en\/wp-json\/wp\/v2\/pages"}],"about":[{"href":"https:\/\/fenismakina.com\/en\/wp-json\/wp\/v2\/types\/page"}],"author":[{"embeddable":true,"href":"https:\/\/fenismakina.com\/en\/wp-json\/wp\/v2\/users\/1"}],"replies":[{"embeddable":true,"href":"https:\/\/fenismakina.com\/en\/wp-json\/wp\/v2\/comments?post=1000"}],"version-history":[{"count":49,"href":"https:\/\/fenismakina.com\/en\/wp-json\/wp\/v2\/pages\/1000\/revisions"}],"predecessor-version":[{"id":4731,"href":"https:\/\/fenismakina.com\/en\/wp-json\/wp\/v2\/pages\/1000\/revisions\/4731"}],"up":[{"embeddable":true,"href":"https:\/\/fenismakina.com\/en\/wp-json\/wp\/v2\/pages\/671"}],"wp:attachment":[{"href":"https:\/\/fenismakina.com\/en\/wp-json\/wp\/v2\/media?parent=1000"}],"curies":[{"name":"wp","href":"https:\/\/api.w.org\/{rel}","templated":true}]}}